{"id":5488,"date":"2025-09-24T19:36:33","date_gmt":"2025-09-24T19:36:33","guid":{"rendered":"https:\/\/modest-napier.216-250-124-103.plesk.page\/index.php\/producto\/crema-de-camote-silvestre-c-120g-margarita-naturalmente\/"},"modified":"2025-09-24T20:44:45","modified_gmt":"2025-09-24T20:44:45","slug":"crema-de-camote-silvestre-c-120g-margarita-naturalmente","status":"publish","type":"product","link":"https:\/\/modest-napier.216-250-124-103.plesk.page\/index.php\/producto\/crema-de-camote-silvestre-c-120g-margarita-naturalmente\/","title":{"rendered":"Crema Camote Silvestre 120g Margarita Naturalmente"},"content":{"rendered":"<p data-mce-fragment=\"1\"><strong data-mce-fragment=\"1\">Descripci\u00f3n:<\/strong><\/p>\n<p data-mce-fragment=\"1\"><span data-mce-fragment=\"1\">El <em>camote silvestre<\/em> es una de las fuentes naturales m\u00e1s ricas en fitoestr\u00f3genos, sustancias vegetales que act\u00faan como Progesterona Natural y sin ser hormonas, sirven a nuestro organismo como TRH (Terapia de Restituci\u00f3n Hormonal), sin efectos secundarios. La <strong>crema de camote silvestre<\/strong> es a<\/span><span data-mce-fragment=\"1\">uxiliar en el tratamiento de la menopausia, tratamiento de quistes y miomas.<\/span><\/p>\n<p data-mce-fragment=\"1\"><strong data-mce-fragment=\"1\">Modo de uso:<\/strong><\/p>\n<p data-mce-fragment=\"1\"><span>Mujeres: distribuir media cucharadita de crema en el pecho, vientre, entre piernas y palmas de las manos durante 21 d\u00edas.<\/span><\/p>\n<p data-mce-fragment=\"1\"><strong data-mce-fragment=\"1\">Contenido:<\/strong><\/p>\n<p data-mce-fragment=\"1\">120 g.<\/p>\n","protected":false},"excerpt":{"rendered":"<p>Descripci\u00f3n: El camote silvestre es una de las fuentes naturales m\u00e1s ricas en fitoestr\u00f3genos, sustancias vegetales que act\u00faan como Progesterona Natural y sin ser hormonas, sirven a nuestro organismo como [&hellip;]<\/p>\n","protected":false},"featured_media":2003,"comment_status":"open","ping_status":"closed","template":"","meta":[],"product_brand":[524],"product_cat":[337,318,329],"product_tag":[189],"class_list":{"0":"post-5488","1":"product","2":"type-product","3":"status-publish","4":"has-post-thumbnail","6":"product_brand-margarita-natural","7":"product_cat-productos","8":"product_cat-salud","9":"product_cat-suplementos-para-la-mujer","10":"product_tag-camote-silvestre","12":"first","13":"instock","14":"shipping-taxable","15":"purchasable","16":"product-type-simple"},"_links":{"self":[{"href":"https:\/\/modest-napier.216-250-124-103.plesk.page\/index.php\/wp-json\/wp\/v2\/product\/5488","targetHints":{"allow":["GET"]}}],"collection":[{"href":"https:\/\/modest-napier.216-250-124-103.plesk.page\/index.php\/wp-json\/wp\/v2\/product"}],"about":[{"href":"https:\/\/modest-napier.216-250-124-103.plesk.page\/index.php\/wp-json\/wp\/v2\/types\/product"}],"replies":[{"embeddable":true,"href":"https:\/\/modest-napier.216-250-124-103.plesk.page\/index.php\/wp-json\/wp\/v2\/comments?post=5488"}],"wp:featuredmedia":[{"embeddable":true,"href":"https:\/\/modest-napier.216-250-124-103.plesk.page\/index.php\/wp-json\/wp\/v2\/media\/2003"}],"wp:attachment":[{"href":"https:\/\/modest-napier.216-250-124-103.plesk.page\/index.php\/wp-json\/wp\/v2\/media?parent=5488"}],"wp:term":[{"taxonomy":"product_brand","embeddable":true,"href":"https:\/\/modest-napier.216-250-124-103.plesk.page\/index.php\/wp-json\/wp\/v2\/product_brand?post=5488"},{"taxonomy":"product_cat","embeddable":true,"href":"https:\/\/modest-napier.216-250-124-103.plesk.page\/index.php\/wp-json\/wp\/v2\/product_cat?post=5488"},{"taxonomy":"product_tag","embeddable":true,"href":"https:\/\/modest-napier.216-250-124-103.plesk.page\/index.php\/wp-json\/wp\/v2\/product_tag?post=5488"}],"curies":[{"name":"wp","href":"https:\/\/api.w.org\/{rel}","templated":true}]}}