{"id":5489,"date":"2025-09-24T19:36:35","date_gmt":"2025-09-24T19:36:35","guid":{"rendered":"https:\/\/modest-napier.216-250-124-103.plesk.page\/index.php\/producto\/crema-de-coco-150-gr-nolisan\/"},"modified":"2025-09-24T20:47:41","modified_gmt":"2025-09-24T20:47:41","slug":"crema-de-coco-150-gr-nolisan","status":"publish","type":"product","link":"https:\/\/modest-napier.216-250-124-103.plesk.page\/index.php\/producto\/crema-de-coco-150-gr-nolisan\/","title":{"rendered":"Crema de Coco 150 g Nolisan"},"content":{"rendered":"<p data-mce-fragment=\"1\"><strong data-mce-fragment=\"1\">Descripci\u00f3n:<\/strong><\/p>\n<p data-mce-fragment=\"1\">La <strong>crema facial con coco<\/strong> posee \u00e1cido l\u00e1urico, vitamina E\u00a0y\u00a0K, una combinaci\u00f3n de ingredientes ideales\u00a0que\u00a0humectan\u00a0los\u00a0tejidos de la\u00a0piel\u00a0de tu rostro\u00a0en\u00a0profundidad, favorecen la regeneraci\u00f3n celular de la misma\u00a0y\u00a0le proporcionan suavidad.<\/p>\n<p data-mce-fragment=\"1\"><strong data-mce-fragment=\"1\">Modo de uso:<\/strong><\/p>\n<p data-mce-fragment=\"1\"><span data-mce-fragment=\"1\">Aplicar en forma circular en el \u00e1rea deseada.<\/span><\/p>\n<p data-mce-fragment=\"1\"><strong data-mce-fragment=\"1\">Contenido:<\/strong><\/p>\n<p data-mce-fragment=\"1\">150 g.<\/p>\n","protected":false},"excerpt":{"rendered":"<p>Descripci\u00f3n: La crema facial con coco posee \u00e1cido l\u00e1urico, vitamina E\u00a0y\u00a0K, una combinaci\u00f3n de ingredientes ideales\u00a0que\u00a0humectan\u00a0los\u00a0tejidos de la\u00a0piel\u00a0de tu rostro\u00a0en\u00a0profundidad, favorecen la regeneraci\u00f3n celular de la misma\u00a0y\u00a0le proporcionan suavidad. Modo [&hellip;]<\/p>\n","protected":false},"featured_media":2004,"comment_status":"open","ping_status":"closed","template":"","meta":[],"product_brand":[368],"product_cat":[289,336,292,337],"product_tag":[40,41],"class_list":{"0":"post-5489","1":"product","2":"type-product","3":"status-publish","4":"has-post-thumbnail","6":"product_brand-nolisan","7":"product_cat-belleza","8":"product_cat-celebra-el-verano-","9":"product_cat-cremas-para-la-cara","10":"product_cat-productos","11":"product_tag-celebra-el-verano","12":"product_tag-coco","14":"first","15":"instock","16":"shipping-taxable","17":"purchasable","18":"product-type-simple"},"_links":{"self":[{"href":"https:\/\/modest-napier.216-250-124-103.plesk.page\/index.php\/wp-json\/wp\/v2\/product\/5489","targetHints":{"allow":["GET"]}}],"collection":[{"href":"https:\/\/modest-napier.216-250-124-103.plesk.page\/index.php\/wp-json\/wp\/v2\/product"}],"about":[{"href":"https:\/\/modest-napier.216-250-124-103.plesk.page\/index.php\/wp-json\/wp\/v2\/types\/product"}],"replies":[{"embeddable":true,"href":"https:\/\/modest-napier.216-250-124-103.plesk.page\/index.php\/wp-json\/wp\/v2\/comments?post=5489"}],"wp:featuredmedia":[{"embeddable":true,"href":"https:\/\/modest-napier.216-250-124-103.plesk.page\/index.php\/wp-json\/wp\/v2\/media\/2004"}],"wp:attachment":[{"href":"https:\/\/modest-napier.216-250-124-103.plesk.page\/index.php\/wp-json\/wp\/v2\/media?parent=5489"}],"wp:term":[{"taxonomy":"product_brand","embeddable":true,"href":"https:\/\/modest-napier.216-250-124-103.plesk.page\/index.php\/wp-json\/wp\/v2\/product_brand?post=5489"},{"taxonomy":"product_cat","embeddable":true,"href":"https:\/\/modest-napier.216-250-124-103.plesk.page\/index.php\/wp-json\/wp\/v2\/product_cat?post=5489"},{"taxonomy":"product_tag","embeddable":true,"href":"https:\/\/modest-napier.216-250-124-103.plesk.page\/index.php\/wp-json\/wp\/v2\/product_tag?post=5489"}],"curies":[{"name":"wp","href":"https:\/\/api.w.org\/{rel}","templated":true}]}}