{"id":5492,"date":"2025-09-24T19:36:39","date_gmt":"2025-09-24T19:36:39","guid":{"rendered":"https:\/\/modest-napier.216-250-124-103.plesk.page\/index.php\/producto\/crema-de-moringa-y-neem-150-gr-nolisan\/"},"modified":"2025-09-24T20:47:41","modified_gmt":"2025-09-24T20:47:41","slug":"crema-de-moringa-y-neem-150-gr-nolisan","status":"publish","type":"product","link":"https:\/\/modest-napier.216-250-124-103.plesk.page\/index.php\/producto\/crema-de-moringa-y-neem-150-gr-nolisan\/","title":{"rendered":"Crema de Moringa y Neem 150 g Nolisan"},"content":{"rendered":"<p data-mce-fragment=\"1\"><span data-mce-fragment=\"1\">La crema de moringa y neem contiene vitamina A, que ayuda a promover la renovaci\u00f3n de las c\u00e9lulas de la piel y vitamina E que ayuda a hidratar y combatir la sequedad. Contiene 30 antioxidantes conocidos, \u00fatiles contra el anti-envejecimiento. La <\/span>moringa\u00a0tiene\u00a0propiedades<span data-mce-fragment=\"1\"> asombrosas de limpieza y desintoxicaci\u00f3n en la piel.<a href=\"#more\"><\/a><\/span><\/p>\n","protected":false},"excerpt":{"rendered":"<p>La crema de moringa y neem contiene vitamina A, que ayuda a promover la renovaci\u00f3n de las c\u00e9lulas de la piel y vitamina E que ayuda a hidratar y combatir [&hellip;]<\/p>\n","protected":false},"featured_media":2008,"comment_status":"open","ping_status":"closed","template":"","meta":[],"product_brand":[368],"product_cat":[289,337],"product_tag":[],"class_list":{"0":"post-5492","1":"product","2":"type-product","3":"status-publish","4":"has-post-thumbnail","6":"product_brand-nolisan","7":"product_cat-belleza","8":"product_cat-productos","10":"first","11":"instock","12":"shipping-taxable","13":"purchasable","14":"product-type-simple"},"_links":{"self":[{"href":"https:\/\/modest-napier.216-250-124-103.plesk.page\/index.php\/wp-json\/wp\/v2\/product\/5492","targetHints":{"allow":["GET"]}}],"collection":[{"href":"https:\/\/modest-napier.216-250-124-103.plesk.page\/index.php\/wp-json\/wp\/v2\/product"}],"about":[{"href":"https:\/\/modest-napier.216-250-124-103.plesk.page\/index.php\/wp-json\/wp\/v2\/types\/product"}],"replies":[{"embeddable":true,"href":"https:\/\/modest-napier.216-250-124-103.plesk.page\/index.php\/wp-json\/wp\/v2\/comments?post=5492"}],"wp:featuredmedia":[{"embeddable":true,"href":"https:\/\/modest-napier.216-250-124-103.plesk.page\/index.php\/wp-json\/wp\/v2\/media\/2008"}],"wp:attachment":[{"href":"https:\/\/modest-napier.216-250-124-103.plesk.page\/index.php\/wp-json\/wp\/v2\/media?parent=5492"}],"wp:term":[{"taxonomy":"product_brand","embeddable":true,"href":"https:\/\/modest-napier.216-250-124-103.plesk.page\/index.php\/wp-json\/wp\/v2\/product_brand?post=5492"},{"taxonomy":"product_cat","embeddable":true,"href":"https:\/\/modest-napier.216-250-124-103.plesk.page\/index.php\/wp-json\/wp\/v2\/product_cat?post=5492"},{"taxonomy":"product_tag","embeddable":true,"href":"https:\/\/modest-napier.216-250-124-103.plesk.page\/index.php\/wp-json\/wp\/v2\/product_tag?post=5492"}],"curies":[{"name":"wp","href":"https:\/\/api.w.org\/{rel}","templated":true}]}}