{"id":5493,"date":"2025-09-24T19:36:40","date_gmt":"2025-09-24T19:36:40","guid":{"rendered":"https:\/\/modest-napier.216-250-124-103.plesk.page\/index.php\/producto\/crema-don-barbon-minoxidil-15-c-110-gr-natural-life\/"},"modified":"2025-09-24T20:44:07","modified_gmt":"2025-09-24T20:44:07","slug":"crema-don-barbon-minoxidil-15-c-110-gr-natural-life","status":"publish","type":"product","link":"https:\/\/modest-napier.216-250-124-103.plesk.page\/index.php\/producto\/crema-don-barbon-minoxidil-15-c-110-gr-natural-life\/","title":{"rendered":"Crema Don Barb\u00f3n Minoxidil 15% 110g Natural Life"},"content":{"rendered":"<p>La <strong>crema Don Barb\u00f3n con Minoxidil 15%<\/strong> es un producto revolucionario dise\u00f1ado para el cuidado y fortalecimiento del cabello masculino. Esta potente f\u00f3rmula combina los beneficios del minoxidil, la bergamota y la biotina para promover el crecimiento capilar, mejorar la salud del cuero cabelludo y prevenir la ca\u00edda del cabello. Su textura ligera y de r\u00e1pida absorci\u00f3n facilita su aplicaci\u00f3n y permite una f\u00e1cil integraci\u00f3n en la rutina diaria de cuidado personal.<\/p>\n","protected":false},"excerpt":{"rendered":"<p>La crema Don Barb\u00f3n con Minoxidil 15% es un producto revolucionario dise\u00f1ado para el cuidado y fortalecimiento del cabello masculino. Esta potente f\u00f3rmula combina los beneficios del minoxidil, la bergamota [&hellip;]<\/p>\n","protected":false},"featured_media":2009,"comment_status":"open","ping_status":"closed","template":"","meta":[],"product_brand":[345],"product_cat":[289,294,337],"product_tag":[30,73,68],"class_list":{"0":"post-5493","1":"product","2":"type-product","3":"status-publish","4":"has-post-thumbnail","6":"product_brand-natural-life","7":"product_cat-belleza","8":"product_cat-cuidado-de-la-barba","9":"product_cat-productos","10":"product_tag-bergamota","11":"product_tag-biotina","12":"product_tag-minoxidil","14":"first","15":"instock","16":"shipping-taxable","17":"purchasable","18":"product-type-simple"},"_links":{"self":[{"href":"https:\/\/modest-napier.216-250-124-103.plesk.page\/index.php\/wp-json\/wp\/v2\/product\/5493","targetHints":{"allow":["GET"]}}],"collection":[{"href":"https:\/\/modest-napier.216-250-124-103.plesk.page\/index.php\/wp-json\/wp\/v2\/product"}],"about":[{"href":"https:\/\/modest-napier.216-250-124-103.plesk.page\/index.php\/wp-json\/wp\/v2\/types\/product"}],"replies":[{"embeddable":true,"href":"https:\/\/modest-napier.216-250-124-103.plesk.page\/index.php\/wp-json\/wp\/v2\/comments?post=5493"}],"wp:featuredmedia":[{"embeddable":true,"href":"https:\/\/modest-napier.216-250-124-103.plesk.page\/index.php\/wp-json\/wp\/v2\/media\/2009"}],"wp:attachment":[{"href":"https:\/\/modest-napier.216-250-124-103.plesk.page\/index.php\/wp-json\/wp\/v2\/media?parent=5493"}],"wp:term":[{"taxonomy":"product_brand","embeddable":true,"href":"https:\/\/modest-napier.216-250-124-103.plesk.page\/index.php\/wp-json\/wp\/v2\/product_brand?post=5493"},{"taxonomy":"product_cat","embeddable":true,"href":"https:\/\/modest-napier.216-250-124-103.plesk.page\/index.php\/wp-json\/wp\/v2\/product_cat?post=5493"},{"taxonomy":"product_tag","embeddable":true,"href":"https:\/\/modest-napier.216-250-124-103.plesk.page\/index.php\/wp-json\/wp\/v2\/product_tag?post=5493"}],"curies":[{"name":"wp","href":"https:\/\/api.w.org\/{rel}","templated":true}]}}