{"id":5497,"date":"2025-09-24T19:36:45","date_gmt":"2025-09-24T19:36:45","guid":{"rendered":"https:\/\/modest-napier.216-250-124-103.plesk.page\/index.php\/producto\/crema-la-milagrosa-60-ml-lupita-barragan\/"},"modified":"2025-09-24T20:47:41","modified_gmt":"2025-09-24T20:47:41","slug":"crema-la-milagrosa-60-ml-lupita-barragan","status":"publish","type":"product","link":"https:\/\/modest-napier.216-250-124-103.plesk.page\/index.php\/producto\/crema-la-milagrosa-60-ml-lupita-barragan\/","title":{"rendered":"Crema La Milagrosa 60 ml  Lupita Barrag\u00e1n"},"content":{"rendered":"<p data-mce-fragment=\"1\"><span>\u00a1Conoce la crema La Milagrosa! Esta crema Ayuda a exfoliar, hidratar y regenerar la piel. Para acn\u00e9, eccema, psoriasis, ros\u00e1cea, piel seca sensible. E<\/span><span>s la mejor atenuante en manchas en tu piel, acn\u00e9, piel roja, lunares, l\u00edneas de expresi\u00f3n, espinillas, rejuveneciendo tu piel tratando imperfecciones de la piel.<a href=\"#more\"><\/a><\/span><\/p>\n","protected":false},"excerpt":{"rendered":"<p>\u00a1Conoce la crema La Milagrosa! Esta crema Ayuda a exfoliar, hidratar y regenerar la piel. Para acn\u00e9, eccema, psoriasis, ros\u00e1cea, piel seca sensible. Es la mejor atenuante en manchas en [&hellip;]<\/p>\n","protected":false},"featured_media":2013,"comment_status":"open","ping_status":"closed","template":"","meta":[],"product_brand":[549],"product_cat":[289,309,337],"product_tag":[],"class_list":{"0":"post-5497","1":"product","2":"type-product","3":"status-publish","4":"has-post-thumbnail","6":"product_brand-evolucion-natural","7":"product_cat-belleza","8":"product_cat-ofertas-de-primavera-","9":"product_cat-productos","11":"first","12":"instock","13":"shipping-taxable","14":"purchasable","15":"product-type-simple"},"_links":{"self":[{"href":"https:\/\/modest-napier.216-250-124-103.plesk.page\/index.php\/wp-json\/wp\/v2\/product\/5497","targetHints":{"allow":["GET"]}}],"collection":[{"href":"https:\/\/modest-napier.216-250-124-103.plesk.page\/index.php\/wp-json\/wp\/v2\/product"}],"about":[{"href":"https:\/\/modest-napier.216-250-124-103.plesk.page\/index.php\/wp-json\/wp\/v2\/types\/product"}],"replies":[{"embeddable":true,"href":"https:\/\/modest-napier.216-250-124-103.plesk.page\/index.php\/wp-json\/wp\/v2\/comments?post=5497"}],"wp:featuredmedia":[{"embeddable":true,"href":"https:\/\/modest-napier.216-250-124-103.plesk.page\/index.php\/wp-json\/wp\/v2\/media\/2013"}],"wp:attachment":[{"href":"https:\/\/modest-napier.216-250-124-103.plesk.page\/index.php\/wp-json\/wp\/v2\/media?parent=5497"}],"wp:term":[{"taxonomy":"product_brand","embeddable":true,"href":"https:\/\/modest-napier.216-250-124-103.plesk.page\/index.php\/wp-json\/wp\/v2\/product_brand?post=5497"},{"taxonomy":"product_cat","embeddable":true,"href":"https:\/\/modest-napier.216-250-124-103.plesk.page\/index.php\/wp-json\/wp\/v2\/product_cat?post=5497"},{"taxonomy":"product_tag","embeddable":true,"href":"https:\/\/modest-napier.216-250-124-103.plesk.page\/index.php\/wp-json\/wp\/v2\/product_tag?post=5497"}],"curies":[{"name":"wp","href":"https:\/\/api.w.org\/{rel}","templated":true}]}}