{"id":5499,"date":"2025-09-24T19:36:48","date_gmt":"2025-09-24T19:36:48","guid":{"rendered":"https:\/\/modest-napier.216-250-124-103.plesk.page\/index.php\/producto\/crema-leche-de-burra-150-gr-nolisan\/"},"modified":"2025-09-24T20:47:40","modified_gmt":"2025-09-24T20:47:40","slug":"crema-leche-de-burra-150-gr-nolisan","status":"publish","type":"product","link":"https:\/\/modest-napier.216-250-124-103.plesk.page\/index.php\/producto\/crema-leche-de-burra-150-gr-nolisan\/","title":{"rendered":"Crema Facial de Leche de Burra 150 g Nolisan"},"content":{"rendered":"<p data-mce-fragment=\"1\">La <strong>Crema\u00a0Natural de\u00a0Leche de Burra<\/strong> tiene un alto efecto hidratante, ayuda a renovar tejidos, tensa la piel, devolvi\u00e9ndole su elasticidad, auxiliar en la disminuci\u00f3n de arrugas, textura ligera y de absorci\u00f3n inmediata.<strong data-mce-fragment=\"1\"><\/strong><\/p>\n<p data-mce-fragment=\"1\"><\/p>\n","protected":false},"excerpt":{"rendered":"<p>La Crema\u00a0Natural de\u00a0Leche de Burra tiene un alto efecto hidratante, ayuda a renovar tejidos, tensa la piel, devolvi\u00e9ndole su elasticidad, auxiliar en la disminuci\u00f3n de arrugas, textura ligera y de [&hellip;]<\/p>\n","protected":false},"featured_media":2016,"comment_status":"open","ping_status":"closed","template":"","meta":[],"product_brand":[368],"product_cat":[289,292,337],"product_tag":[223],"class_list":{"0":"post-5499","1":"product","2":"type-product","3":"status-publish","4":"has-post-thumbnail","6":"product_brand-nolisan","7":"product_cat-belleza","8":"product_cat-cremas-para-la-cara","9":"product_cat-productos","10":"product_tag-leche-de-burra","12":"first","13":"instock","14":"shipping-taxable","15":"purchasable","16":"product-type-simple"},"_links":{"self":[{"href":"https:\/\/modest-napier.216-250-124-103.plesk.page\/index.php\/wp-json\/wp\/v2\/product\/5499","targetHints":{"allow":["GET"]}}],"collection":[{"href":"https:\/\/modest-napier.216-250-124-103.plesk.page\/index.php\/wp-json\/wp\/v2\/product"}],"about":[{"href":"https:\/\/modest-napier.216-250-124-103.plesk.page\/index.php\/wp-json\/wp\/v2\/types\/product"}],"replies":[{"embeddable":true,"href":"https:\/\/modest-napier.216-250-124-103.plesk.page\/index.php\/wp-json\/wp\/v2\/comments?post=5499"}],"wp:featuredmedia":[{"embeddable":true,"href":"https:\/\/modest-napier.216-250-124-103.plesk.page\/index.php\/wp-json\/wp\/v2\/media\/2016"}],"wp:attachment":[{"href":"https:\/\/modest-napier.216-250-124-103.plesk.page\/index.php\/wp-json\/wp\/v2\/media?parent=5499"}],"wp:term":[{"taxonomy":"product_brand","embeddable":true,"href":"https:\/\/modest-napier.216-250-124-103.plesk.page\/index.php\/wp-json\/wp\/v2\/product_brand?post=5499"},{"taxonomy":"product_cat","embeddable":true,"href":"https:\/\/modest-napier.216-250-124-103.plesk.page\/index.php\/wp-json\/wp\/v2\/product_cat?post=5499"},{"taxonomy":"product_tag","embeddable":true,"href":"https:\/\/modest-napier.216-250-124-103.plesk.page\/index.php\/wp-json\/wp\/v2\/product_tag?post=5499"}],"curies":[{"name":"wp","href":"https:\/\/api.w.org\/{rel}","templated":true}]}}