{"id":5501,"date":"2025-09-24T19:36:50","date_gmt":"2025-09-24T19:36:50","guid":{"rendered":"https:\/\/modest-napier.216-250-124-103.plesk.page\/index.php\/producto\/crema-myryam-de-noche-para-piel-normal-a-seca-c-50-grs\/"},"modified":"2025-09-24T20:47:40","modified_gmt":"2025-09-24T20:47:40","slug":"crema-myryam-de-noche-para-piel-normal-a-seca-c-50-grs","status":"publish","type":"product","link":"https:\/\/modest-napier.216-250-124-103.plesk.page\/index.php\/producto\/crema-myryam-de-noche-para-piel-normal-a-seca-c-50-grs\/","title":{"rendered":"Crema de Noche Aclaradora Myryam Piel Normal 50 g"},"content":{"rendered":"<p data-mce-fragment=\"1\"><strong data-mce-fragment=\"1\">Descripci\u00f3n:<\/strong><\/p>\n<p data-mce-fragment=\"1\">La crema humectante de noche Myryam para piel normal a seca brinda a tu piel protecci\u00f3n, d<span data-mce-fragment=\"1\">esvanece manchas de sol, edad y pecas paulatinamente.<\/span>\u00a0Mantiene la piel suave y tensa. Uso diario.<\/p>\n<p data-mce-fragment=\"1\"><strong data-mce-fragment=\"1\">Modo de uso:<\/strong><\/p>\n<p data-mce-fragment=\"1\">Aplicarse durante la noche\u00a0 sobre la piel limpia, dando un ligero masaje hasta que se absorba. Evite el \u00e1rea de los ojos. A la ma\u00f1ana siguiente lavar nuevamente el \u00e1rea.<\/p>\n<p data-mce-fragment=\"1\"><strong data-mce-fragment=\"1\">Contenido:<\/strong><\/p>\n<p data-mce-fragment=\"1\">65 g.<\/p>\n","protected":false},"excerpt":{"rendered":"<p>Descripci\u00f3n: La crema humectante de noche Myryam para piel normal a seca brinda a tu piel protecci\u00f3n, desvanece manchas de sol, edad y pecas paulatinamente.\u00a0Mantiene la piel suave y tensa. [&hellip;]<\/p>\n","protected":false},"featured_media":2018,"comment_status":"open","ping_status":"closed","template":"","meta":[],"product_brand":[626],"product_cat":[289,292,337],"product_tag":[],"class_list":{"0":"post-5501","1":"product","2":"type-product","3":"status-publish","4":"has-post-thumbnail","6":"product_brand-myryam","7":"product_cat-belleza","8":"product_cat-cremas-para-la-cara","9":"product_cat-productos","11":"first","12":"instock","13":"shipping-taxable","14":"purchasable","15":"product-type-simple"},"_links":{"self":[{"href":"https:\/\/modest-napier.216-250-124-103.plesk.page\/index.php\/wp-json\/wp\/v2\/product\/5501","targetHints":{"allow":["GET"]}}],"collection":[{"href":"https:\/\/modest-napier.216-250-124-103.plesk.page\/index.php\/wp-json\/wp\/v2\/product"}],"about":[{"href":"https:\/\/modest-napier.216-250-124-103.plesk.page\/index.php\/wp-json\/wp\/v2\/types\/product"}],"replies":[{"embeddable":true,"href":"https:\/\/modest-napier.216-250-124-103.plesk.page\/index.php\/wp-json\/wp\/v2\/comments?post=5501"}],"wp:featuredmedia":[{"embeddable":true,"href":"https:\/\/modest-napier.216-250-124-103.plesk.page\/index.php\/wp-json\/wp\/v2\/media\/2018"}],"wp:attachment":[{"href":"https:\/\/modest-napier.216-250-124-103.plesk.page\/index.php\/wp-json\/wp\/v2\/media?parent=5501"}],"wp:term":[{"taxonomy":"product_brand","embeddable":true,"href":"https:\/\/modest-napier.216-250-124-103.plesk.page\/index.php\/wp-json\/wp\/v2\/product_brand?post=5501"},{"taxonomy":"product_cat","embeddable":true,"href":"https:\/\/modest-napier.216-250-124-103.plesk.page\/index.php\/wp-json\/wp\/v2\/product_cat?post=5501"},{"taxonomy":"product_tag","embeddable":true,"href":"https:\/\/modest-napier.216-250-124-103.plesk.page\/index.php\/wp-json\/wp\/v2\/product_tag?post=5501"}],"curies":[{"name":"wp","href":"https:\/\/api.w.org\/{rel}","templated":true}]}}