{"id":5505,"date":"2025-09-24T19:36:56","date_gmt":"2025-09-24T19:36:56","guid":{"rendered":"https:\/\/modest-napier.216-250-124-103.plesk.page\/index.php\/producto\/crema-rosa-mosqueta-150-gr-nolisan\/"},"modified":"2025-09-24T20:47:40","modified_gmt":"2025-09-24T20:47:40","slug":"crema-rosa-mosqueta-150-gr-nolisan","status":"publish","type":"product","link":"https:\/\/modest-napier.216-250-124-103.plesk.page\/index.php\/producto\/crema-rosa-mosqueta-150-gr-nolisan\/","title":{"rendered":"Crema Facial Rosa Mosqueta 150 g Nolisan"},"content":{"rendered":"<p data-mce-fragment=\"1\"><strong data-mce-fragment=\"1\">Descripci\u00f3n:<\/strong><\/p>\n<p data-mce-fragment=\"1\"><span data-mce-fragment=\"1\">Es uno de las cremas regeneradores e hidratantes m\u00e1s potentes para la piel: ayuda a la eliminaci\u00f3n de manchas, cicatrices y estr\u00edas. Contiene \u00e1cidos esenciales como el omega 6, omega 3 y linol\u00e9ico, y antioxidantes y vitaminas como la vitamina A.<\/span><\/p>\n<p data-mce-fragment=\"1\"><strong data-mce-fragment=\"1\">Modo de uso:<\/strong><\/p>\n<p data-mce-fragment=\"1\">Aplicarse en la \u00e1rea deseada en forma circular.<\/p>\n<p data-mce-fragment=\"1\"><strong data-mce-fragment=\"1\">Contenido:<\/strong><\/p>\n<p data-mce-fragment=\"1\">150 gr.<\/p>\n","protected":false},"excerpt":{"rendered":"<p>Descripci\u00f3n: Es uno de las cremas regeneradores e hidratantes m\u00e1s potentes para la piel: ayuda a la eliminaci\u00f3n de manchas, cicatrices y estr\u00edas. Contiene \u00e1cidos esenciales como el omega 6, [&hellip;]<\/p>\n","protected":false},"featured_media":2022,"comment_status":"open","ping_status":"closed","template":"","meta":[],"product_brand":[368],"product_cat":[289,292,337],"product_tag":[59],"class_list":{"0":"post-5505","1":"product","2":"type-product","3":"status-publish","4":"has-post-thumbnail","6":"product_brand-nolisan","7":"product_cat-belleza","8":"product_cat-cremas-para-la-cara","9":"product_cat-productos","10":"product_tag-rosas","12":"first","13":"outofstock","14":"shipping-taxable","15":"purchasable","16":"product-type-simple"},"_links":{"self":[{"href":"https:\/\/modest-napier.216-250-124-103.plesk.page\/index.php\/wp-json\/wp\/v2\/product\/5505","targetHints":{"allow":["GET"]}}],"collection":[{"href":"https:\/\/modest-napier.216-250-124-103.plesk.page\/index.php\/wp-json\/wp\/v2\/product"}],"about":[{"href":"https:\/\/modest-napier.216-250-124-103.plesk.page\/index.php\/wp-json\/wp\/v2\/types\/product"}],"replies":[{"embeddable":true,"href":"https:\/\/modest-napier.216-250-124-103.plesk.page\/index.php\/wp-json\/wp\/v2\/comments?post=5505"}],"wp:featuredmedia":[{"embeddable":true,"href":"https:\/\/modest-napier.216-250-124-103.plesk.page\/index.php\/wp-json\/wp\/v2\/media\/2022"}],"wp:attachment":[{"href":"https:\/\/modest-napier.216-250-124-103.plesk.page\/index.php\/wp-json\/wp\/v2\/media?parent=5505"}],"wp:term":[{"taxonomy":"product_brand","embeddable":true,"href":"https:\/\/modest-napier.216-250-124-103.plesk.page\/index.php\/wp-json\/wp\/v2\/product_brand?post=5505"},{"taxonomy":"product_cat","embeddable":true,"href":"https:\/\/modest-napier.216-250-124-103.plesk.page\/index.php\/wp-json\/wp\/v2\/product_cat?post=5505"},{"taxonomy":"product_tag","embeddable":true,"href":"https:\/\/modest-napier.216-250-124-103.plesk.page\/index.php\/wp-json\/wp\/v2\/product_tag?post=5505"}],"curies":[{"name":"wp","href":"https:\/\/api.w.org\/{rel}","templated":true}]}}