{"id":5507,"date":"2025-09-24T19:36:59","date_gmt":"2025-09-24T19:36:59","guid":{"rendered":"https:\/\/modest-napier.216-250-124-103.plesk.page\/index.php\/producto\/crema-serum-acido-hialuronico-c-50-gr-zhi-lite\/"},"modified":"2025-09-24T20:45:29","modified_gmt":"2025-09-24T20:45:29","slug":"crema-serum-acido-hialuronico-c-50-gr-zhi-lite","status":"publish","type":"product","link":"https:\/\/modest-napier.216-250-124-103.plesk.page\/index.php\/producto\/crema-serum-acido-hialuronico-c-50-gr-zhi-lite\/","title":{"rendered":"Serum \u00c1cido Hialur\u00f3nico D\u00eda y Noche 50 g Zhi Lite"},"content":{"rendered":"<p data-mce-fragment=\"1\"><strong data-mce-fragment=\"1\">Descripci\u00f3n:<\/strong><\/p>\n<p data-mce-fragment=\"1\"><span>Brinda una hidrataci\u00f3n duradera para mejorar la apariencia de la textura de la piel. Ideal para uso diurno y nocturno, este producto humecta y reduce arrugas.El \u00e1cido hialur\u00f3nico ayuda a suavizar la textura de la piel y a tonificarla.<\/span><\/p>\n<p data-mce-fragment=\"1\"><strong data-mce-fragment=\"1\">Modo de uso:<\/strong><\/p>\n<p data-mce-fragment=\"1\"><span>Aplicar m\u00e1ximo 2 veces al d\u00eda sobre el rostro limpio, una peque\u00f1a cantidad de serum en la frente, mejillas y barbilla, extendi\u00e9ndolo con movimientos circulares.<\/span><\/p>\n<p data-mce-fragment=\"1\"><strong data-mce-fragment=\"1\">Contenido:<\/strong><\/p>\n<p data-mce-fragment=\"1\">50 grs.<\/p>\n","protected":false},"excerpt":{"rendered":"<p>Descripci\u00f3n: Brinda una hidrataci\u00f3n duradera para mejorar la apariencia de la textura de la piel. Ideal para uso diurno y nocturno, este producto humecta y reduce arrugas.El \u00e1cido hialur\u00f3nico ayuda [&hellip;]<\/p>\n","protected":false},"featured_media":2024,"comment_status":"open","ping_status":"closed","template":"","meta":[],"product_brand":[561],"product_cat":[289,309,337,330],"product_tag":[105],"class_list":{"0":"post-5507","1":"product","2":"type-product","3":"status-publish","4":"has-post-thumbnail","6":"product_brand-zhi-lite","7":"product_cat-belleza","8":"product_cat-ofertas-de-primavera-","9":"product_cat-productos","10":"product_cat-suplementos-para-la-piel","11":"product_tag-acido-hialuronico","13":"first","14":"outofstock","15":"shipping-taxable","16":"purchasable","17":"product-type-simple"},"_links":{"self":[{"href":"https:\/\/modest-napier.216-250-124-103.plesk.page\/index.php\/wp-json\/wp\/v2\/product\/5507","targetHints":{"allow":["GET"]}}],"collection":[{"href":"https:\/\/modest-napier.216-250-124-103.plesk.page\/index.php\/wp-json\/wp\/v2\/product"}],"about":[{"href":"https:\/\/modest-napier.216-250-124-103.plesk.page\/index.php\/wp-json\/wp\/v2\/types\/product"}],"replies":[{"embeddable":true,"href":"https:\/\/modest-napier.216-250-124-103.plesk.page\/index.php\/wp-json\/wp\/v2\/comments?post=5507"}],"wp:featuredmedia":[{"embeddable":true,"href":"https:\/\/modest-napier.216-250-124-103.plesk.page\/index.php\/wp-json\/wp\/v2\/media\/2024"}],"wp:attachment":[{"href":"https:\/\/modest-napier.216-250-124-103.plesk.page\/index.php\/wp-json\/wp\/v2\/media?parent=5507"}],"wp:term":[{"taxonomy":"product_brand","embeddable":true,"href":"https:\/\/modest-napier.216-250-124-103.plesk.page\/index.php\/wp-json\/wp\/v2\/product_brand?post=5507"},{"taxonomy":"product_cat","embeddable":true,"href":"https:\/\/modest-napier.216-250-124-103.plesk.page\/index.php\/wp-json\/wp\/v2\/product_cat?post=5507"},{"taxonomy":"product_tag","embeddable":true,"href":"https:\/\/modest-napier.216-250-124-103.plesk.page\/index.php\/wp-json\/wp\/v2\/product_tag?post=5507"}],"curies":[{"name":"wp","href":"https:\/\/api.w.org\/{rel}","templated":true}]}}