{"id":5513,"date":"2025-09-24T19:37:07","date_gmt":"2025-09-24T19:37:07","guid":{"rendered":"https:\/\/modest-napier.216-250-124-103.plesk.page\/index.php\/producto\/desodorante-de-cristal-alumbre-de-potasio-aloe-vera-c-100-gr-vital-green\/"},"modified":"2025-09-24T20:43:38","modified_gmt":"2025-09-24T20:43:38","slug":"desodorante-cristal-alumbre-potasio","status":"publish","type":"product","link":"https:\/\/modest-napier.216-250-124-103.plesk.page\/index.php\/producto\/desodorante-cristal-alumbre-potasio\/","title":{"rendered":"Desodorante de Cristal Alumbre de Potasio 100 g"},"content":{"rendered":"<p><strong>Descripci\u00f3n:<\/strong><br data-mce-fragment=\"1\">Desodorante Natural de Piedra Cristal de Alumbre de Potasio, Sin Parabenos y Sin Alcohol. Elimina El Olor y No Mancha. Con sales puras minerales 100% naturales de la m\u00e1s alta calidad.<\/p>\n<p>Desodorante de larga duraci\u00f3n que protege durante 24 horas permitiendo la sudoraci\u00f3n natural del cuerpo sin obstruir los poros y eliminando las bacterias que causan el mal olor sin dejar manchas en la piel o en la ropa. Efectivo para la sudoraci\u00f3n excesiva.<\/p>\n<p>Apto para j\u00f3venes y deportistas, recomendado por la asociaci\u00f3n de c\u00e1ncer de mama y pediatr\u00eda pues no introduce qu\u00edmicos al cuerpo.<\/p>\n<p>Ideal para el d\u00eda a <span data-mce-fragment=\"1\">d\u00eda<\/span>, por su pr\u00e1ctico tama\u00f1o lo puedes llevar contigo de viaje o al gimnasio. Prot\u00e9gete de forma segura y natural con toda nuestra l\u00ednea de productos. Elimina El Olor y No Mancha.<\/p>\n<p><strong>Modo de uso:<\/strong><br data-mce-fragment=\"1\">Despu\u00e9s del ba\u00f1o con la piel ligeramente h\u00fameda aplique generosamente en las axilas de 20 a 30 segundos o en piel seca humedezca la piedra ligeramente.<\/p>\n<p><strong>Contenido:<\/strong><br data-mce-fragment=\"1\"> 100 GR.<\/p>\n","protected":false},"excerpt":{"rendered":"<p>Descripci\u00f3n:Desodorante Natural de Piedra Cristal de Alumbre de Potasio, Sin Parabenos y Sin Alcohol. Elimina El Olor y No Mancha. Con sales puras minerales 100% naturales de la m\u00e1s alta [&hellip;]<\/p>\n","protected":false},"featured_media":2030,"comment_status":"open","ping_status":"closed","template":"","meta":[],"product_brand":[461],"product_cat":[302,337,318],"product_tag":[],"class_list":{"0":"post-5513","1":"product","2":"type-product","3":"status-publish","4":"has-post-thumbnail","6":"product_brand-vital-green","7":"product_cat-higiene-personal","8":"product_cat-productos","9":"product_cat-salud","11":"first","12":"instock","13":"shipping-taxable","14":"purchasable","15":"product-type-simple"},"_links":{"self":[{"href":"https:\/\/modest-napier.216-250-124-103.plesk.page\/index.php\/wp-json\/wp\/v2\/product\/5513","targetHints":{"allow":["GET"]}}],"collection":[{"href":"https:\/\/modest-napier.216-250-124-103.plesk.page\/index.php\/wp-json\/wp\/v2\/product"}],"about":[{"href":"https:\/\/modest-napier.216-250-124-103.plesk.page\/index.php\/wp-json\/wp\/v2\/types\/product"}],"replies":[{"embeddable":true,"href":"https:\/\/modest-napier.216-250-124-103.plesk.page\/index.php\/wp-json\/wp\/v2\/comments?post=5513"}],"wp:featuredmedia":[{"embeddable":true,"href":"https:\/\/modest-napier.216-250-124-103.plesk.page\/index.php\/wp-json\/wp\/v2\/media\/2030"}],"wp:attachment":[{"href":"https:\/\/modest-napier.216-250-124-103.plesk.page\/index.php\/wp-json\/wp\/v2\/media?parent=5513"}],"wp:term":[{"taxonomy":"product_brand","embeddable":true,"href":"https:\/\/modest-napier.216-250-124-103.plesk.page\/index.php\/wp-json\/wp\/v2\/product_brand?post=5513"},{"taxonomy":"product_cat","embeddable":true,"href":"https:\/\/modest-napier.216-250-124-103.plesk.page\/index.php\/wp-json\/wp\/v2\/product_cat?post=5513"},{"taxonomy":"product_tag","embeddable":true,"href":"https:\/\/modest-napier.216-250-124-103.plesk.page\/index.php\/wp-json\/wp\/v2\/product_tag?post=5513"}],"curies":[{"name":"wp","href":"https:\/\/api.w.org\/{rel}","templated":true}]}}