{"id":5516,"date":"2025-09-24T19:37:10","date_gmt":"2025-09-24T19:37:10","guid":{"rendered":"https:\/\/modest-napier.216-250-124-103.plesk.page\/index.php\/producto\/diente-de-ajo-negro-c-200-grs-producto-artesanal-gemas\/"},"modified":"2025-09-24T20:44:27","modified_gmt":"2025-09-24T20:44:27","slug":"diente-de-ajo-negro-c-170-grs-producto-artesanal-gemas","status":"publish","type":"product","link":"https:\/\/modest-napier.216-250-124-103.plesk.page\/index.php\/producto\/diente-de-ajo-negro-c-170-grs-producto-artesanal-gemas\/","title":{"rendered":"Diente de Ajo Negro Pelado Artesanal 200 g Gema&#8217;s"},"content":{"rendered":"<p data-mce-fragment=\"1\">Fortalece el sistema inmune, limpia ri\u00f1ones, eficaz contra el asma, favorece la digesti\u00f3n, antioxidante,mejora la circulaci\u00f3n, controlar el estr\u00e9s, energizante, anti gripal, aminora los problemas de la artritis, regula la presi\u00f3n arterial, trigliceridos, anticancerigeno, pontencializador sexual, ataca algunos virus y bacterias.<\/p>\n","protected":false},"excerpt":{"rendered":"<p>Fortalece el sistema inmune, limpia ri\u00f1ones, eficaz contra el asma, favorece la digesti\u00f3n, antioxidante,mejora la circulaci\u00f3n, controlar el estr\u00e9s, energizante, anti gripal, aminora los problemas de la artritis, regula la [&hellip;]<\/p>\n","protected":false},"featured_media":2033,"comment_status":"open","ping_status":"closed","template":"","meta":[],"product_brand":[492],"product_cat":[308,337,318,324],"product_tag":[75],"class_list":{"0":"post-5516","1":"product","2":"type-product","3":"status-publish","4":"has-post-thumbnail","6":"product_brand-gemas","7":"product_cat-nutricion","8":"product_cat-productos","9":"product_cat-salud","10":"product_cat-sexualidad","11":"product_tag-ajo-negro","13":"first","14":"instock","15":"shipping-taxable","16":"purchasable","17":"product-type-simple"},"_links":{"self":[{"href":"https:\/\/modest-napier.216-250-124-103.plesk.page\/index.php\/wp-json\/wp\/v2\/product\/5516","targetHints":{"allow":["GET"]}}],"collection":[{"href":"https:\/\/modest-napier.216-250-124-103.plesk.page\/index.php\/wp-json\/wp\/v2\/product"}],"about":[{"href":"https:\/\/modest-napier.216-250-124-103.plesk.page\/index.php\/wp-json\/wp\/v2\/types\/product"}],"replies":[{"embeddable":true,"href":"https:\/\/modest-napier.216-250-124-103.plesk.page\/index.php\/wp-json\/wp\/v2\/comments?post=5516"}],"wp:featuredmedia":[{"embeddable":true,"href":"https:\/\/modest-napier.216-250-124-103.plesk.page\/index.php\/wp-json\/wp\/v2\/media\/2033"}],"wp:attachment":[{"href":"https:\/\/modest-napier.216-250-124-103.plesk.page\/index.php\/wp-json\/wp\/v2\/media?parent=5516"}],"wp:term":[{"taxonomy":"product_brand","embeddable":true,"href":"https:\/\/modest-napier.216-250-124-103.plesk.page\/index.php\/wp-json\/wp\/v2\/product_brand?post=5516"},{"taxonomy":"product_cat","embeddable":true,"href":"https:\/\/modest-napier.216-250-124-103.plesk.page\/index.php\/wp-json\/wp\/v2\/product_cat?post=5516"},{"taxonomy":"product_tag","embeddable":true,"href":"https:\/\/modest-napier.216-250-124-103.plesk.page\/index.php\/wp-json\/wp\/v2\/product_tag?post=5516"}],"curies":[{"name":"wp","href":"https:\/\/api.w.org\/{rel}","templated":true}]}}