{"id":5522,"date":"2025-09-24T19:37:19","date_gmt":"2025-09-24T19:37:19","guid":{"rendered":"https:\/\/modest-napier.216-250-124-103.plesk.page\/index.php\/producto\/ext-castana-compuesta-c-60-ml-herbomex\/"},"modified":"2025-09-24T20:44:10","modified_gmt":"2025-09-24T20:44:10","slug":"ext-castana-compuesta-c-60-ml-herbomex","status":"publish","type":"product","link":"https:\/\/modest-napier.216-250-124-103.plesk.page\/index.php\/producto\/ext-castana-compuesta-c-60-ml-herbomex\/","title":{"rendered":"Extracto de Casta\u00f1a Compuesta 60 ml Herbomex"},"content":{"rendered":"<p data-mce-fragment=\"1\"><strong data-mce-fragment=\"1\">Descripci\u00f3n:<\/strong><\/p>\n<p data-mce-fragment=\"1\">El <strong>extracto de casta\u00f1a con ortiga y mil flores<\/strong> favorece la circulaci\u00f3n sangu\u00ednea, ayuda a disminuir los s\u00edntomas asociados en casos de varices, como ardor, dolor, comez\u00f3n y pesadez en las piernas, as\u00ed como para el tratamiento sintom\u00e1tico de hemorroides.<\/p>\n<p data-mce-fragment=\"1\"><strong data-mce-fragment=\"1\">Modo de uso:<\/strong><\/p>\n<p data-mce-fragment=\"1\">Tomar de 30 gotas en medio vaso de agua 3 veces al d\u00eda.<\/p>\n<p data-mce-fragment=\"1\"><strong data-mce-fragment=\"1\">Contenido:<\/strong><\/p>\n<p data-mce-fragment=\"1\">60 ml.<\/p>\n","protected":false},"excerpt":{"rendered":"<p>Descripci\u00f3n: El extracto de casta\u00f1a con ortiga y mil flores favorece la circulaci\u00f3n sangu\u00ednea, ayuda a disminuir los s\u00edntomas asociados en casos de varices, como ardor, dolor, comez\u00f3n y pesadez [&hellip;]<\/p>\n","protected":false},"featured_media":2039,"comment_status":"open","ping_status":"closed","template":"","meta":[],"product_brand":[351],"product_cat":[287,289,298,308,337,315,318,335],"product_tag":[128,93],"class_list":{"0":"post-5522","1":"product","2":"type-product","3":"status-publish","4":"has-post-thumbnail","6":"product_brand-herbomex","7":"product_cat-baja-de-peso","8":"product_cat-belleza","9":"product_cat-extractos-para-la-salud","10":"product_cat-nutricion","11":"product_cat-productos","12":"product_cat-productos-para-las-varices","13":"product_cat-salud","14":"product_cat-vitaminas-y-minerales","15":"product_tag-castano-de-indias","16":"product_tag-ortiga","18":"first","19":"instock","20":"shipping-taxable","21":"purchasable","22":"product-type-simple"},"_links":{"self":[{"href":"https:\/\/modest-napier.216-250-124-103.plesk.page\/index.php\/wp-json\/wp\/v2\/product\/5522","targetHints":{"allow":["GET"]}}],"collection":[{"href":"https:\/\/modest-napier.216-250-124-103.plesk.page\/index.php\/wp-json\/wp\/v2\/product"}],"about":[{"href":"https:\/\/modest-napier.216-250-124-103.plesk.page\/index.php\/wp-json\/wp\/v2\/types\/product"}],"replies":[{"embeddable":true,"href":"https:\/\/modest-napier.216-250-124-103.plesk.page\/index.php\/wp-json\/wp\/v2\/comments?post=5522"}],"wp:featuredmedia":[{"embeddable":true,"href":"https:\/\/modest-napier.216-250-124-103.plesk.page\/index.php\/wp-json\/wp\/v2\/media\/2039"}],"wp:attachment":[{"href":"https:\/\/modest-napier.216-250-124-103.plesk.page\/index.php\/wp-json\/wp\/v2\/media?parent=5522"}],"wp:term":[{"taxonomy":"product_brand","embeddable":true,"href":"https:\/\/modest-napier.216-250-124-103.plesk.page\/index.php\/wp-json\/wp\/v2\/product_brand?post=5522"},{"taxonomy":"product_cat","embeddable":true,"href":"https:\/\/modest-napier.216-250-124-103.plesk.page\/index.php\/wp-json\/wp\/v2\/product_cat?post=5522"},{"taxonomy":"product_tag","embeddable":true,"href":"https:\/\/modest-napier.216-250-124-103.plesk.page\/index.php\/wp-json\/wp\/v2\/product_tag?post=5522"}],"curies":[{"name":"wp","href":"https:\/\/api.w.org\/{rel}","templated":true}]}}