{"id":5523,"date":"2025-09-24T19:37:20","date_gmt":"2025-09-24T19:37:20","guid":{"rendered":"https:\/\/modest-napier.216-250-124-103.plesk.page\/index.php\/producto\/ext-castano-de-indias-reforzado-con-hamamelis-c-60-ml-el-jardin-botanico-y-dina\/"},"modified":"2025-09-24T20:43:57","modified_gmt":"2025-09-24T20:43:57","slug":"ext-castano-de-indias-reforzado-con-hamamelis-c-60-ml-el-jardin-botanico","status":"publish","type":"product","link":"https:\/\/modest-napier.216-250-124-103.plesk.page\/index.php\/producto\/ext-castano-de-indias-reforzado-con-hamamelis-c-60-ml-el-jardin-botanico\/","title":{"rendered":"Extracto de Casta\u00f1o de Indias con Hamamelis 60 ml"},"content":{"rendered":"<p><strong>Descripci\u00f3n:\u00a0<\/strong><\/p>\n<p>El <strong>extracto de casta\u00f1o de indias con hamamelis<\/strong> favorece la circulaci\u00f3n sangu\u00ednea, ayuda a disminuir los s\u00edntomas asociados en casos de varices, como ardor, dolor, comez\u00f3n y pesadez en las piernas, as\u00ed como para el tratamiento sintom\u00e1tico de hemorroides.<\/p>\n<p><strong> Modo de uso:\u00a0<\/strong><\/p>\n<p>Tomar 30 gotas diluidas en un vaso con agua 3 veces al d\u00eda.<\/p>\n<p><strong>Contenido:\u00a0<\/strong><\/p>\n<p>60 ml.<\/p>\n","protected":false},"excerpt":{"rendered":"<p>Descripci\u00f3n:\u00a0 El extracto de casta\u00f1o de indias con hamamelis favorece la circulaci\u00f3n sangu\u00ednea, ayuda a disminuir los s\u00edntomas asociados en casos de varices, como ardor, dolor, comez\u00f3n y pesadez en [&hellip;]<\/p>\n","protected":false},"featured_media":2040,"comment_status":"open","ping_status":"closed","template":"","meta":[],"product_brand":[396],"product_cat":[298,337,318],"product_tag":[128,74],"class_list":{"0":"post-5523","1":"product","2":"type-product","3":"status-publish","4":"has-post-thumbnail","6":"product_brand-dina","7":"product_cat-extractos-para-la-salud","8":"product_cat-productos","9":"product_cat-salud","10":"product_tag-castano-de-indias","11":"product_tag-hamamelis","13":"first","14":"instock","15":"shipping-taxable","16":"purchasable","17":"product-type-simple"},"_links":{"self":[{"href":"https:\/\/modest-napier.216-250-124-103.plesk.page\/index.php\/wp-json\/wp\/v2\/product\/5523","targetHints":{"allow":["GET"]}}],"collection":[{"href":"https:\/\/modest-napier.216-250-124-103.plesk.page\/index.php\/wp-json\/wp\/v2\/product"}],"about":[{"href":"https:\/\/modest-napier.216-250-124-103.plesk.page\/index.php\/wp-json\/wp\/v2\/types\/product"}],"replies":[{"embeddable":true,"href":"https:\/\/modest-napier.216-250-124-103.plesk.page\/index.php\/wp-json\/wp\/v2\/comments?post=5523"}],"wp:featuredmedia":[{"embeddable":true,"href":"https:\/\/modest-napier.216-250-124-103.plesk.page\/index.php\/wp-json\/wp\/v2\/media\/2040"}],"wp:attachment":[{"href":"https:\/\/modest-napier.216-250-124-103.plesk.page\/index.php\/wp-json\/wp\/v2\/media?parent=5523"}],"wp:term":[{"taxonomy":"product_brand","embeddable":true,"href":"https:\/\/modest-napier.216-250-124-103.plesk.page\/index.php\/wp-json\/wp\/v2\/product_brand?post=5523"},{"taxonomy":"product_cat","embeddable":true,"href":"https:\/\/modest-napier.216-250-124-103.plesk.page\/index.php\/wp-json\/wp\/v2\/product_cat?post=5523"},{"taxonomy":"product_tag","embeddable":true,"href":"https:\/\/modest-napier.216-250-124-103.plesk.page\/index.php\/wp-json\/wp\/v2\/product_tag?post=5523"}],"curies":[{"name":"wp","href":"https:\/\/api.w.org\/{rel}","templated":true}]}}