{"id":5529,"date":"2025-09-24T19:37:28","date_gmt":"2025-09-24T19:37:28","guid":{"rendered":"https:\/\/modest-napier.216-250-124-103.plesk.page\/index.php\/producto\/ext-fluido-de-cuachalalate-compuesto-arnica-c-55-ml\/"},"modified":"2025-09-24T20:43:29","modified_gmt":"2025-09-24T20:43:29","slug":"extracto-cuachalalate-compuesto-arnica","status":"publish","type":"product","link":"https:\/\/modest-napier.216-250-124-103.plesk.page\/index.php\/producto\/extracto-cuachalalate-compuesto-arnica\/","title":{"rendered":"Extracto Cuachalalate Compuesto \u00c1rnica 55 ml"},"content":{"rendered":"<p><strong>Descripci\u00f3n:<\/strong><br \/>El extracto de cuachalalate compuesto \u00e1rnica es auxiliar en los problemas de \u00falcera g\u00e1strica, colitis, \u00falcera p\u00e9ptica y varicosa. Facilita la cicatrizaci\u00f3n. Excelente anti inflamatorio.<\/p>\n<p><strong>Modo de uso:<\/strong><br \/>20 gotas en 1\/4 de vaso de agua, 3 veces al d\u00eda. Agitarse antes de usar.<\/p>\n<p><strong>Contenido:<\/strong><br \/>55 ml.<\/p>\n<p><!----><\/p>\n","protected":false},"excerpt":{"rendered":"<p>Descripci\u00f3n:El extracto de cuachalalate compuesto \u00e1rnica es auxiliar en los problemas de \u00falcera g\u00e1strica, colitis, \u00falcera p\u00e9ptica y varicosa. Facilita la cicatrizaci\u00f3n. Excelente anti inflamatorio. Modo de uso:20 gotas en [&hellip;]<\/p>\n","protected":false},"featured_media":2049,"comment_status":"open","ping_status":"closed","template":"","meta":[],"product_brand":[444],"product_cat":[307,337,318],"product_tag":[28,96],"class_list":{"0":"post-5529","1":"product","2":"type-product","3":"status-publish","4":"has-post-thumbnail","6":"product_brand-natural-flower","7":"product_cat-nuevos","8":"product_cat-productos","9":"product_cat-salud","10":"product_tag-arnica","11":"product_tag-cuachalalate","13":"first","14":"instock","15":"shipping-taxable","16":"purchasable","17":"product-type-simple"},"_links":{"self":[{"href":"https:\/\/modest-napier.216-250-124-103.plesk.page\/index.php\/wp-json\/wp\/v2\/product\/5529","targetHints":{"allow":["GET"]}}],"collection":[{"href":"https:\/\/modest-napier.216-250-124-103.plesk.page\/index.php\/wp-json\/wp\/v2\/product"}],"about":[{"href":"https:\/\/modest-napier.216-250-124-103.plesk.page\/index.php\/wp-json\/wp\/v2\/types\/product"}],"replies":[{"embeddable":true,"href":"https:\/\/modest-napier.216-250-124-103.plesk.page\/index.php\/wp-json\/wp\/v2\/comments?post=5529"}],"wp:featuredmedia":[{"embeddable":true,"href":"https:\/\/modest-napier.216-250-124-103.plesk.page\/index.php\/wp-json\/wp\/v2\/media\/2049"}],"wp:attachment":[{"href":"https:\/\/modest-napier.216-250-124-103.plesk.page\/index.php\/wp-json\/wp\/v2\/media?parent=5529"}],"wp:term":[{"taxonomy":"product_brand","embeddable":true,"href":"https:\/\/modest-napier.216-250-124-103.plesk.page\/index.php\/wp-json\/wp\/v2\/product_brand?post=5529"},{"taxonomy":"product_cat","embeddable":true,"href":"https:\/\/modest-napier.216-250-124-103.plesk.page\/index.php\/wp-json\/wp\/v2\/product_cat?post=5529"},{"taxonomy":"product_tag","embeddable":true,"href":"https:\/\/modest-napier.216-250-124-103.plesk.page\/index.php\/wp-json\/wp\/v2\/product_tag?post=5529"}],"curies":[{"name":"wp","href":"https:\/\/api.w.org\/{rel}","templated":true}]}}