{"id":5551,"date":"2025-09-24T19:37:57","date_gmt":"2025-09-24T19:37:57","guid":{"rendered":"https:\/\/modest-napier.216-250-124-103.plesk.page\/index.php\/producto\/ext-me-vale-kids-fitoterapia-c-55-ml-naterra\/"},"modified":"2025-09-24T20:44:54","modified_gmt":"2025-09-24T20:44:54","slug":"ext-me-vale-kids-fitoterapia-c-55-ml-naterra","status":"publish","type":"product","link":"https:\/\/modest-napier.216-250-124-103.plesk.page\/index.php\/producto\/ext-me-vale-kids-fitoterapia-c-55-ml-naterra\/","title":{"rendered":"Extracto Me Vale Kids Fitoterapia 55 ml NaTerra"},"content":{"rendered":"<p><strong>Descripci\u00f3n:<\/strong><\/p>\n<p>Conoce el <strong>extracto Me Vale KIDS<\/strong>. Relaja el cuerpo y la mente, disminuye el estr\u00e9s, reduce el nerviosismo, agitaci\u00f3n y ansiedad.<\/p>\n<p>Auxiliar en el rendimiento escolar, d\u00e9ficit de atenci\u00f3n, hiperactividad y falta de concentraci\u00f3n.<\/p>\n<p>Mejora la calidad del sue\u00f1o y su concentraci\u00f3n.<\/p>\n<p><strong>Modo de uso:<\/strong><\/p>\n<p><span>Diluir 20 gotas en un vaso con agua 2 veces al d\u00eda despu\u00e9s de comer y cenar.<\/span><\/p>\n<p><strong>Contenido:<\/strong><\/p>\n<p>55 ml.<\/p>\n","protected":false},"excerpt":{"rendered":"<p>Descripci\u00f3n: Conoce el extracto Me Vale KIDS. Relaja el cuerpo y la mente, disminuye el estr\u00e9s, reduce el nerviosismo, agitaci\u00f3n y ansiedad. Auxiliar en el rendimiento escolar, d\u00e9ficit de atenci\u00f3n, [&hellip;]<\/p>\n","protected":false},"featured_media":2073,"comment_status":"open","ping_status":"closed","template":"","meta":[],"product_brand":[388],"product_cat":[303,337,318],"product_tag":[],"class_list":{"0":"post-5551","1":"product","2":"type-product","3":"status-publish","4":"has-post-thumbnail","6":"product_brand-naterra","7":"product_cat-insomnio-y-ansiedad","8":"product_cat-productos","9":"product_cat-salud","11":"first","12":"instock","13":"shipping-taxable","14":"purchasable","15":"product-type-simple"},"_links":{"self":[{"href":"https:\/\/modest-napier.216-250-124-103.plesk.page\/index.php\/wp-json\/wp\/v2\/product\/5551","targetHints":{"allow":["GET"]}}],"collection":[{"href":"https:\/\/modest-napier.216-250-124-103.plesk.page\/index.php\/wp-json\/wp\/v2\/product"}],"about":[{"href":"https:\/\/modest-napier.216-250-124-103.plesk.page\/index.php\/wp-json\/wp\/v2\/types\/product"}],"replies":[{"embeddable":true,"href":"https:\/\/modest-napier.216-250-124-103.plesk.page\/index.php\/wp-json\/wp\/v2\/comments?post=5551"}],"wp:featuredmedia":[{"embeddable":true,"href":"https:\/\/modest-napier.216-250-124-103.plesk.page\/index.php\/wp-json\/wp\/v2\/media\/2073"}],"wp:attachment":[{"href":"https:\/\/modest-napier.216-250-124-103.plesk.page\/index.php\/wp-json\/wp\/v2\/media?parent=5551"}],"wp:term":[{"taxonomy":"product_brand","embeddable":true,"href":"https:\/\/modest-napier.216-250-124-103.plesk.page\/index.php\/wp-json\/wp\/v2\/product_brand?post=5551"},{"taxonomy":"product_cat","embeddable":true,"href":"https:\/\/modest-napier.216-250-124-103.plesk.page\/index.php\/wp-json\/wp\/v2\/product_cat?post=5551"},{"taxonomy":"product_tag","embeddable":true,"href":"https:\/\/modest-napier.216-250-124-103.plesk.page\/index.php\/wp-json\/wp\/v2\/product_tag?post=5551"}],"curies":[{"name":"wp","href":"https:\/\/api.w.org\/{rel}","templated":true}]}}