{"id":5554,"date":"2025-09-24T19:38:01","date_gmt":"2025-09-24T19:38:01","guid":{"rendered":"https:\/\/modest-napier.216-250-124-103.plesk.page\/index.php\/producto\/extracto-anis-estrella-55-ml-aly\/"},"modified":"2025-09-24T20:47:39","modified_gmt":"2025-09-24T20:47:39","slug":"extracto-anis-estrella-55-ml-aly","status":"publish","type":"product","link":"https:\/\/modest-napier.216-250-124-103.plesk.page\/index.php\/producto\/extracto-anis-estrella-55-ml-aly\/","title":{"rendered":"Extracto de An\u00eds Estrella 55 ml Aly"},"content":{"rendered":"<p data-mce-fragment=\"1\"><strong data-mce-fragment=\"1\">Descripci\u00f3n:<\/strong><\/p>\n<p data-mce-fragment=\"1\"><span>Conoce el <strong>extracto de an\u00eds estrella<\/strong>. El\u00a0<\/span>an\u00eds<span>\u00a0estrellado es un elemento clave de cualquier herbolario, al que se atribuyen diversos\u00a0<\/span>beneficios<span>\u00a0para la salud, y que se suele usar como apoyo organol\u00e9ptico, pero tambi\u00e9n por sus virtudes y propiedades aperitivas, digestivas, antiespasm\u00f3dicas, antibacterianas, antivirales, antis\u00e9pticas y antif\u00fangicas.<\/span><\/p>\n<p data-mce-fragment=\"1\"><strong data-mce-fragment=\"1\">Modo de uso:<\/strong><\/p>\n<p data-mce-fragment=\"1\">Tomar 30 gotas en medio vaso de agua 3 verces al d\u00eda.<\/p>\n<p data-mce-fragment=\"1\"><strong data-mce-fragment=\"1\">Contenido:<\/strong><\/p>\n<p data-mce-fragment=\"1\">55 ml.<\/p>\n","protected":false},"excerpt":{"rendered":"<p>Descripci\u00f3n: Conoce el extracto de an\u00eds estrella. El\u00a0an\u00eds\u00a0estrellado es un elemento clave de cualquier herbolario, al que se atribuyen diversos\u00a0beneficios\u00a0para la salud, y que se suele usar como apoyo organol\u00e9ptico, [&hellip;]<\/p>\n","protected":false},"featured_media":2077,"comment_status":"open","ping_status":"closed","template":"","meta":[],"product_brand":[374],"product_cat":[298,337,318],"product_tag":[36],"class_list":{"0":"post-5554","1":"product","2":"type-product","3":"status-publish","4":"has-post-thumbnail","6":"product_brand-aly","7":"product_cat-extractos-para-la-salud","8":"product_cat-productos","9":"product_cat-salud","10":"product_tag-anis-estrella","12":"first","13":"instock","14":"shipping-taxable","15":"purchasable","16":"product-type-simple"},"_links":{"self":[{"href":"https:\/\/modest-napier.216-250-124-103.plesk.page\/index.php\/wp-json\/wp\/v2\/product\/5554","targetHints":{"allow":["GET"]}}],"collection":[{"href":"https:\/\/modest-napier.216-250-124-103.plesk.page\/index.php\/wp-json\/wp\/v2\/product"}],"about":[{"href":"https:\/\/modest-napier.216-250-124-103.plesk.page\/index.php\/wp-json\/wp\/v2\/types\/product"}],"replies":[{"embeddable":true,"href":"https:\/\/modest-napier.216-250-124-103.plesk.page\/index.php\/wp-json\/wp\/v2\/comments?post=5554"}],"wp:featuredmedia":[{"embeddable":true,"href":"https:\/\/modest-napier.216-250-124-103.plesk.page\/index.php\/wp-json\/wp\/v2\/media\/2077"}],"wp:attachment":[{"href":"https:\/\/modest-napier.216-250-124-103.plesk.page\/index.php\/wp-json\/wp\/v2\/media?parent=5554"}],"wp:term":[{"taxonomy":"product_brand","embeddable":true,"href":"https:\/\/modest-napier.216-250-124-103.plesk.page\/index.php\/wp-json\/wp\/v2\/product_brand?post=5554"},{"taxonomy":"product_cat","embeddable":true,"href":"https:\/\/modest-napier.216-250-124-103.plesk.page\/index.php\/wp-json\/wp\/v2\/product_cat?post=5554"},{"taxonomy":"product_tag","embeddable":true,"href":"https:\/\/modest-napier.216-250-124-103.plesk.page\/index.php\/wp-json\/wp\/v2\/product_tag?post=5554"}],"curies":[{"name":"wp","href":"https:\/\/api.w.org\/{rel}","templated":true}]}}