{"id":5561,"date":"2025-09-24T19:38:09","date_gmt":"2025-09-24T19:38:09","guid":{"rendered":"https:\/\/modest-napier.216-250-124-103.plesk.page\/index.php\/producto\/extracto-chupa-panza-premium-c-60-ml-e-s-natural\/"},"modified":"2025-09-24T20:43:54","modified_gmt":"2025-09-24T20:43:54","slug":"extracto-chupa-panza-premium-c-60-ml-e-s-natural","status":"publish","type":"product","link":"https:\/\/modest-napier.216-250-124-103.plesk.page\/index.php\/producto\/extracto-chupa-panza-premium-c-60-ml-e-s-natural\/","title":{"rendered":"Extracto Chupa Panza Premium 60ml E.S. Natural"},"content":{"rendered":"<p><strong>Descripci\u00f3n:\u00a0<\/strong><\/p>\n<p>El <strong>extracto Chupa Panza Premium<\/strong>\u00a0reduce la grasa corporal, favorece la sensaci\u00f3n de saciedad, acelera el metabolismo, corrige problemas de estre\u00f1imiento, normaliza la digesti\u00f3n.<\/p>\n<p><strong>Modo de uso:\u00a0<\/strong><\/p>\n<p>Tomar 40 gotas diluidas en un vaso con agua 3 veces al d\u00eda.<\/p>\n<p><strong>Contenido:\u00a0<\/strong><\/p>\n<p>60 ml.<\/p>\n","protected":false},"excerpt":{"rendered":"<p>Descripci\u00f3n:\u00a0 El extracto Chupa Panza Premium\u00a0reduce la grasa corporal, favorece la sensaci\u00f3n de saciedad, acelera el metabolismo, corrige problemas de estre\u00f1imiento, normaliza la digesti\u00f3n. Modo de uso:\u00a0 Tomar 40 gotas [&hellip;]<\/p>\n","protected":false},"featured_media":2085,"comment_status":"open","ping_status":"closed","template":"","meta":[],"product_brand":[479],"product_cat":[287,337,314],"product_tag":[],"class_list":{"0":"post-5561","1":"product","2":"type-product","3":"status-publish","4":"has-post-thumbnail","6":"product_brand-e-s-natural","7":"product_cat-baja-de-peso","8":"product_cat-productos","9":"product_cat-productos-para-bajar-de-peso","11":"first","12":"instock","13":"shipping-taxable","14":"purchasable","15":"product-type-simple"},"_links":{"self":[{"href":"https:\/\/modest-napier.216-250-124-103.plesk.page\/index.php\/wp-json\/wp\/v2\/product\/5561","targetHints":{"allow":["GET"]}}],"collection":[{"href":"https:\/\/modest-napier.216-250-124-103.plesk.page\/index.php\/wp-json\/wp\/v2\/product"}],"about":[{"href":"https:\/\/modest-napier.216-250-124-103.plesk.page\/index.php\/wp-json\/wp\/v2\/types\/product"}],"replies":[{"embeddable":true,"href":"https:\/\/modest-napier.216-250-124-103.plesk.page\/index.php\/wp-json\/wp\/v2\/comments?post=5561"}],"wp:featuredmedia":[{"embeddable":true,"href":"https:\/\/modest-napier.216-250-124-103.plesk.page\/index.php\/wp-json\/wp\/v2\/media\/2085"}],"wp:attachment":[{"href":"https:\/\/modest-napier.216-250-124-103.plesk.page\/index.php\/wp-json\/wp\/v2\/media?parent=5561"}],"wp:term":[{"taxonomy":"product_brand","embeddable":true,"href":"https:\/\/modest-napier.216-250-124-103.plesk.page\/index.php\/wp-json\/wp\/v2\/product_brand?post=5561"},{"taxonomy":"product_cat","embeddable":true,"href":"https:\/\/modest-napier.216-250-124-103.plesk.page\/index.php\/wp-json\/wp\/v2\/product_cat?post=5561"},{"taxonomy":"product_tag","embeddable":true,"href":"https:\/\/modest-napier.216-250-124-103.plesk.page\/index.php\/wp-json\/wp\/v2\/product_tag?post=5561"}],"curies":[{"name":"wp","href":"https:\/\/api.w.org\/{rel}","templated":true}]}}