{"id":5562,"date":"2025-09-24T19:38:11","date_gmt":"2025-09-24T19:38:11","guid":{"rendered":"https:\/\/modest-napier.216-250-124-103.plesk.page\/index.php\/producto\/extracto-cuachalalate-55-ml-gotero-tapa-roja-bot-yers\/"},"modified":"2025-09-24T20:47:37","modified_gmt":"2025-09-24T20:47:37","slug":"extracto-cuachalalate-55-ml-gotero-tapa-roja-bot-yers","status":"publish","type":"product","link":"https:\/\/modest-napier.216-250-124-103.plesk.page\/index.php\/producto\/extracto-cuachalalate-55-ml-gotero-tapa-roja-bot-yers\/","title":{"rendered":"Extracto de Cuachalalate 55 ml BOT.YERS"},"content":{"rendered":"<p data-mce-fragment=\"1\"><strong data-mce-fragment=\"1\">Descripci\u00f3n:<\/strong><\/p>\n<p data-mce-fragment=\"1\">El <strong>extracto de cuachalalate<\/strong> sirve para tratar una amplia gama de padecimientos tales como ulceras g\u00e1stricas, problemas hep\u00e1ticos, como purificador de la sangre, para tratar infecciones renales, para bajar los niveles de colesterol, contra piedras en la ves\u00edcula, \u00falceras bucales, dolor de muelas, fiebres intermitentes, venas varicosas, diabetes, fiebre tifoidea, malaria, y c\u00e1ncer del estomago.\u00a0<\/p>\n<p data-mce-fragment=\"1\"><strong data-mce-fragment=\"1\">Modo de uso:<\/strong><\/p>\n<p data-mce-fragment=\"1\">Tomar de 20 a 30 gotas en medio vaso de agua 3 veces al d\u00eda.<\/p>\n<p data-mce-fragment=\"1\"><strong data-mce-fragment=\"1\">Contenido:<\/strong><\/p>\n<p data-mce-fragment=\"1\">55 ml.<\/p>\n","protected":false},"excerpt":{"rendered":"<p>Descripci\u00f3n: El extracto de cuachalalate sirve para tratar una amplia gama de padecimientos tales como ulceras g\u00e1stricas, problemas hep\u00e1ticos, como purificador de la sangre, para tratar infecciones renales, para bajar [&hellip;]<\/p>\n","protected":false},"featured_media":2086,"comment_status":"open","ping_status":"closed","template":"","meta":[],"product_brand":[383],"product_cat":[298,337,318],"product_tag":[96],"class_list":{"0":"post-5562","1":"product","2":"type-product","3":"status-publish","4":"has-post-thumbnail","6":"product_brand-bot-yers","7":"product_cat-extractos-para-la-salud","8":"product_cat-productos","9":"product_cat-salud","10":"product_tag-cuachalalate","12":"first","13":"instock","14":"shipping-taxable","15":"purchasable","16":"product-type-simple"},"_links":{"self":[{"href":"https:\/\/modest-napier.216-250-124-103.plesk.page\/index.php\/wp-json\/wp\/v2\/product\/5562","targetHints":{"allow":["GET"]}}],"collection":[{"href":"https:\/\/modest-napier.216-250-124-103.plesk.page\/index.php\/wp-json\/wp\/v2\/product"}],"about":[{"href":"https:\/\/modest-napier.216-250-124-103.plesk.page\/index.php\/wp-json\/wp\/v2\/types\/product"}],"replies":[{"embeddable":true,"href":"https:\/\/modest-napier.216-250-124-103.plesk.page\/index.php\/wp-json\/wp\/v2\/comments?post=5562"}],"wp:featuredmedia":[{"embeddable":true,"href":"https:\/\/modest-napier.216-250-124-103.plesk.page\/index.php\/wp-json\/wp\/v2\/media\/2086"}],"wp:attachment":[{"href":"https:\/\/modest-napier.216-250-124-103.plesk.page\/index.php\/wp-json\/wp\/v2\/media?parent=5562"}],"wp:term":[{"taxonomy":"product_brand","embeddable":true,"href":"https:\/\/modest-napier.216-250-124-103.plesk.page\/index.php\/wp-json\/wp\/v2\/product_brand?post=5562"},{"taxonomy":"product_cat","embeddable":true,"href":"https:\/\/modest-napier.216-250-124-103.plesk.page\/index.php\/wp-json\/wp\/v2\/product_cat?post=5562"},{"taxonomy":"product_tag","embeddable":true,"href":"https:\/\/modest-napier.216-250-124-103.plesk.page\/index.php\/wp-json\/wp\/v2\/product_tag?post=5562"}],"curies":[{"name":"wp","href":"https:\/\/api.w.org\/{rel}","templated":true}]}}