{"id":5567,"date":"2025-09-24T19:38:18","date_gmt":"2025-09-24T19:38:18","guid":{"rendered":"https:\/\/modest-napier.216-250-124-103.plesk.page\/index.php\/producto\/extracto-diabetina-55ml-tapa-amarilla-aly\/"},"modified":"2025-09-24T20:47:37","modified_gmt":"2025-09-24T20:47:37","slug":"extracto-diabetina-55ml-tapa-amarilla-aly","status":"publish","type":"product","link":"https:\/\/modest-napier.216-250-124-103.plesk.page\/index.php\/producto\/extracto-diabetina-55ml-tapa-amarilla-aly\/","title":{"rendered":"Extracto Diabetina 55 ml Aly"},"content":{"rendered":"<p data-mce-fragment=\"1\"><strong data-mce-fragment=\"1\">Descripci\u00f3n:<\/strong><\/p>\n<p data-mce-fragment=\"1\"><span>El <strong>extracto Diabetin<\/strong> es una combinaci\u00f3n herbal\u00a0que promueve la actividad pancre\u00e1tica para regular los niveles de glucosa sangu\u00ednea. Puede contribuir al tratamiento de la diabetes, como un apoyo herbo-diet\u00e9tico que combate las alteraciones en los niveles de az\u00facar en la sangre.<\/span><\/p>\n<p data-mce-fragment=\"1\"><strong data-mce-fragment=\"1\">Modo de uso:<\/strong><\/p>\n<p data-mce-fragment=\"1\">Tomar de 20 a 30 gotas en medio vaso de agua 3 veces al d\u00eda.<\/p>\n<p data-mce-fragment=\"1\"><strong data-mce-fragment=\"1\">Contenido:<\/strong><\/p>\n<p data-mce-fragment=\"1\">55 ml.<\/p>\n","protected":false},"excerpt":{"rendered":"<p>Descripci\u00f3n: El extracto Diabetin es una combinaci\u00f3n herbal\u00a0que promueve la actividad pancre\u00e1tica para regular los niveles de glucosa sangu\u00ednea. Puede contribuir al tratamiento de la diabetes, como un apoyo herbo-diet\u00e9tico [&hellip;]<\/p>\n","protected":false},"featured_media":2091,"comment_status":"open","ping_status":"closed","template":"","meta":[],"product_brand":[374],"product_cat":[296,337,318],"product_tag":[],"class_list":{"0":"post-5567","1":"product","2":"type-product","3":"status-publish","4":"has-post-thumbnail","6":"product_brand-aly","7":"product_cat-diabetes-y-sus-sintomas","8":"product_cat-productos","9":"product_cat-salud","11":"first","12":"instock","13":"shipping-taxable","14":"purchasable","15":"product-type-simple"},"_links":{"self":[{"href":"https:\/\/modest-napier.216-250-124-103.plesk.page\/index.php\/wp-json\/wp\/v2\/product\/5567","targetHints":{"allow":["GET"]}}],"collection":[{"href":"https:\/\/modest-napier.216-250-124-103.plesk.page\/index.php\/wp-json\/wp\/v2\/product"}],"about":[{"href":"https:\/\/modest-napier.216-250-124-103.plesk.page\/index.php\/wp-json\/wp\/v2\/types\/product"}],"replies":[{"embeddable":true,"href":"https:\/\/modest-napier.216-250-124-103.plesk.page\/index.php\/wp-json\/wp\/v2\/comments?post=5567"}],"wp:featuredmedia":[{"embeddable":true,"href":"https:\/\/modest-napier.216-250-124-103.plesk.page\/index.php\/wp-json\/wp\/v2\/media\/2091"}],"wp:attachment":[{"href":"https:\/\/modest-napier.216-250-124-103.plesk.page\/index.php\/wp-json\/wp\/v2\/media?parent=5567"}],"wp:term":[{"taxonomy":"product_brand","embeddable":true,"href":"https:\/\/modest-napier.216-250-124-103.plesk.page\/index.php\/wp-json\/wp\/v2\/product_brand?post=5567"},{"taxonomy":"product_cat","embeddable":true,"href":"https:\/\/modest-napier.216-250-124-103.plesk.page\/index.php\/wp-json\/wp\/v2\/product_cat?post=5567"},{"taxonomy":"product_tag","embeddable":true,"href":"https:\/\/modest-napier.216-250-124-103.plesk.page\/index.php\/wp-json\/wp\/v2\/product_tag?post=5567"}],"curies":[{"name":"wp","href":"https:\/\/api.w.org\/{rel}","templated":true}]}}