{"id":5568,"date":"2025-09-24T19:38:19","date_gmt":"2025-09-24T19:38:19","guid":{"rendered":"https:\/\/modest-napier.216-250-124-103.plesk.page\/index.php\/producto\/extracto-dona-chana-de-propoleo-sprait-c-60-ml-shanaturals\/"},"modified":"2025-09-24T20:45:24","modified_gmt":"2025-09-24T20:45:24","slug":"extracto-dona-chana-de-propoleo-sprait-c-60-ml-shanaturals","status":"publish","type":"product","link":"https:\/\/modest-napier.216-250-124-103.plesk.page\/index.php\/producto\/extracto-dona-chana-de-propoleo-sprait-c-60-ml-shanaturals\/","title":{"rendered":"Do\u00f1a Chana Extracto de Prop\u00f3leo 60 ml Shanatural&#8217;s"},"content":{"rendered":"<p data-mce-fragment=\"1\"><strong data-mce-fragment=\"1\">Descripci\u00f3n:<\/strong><\/p>\n<p data-mce-fragment=\"1\"><span>El <strong>extracto Do\u00f1a Chana de prop\u00f3leo en spray<\/strong> es auxiliar en afecciones del aparato respiratorio, auxiliar en afecciones del aparato digestivo y auxiliar en el control de colitis, laringitis y gastritis.<\/span><\/p>\n<p data-mce-fragment=\"1\"><strong data-mce-fragment=\"1\">Modo de uso:<\/strong><\/p>\n<p data-mce-fragment=\"1\">Aplicar de forma directa sobre el \u00e1rea afectada cada 2 o 3 hrs.<\/p>\n<p data-mce-fragment=\"1\"><strong data-mce-fragment=\"1\">Contenido:<\/strong><\/p>\n<p data-mce-fragment=\"1\">60 ml.<\/p>\n","protected":false},"excerpt":{"rendered":"<p>Descripci\u00f3n: El extracto Do\u00f1a Chana de prop\u00f3leo en spray es auxiliar en afecciones del aparato respiratorio, auxiliar en afecciones del aparato digestivo y auxiliar en el control de colitis, laringitis [&hellip;]<\/p>\n","protected":false},"featured_media":2092,"comment_status":"open","ping_status":"closed","template":"","meta":[],"product_brand":[362],"product_cat":[298,337,318],"product_tag":[84],"class_list":{"0":"post-5568","1":"product","2":"type-product","3":"status-publish","4":"has-post-thumbnail","6":"product_brand-shanaturals","7":"product_cat-extractos-para-la-salud","8":"product_cat-productos","9":"product_cat-salud","10":"product_tag-propoleo","12":"first","13":"instock","14":"shipping-taxable","15":"purchasable","16":"product-type-simple"},"_links":{"self":[{"href":"https:\/\/modest-napier.216-250-124-103.plesk.page\/index.php\/wp-json\/wp\/v2\/product\/5568","targetHints":{"allow":["GET"]}}],"collection":[{"href":"https:\/\/modest-napier.216-250-124-103.plesk.page\/index.php\/wp-json\/wp\/v2\/product"}],"about":[{"href":"https:\/\/modest-napier.216-250-124-103.plesk.page\/index.php\/wp-json\/wp\/v2\/types\/product"}],"replies":[{"embeddable":true,"href":"https:\/\/modest-napier.216-250-124-103.plesk.page\/index.php\/wp-json\/wp\/v2\/comments?post=5568"}],"wp:featuredmedia":[{"embeddable":true,"href":"https:\/\/modest-napier.216-250-124-103.plesk.page\/index.php\/wp-json\/wp\/v2\/media\/2092"}],"wp:attachment":[{"href":"https:\/\/modest-napier.216-250-124-103.plesk.page\/index.php\/wp-json\/wp\/v2\/media?parent=5568"}],"wp:term":[{"taxonomy":"product_brand","embeddable":true,"href":"https:\/\/modest-napier.216-250-124-103.plesk.page\/index.php\/wp-json\/wp\/v2\/product_brand?post=5568"},{"taxonomy":"product_cat","embeddable":true,"href":"https:\/\/modest-napier.216-250-124-103.plesk.page\/index.php\/wp-json\/wp\/v2\/product_cat?post=5568"},{"taxonomy":"product_tag","embeddable":true,"href":"https:\/\/modest-napier.216-250-124-103.plesk.page\/index.php\/wp-json\/wp\/v2\/product_tag?post=5568"}],"curies":[{"name":"wp","href":"https:\/\/api.w.org\/{rel}","templated":true}]}}