{"id":5577,"date":"2025-09-24T19:38:30","date_gmt":"2025-09-24T19:38:30","guid":{"rendered":"https:\/\/modest-napier.216-250-124-103.plesk.page\/index.php\/producto\/extracto-me-vale-madre-60-ml-naranja\/"},"modified":"2025-09-24T20:47:35","modified_gmt":"2025-09-24T20:47:35","slug":"extracto-me-vale-madre-60-ml-naranja","status":"publish","type":"product","link":"https:\/\/modest-napier.216-250-124-103.plesk.page\/index.php\/producto\/extracto-me-vale-madre-60-ml-naranja\/","title":{"rendered":"Extracto Me Vale Madre 60 ml Naranja"},"content":{"rendered":"<p data-mce-fragment=\"1\"><strong data-mce-fragment=\"1\">Descripci\u00f3n:<\/strong><\/p>\n<p data-mce-fragment=\"1\">Colabora a relajarse, combatir el insomnio, estr\u00e9s, ansiedad e incluso crisis de nervios, ayuda significativamente a descansar, dormir y mejorar el estado de \u00e1nimo tras el sue\u00f1o reparador.<\/p>\n<p data-mce-fragment=\"1\"><span data-mce-fragment=\"1\"><\/span><span data-mce-fragment=\"1\"><\/span><strong data-mce-fragment=\"1\">Modo de uso:<\/strong><\/p>\n<p data-mce-fragment=\"1\">Adultos: 30 gotas en un vaso de agua 3 veces al d\u00eda.\u00a0<\/p>\n<p data-mce-fragment=\"1\">Ni\u00f1os: 15 gotas en un vaso de agua 3 veces al dia.<\/p>\n<p data-mce-fragment=\"1\"><strong data-mce-fragment=\"1\">Contenido:<\/strong><\/p>\n<p data-mce-fragment=\"1\">60 ml.<\/p>\n","protected":false},"excerpt":{"rendered":"<p>Descripci\u00f3n: Colabora a relajarse, combatir el insomnio, estr\u00e9s, ansiedad e incluso crisis de nervios, ayuda significativamente a descansar, dormir y mejorar el estado de \u00e1nimo tras el sue\u00f1o reparador. Modo [&hellip;]<\/p>\n","protected":false},"featured_media":2101,"comment_status":"open","ping_status":"closed","template":"","meta":[],"product_brand":[427],"product_cat":[303,337,318],"product_tag":[],"class_list":{"0":"post-5577","1":"product","2":"type-product","3":"status-publish","4":"has-post-thumbnail","6":"product_brand-mundo-go","7":"product_cat-insomnio-y-ansiedad","8":"product_cat-productos","9":"product_cat-salud","11":"first","12":"instock","13":"shipping-taxable","14":"purchasable","15":"product-type-simple"},"_links":{"self":[{"href":"https:\/\/modest-napier.216-250-124-103.plesk.page\/index.php\/wp-json\/wp\/v2\/product\/5577","targetHints":{"allow":["GET"]}}],"collection":[{"href":"https:\/\/modest-napier.216-250-124-103.plesk.page\/index.php\/wp-json\/wp\/v2\/product"}],"about":[{"href":"https:\/\/modest-napier.216-250-124-103.plesk.page\/index.php\/wp-json\/wp\/v2\/types\/product"}],"replies":[{"embeddable":true,"href":"https:\/\/modest-napier.216-250-124-103.plesk.page\/index.php\/wp-json\/wp\/v2\/comments?post=5577"}],"wp:featuredmedia":[{"embeddable":true,"href":"https:\/\/modest-napier.216-250-124-103.plesk.page\/index.php\/wp-json\/wp\/v2\/media\/2101"}],"wp:attachment":[{"href":"https:\/\/modest-napier.216-250-124-103.plesk.page\/index.php\/wp-json\/wp\/v2\/media?parent=5577"}],"wp:term":[{"taxonomy":"product_brand","embeddable":true,"href":"https:\/\/modest-napier.216-250-124-103.plesk.page\/index.php\/wp-json\/wp\/v2\/product_brand?post=5577"},{"taxonomy":"product_cat","embeddable":true,"href":"https:\/\/modest-napier.216-250-124-103.plesk.page\/index.php\/wp-json\/wp\/v2\/product_cat?post=5577"},{"taxonomy":"product_tag","embeddable":true,"href":"https:\/\/modest-napier.216-250-124-103.plesk.page\/index.php\/wp-json\/wp\/v2\/product_tag?post=5577"}],"curies":[{"name":"wp","href":"https:\/\/api.w.org\/{rel}","templated":true}]}}