{"id":5579,"date":"2025-09-24T19:38:32","date_gmt":"2025-09-24T19:38:32","guid":{"rendered":"https:\/\/modest-napier.216-250-124-103.plesk.page\/index.php\/producto\/extracto-para-dolor-de-cabeza-50-ml-naterra\/"},"modified":"2025-09-24T20:44:54","modified_gmt":"2025-09-24T20:44:54","slug":"ext-dolor-de-cabeza-c-50-ml-naterra","status":"publish","type":"product","link":"https:\/\/modest-napier.216-250-124-103.plesk.page\/index.php\/producto\/ext-dolor-de-cabeza-c-50-ml-naterra\/","title":{"rendered":"Extracto para Dolor de Cabeza 50 ml NaTerra"},"content":{"rendered":"<p data-mce-fragment=\"1\"><strong data-mce-fragment=\"1\">Descripci\u00f3n:<\/strong><\/p>\n<p>Conoce este <strong>extracto para dolor de cabeza<\/strong>. Sus componentes relajantes inducen el sue\u00f1o y fomenta el descanso.<\/p>\n<p>Tranquiliza el sistema nervioso controlando el estr\u00e9s. Disminuye la irritabilidad, efectivo en contra del cansancio, evitando la aparici\u00f3n de manchas en la piel producidas por nerviosismo.<\/p>\n<p data-mce-fragment=\"1\"><strong data-mce-fragment=\"1\">Ingredientes:<\/strong><\/p>\n<p data-mce-fragment=\"1\">Vitamina C, Vitamina D3, \u00c1cido glut\u00e1mico, Azahar, Valeriana, Manzanilla, Tila, Camelia.<\/p>\n<p data-mce-fragment=\"1\"><strong data-mce-fragment=\"1\">Modo de uso:<\/strong><\/p>\n<p data-mce-fragment=\"1\"><span>Diluir 30 gotas en 1\/4 de vaso con agua, 3 veces al d\u00eda despu\u00e9s de los alimentos.<\/span><\/p>\n<p data-mce-fragment=\"1\"><strong data-mce-fragment=\"1\">Contenido:<\/strong><\/p>\n<p data-mce-fragment=\"1\">50 ml.<\/p>\n","protected":false},"excerpt":{"rendered":"<p>Descripci\u00f3n: Conoce este extracto para dolor de cabeza. Sus componentes relajantes inducen el sue\u00f1o y fomenta el descanso. Tranquiliza el sistema nervioso controlando el estr\u00e9s. Disminuye la irritabilidad, efectivo en [&hellip;]<\/p>\n","protected":false},"featured_media":2103,"comment_status":"open","ping_status":"closed","template":"","meta":[],"product_brand":[388],"product_cat":[298,337,318],"product_tag":[81,47,172,79,86,87],"class_list":{"0":"post-5579","1":"product","2":"type-product","3":"status-publish","4":"has-post-thumbnail","6":"product_brand-naterra","7":"product_cat-extractos-para-la-salud","8":"product_cat-productos","9":"product_cat-salud","10":"product_tag-acido-glutamico","11":"product_tag-manzanilla","12":"product_tag-tila","13":"product_tag-valeriana","14":"product_tag-vitamina-c","15":"product_tag-vitamina-d","17":"first","18":"instock","19":"shipping-taxable","20":"purchasable","21":"product-type-simple"},"_links":{"self":[{"href":"https:\/\/modest-napier.216-250-124-103.plesk.page\/index.php\/wp-json\/wp\/v2\/product\/5579","targetHints":{"allow":["GET"]}}],"collection":[{"href":"https:\/\/modest-napier.216-250-124-103.plesk.page\/index.php\/wp-json\/wp\/v2\/product"}],"about":[{"href":"https:\/\/modest-napier.216-250-124-103.plesk.page\/index.php\/wp-json\/wp\/v2\/types\/product"}],"replies":[{"embeddable":true,"href":"https:\/\/modest-napier.216-250-124-103.plesk.page\/index.php\/wp-json\/wp\/v2\/comments?post=5579"}],"wp:featuredmedia":[{"embeddable":true,"href":"https:\/\/modest-napier.216-250-124-103.plesk.page\/index.php\/wp-json\/wp\/v2\/media\/2103"}],"wp:attachment":[{"href":"https:\/\/modest-napier.216-250-124-103.plesk.page\/index.php\/wp-json\/wp\/v2\/media?parent=5579"}],"wp:term":[{"taxonomy":"product_brand","embeddable":true,"href":"https:\/\/modest-napier.216-250-124-103.plesk.page\/index.php\/wp-json\/wp\/v2\/product_brand?post=5579"},{"taxonomy":"product_cat","embeddable":true,"href":"https:\/\/modest-napier.216-250-124-103.plesk.page\/index.php\/wp-json\/wp\/v2\/product_cat?post=5579"},{"taxonomy":"product_tag","embeddable":true,"href":"https:\/\/modest-napier.216-250-124-103.plesk.page\/index.php\/wp-json\/wp\/v2\/product_tag?post=5579"}],"curies":[{"name":"wp","href":"https:\/\/api.w.org\/{rel}","templated":true}]}}