{"id":5585,"date":"2025-09-24T19:38:40","date_gmt":"2025-09-24T19:38:40","guid":{"rendered":"https:\/\/modest-napier.216-250-124-103.plesk.page\/index.php\/producto\/extracto-rabano-negro-55ml-tapa-cafe-aly\/"},"modified":"2025-09-24T20:47:34","modified_gmt":"2025-09-24T20:47:34","slug":"extracto-rabano-negro-55ml-tapa-cafe-aly","status":"publish","type":"product","link":"https:\/\/modest-napier.216-250-124-103.plesk.page\/index.php\/producto\/extracto-rabano-negro-55ml-tapa-cafe-aly\/","title":{"rendered":"Extracto de R\u00e1bano Negro 55 ml Aly"},"content":{"rendered":"<p data-mce-fragment=\"1\"><strong data-mce-fragment=\"1\">Descripci\u00f3n:<\/strong><\/p>\n<p data-mce-fragment=\"1\">El <strong>extracto de r\u00e1bano negro<\/strong>\u00a0ayuda a aliviar indigestiones producidas por un exceso de alimentos y favorece la digesti\u00f3n de las comidas muy grasas. Al ayudar al h\u00edgado a procesar mejor las grasas, es tambi\u00e9n un buen aliado para luchar contra el colesterol. La planta es adem\u00e1s rica en antioxidantes.<\/p>\n<p data-mce-fragment=\"1\">\u00a0<\/p>\n<p data-mce-fragment=\"1\"><strong data-mce-fragment=\"1\">Modo de uso:<\/strong><\/p>\n<p data-mce-fragment=\"1\">Tomar 30 gotas en un vaso con agua 3 veces al d\u00eda.\u00a0<\/p>\n<p data-mce-fragment=\"1\"><strong data-mce-fragment=\"1\">Contenido:<\/strong><\/p>\n<p data-mce-fragment=\"1\">55 ml.<\/p>\n","protected":false},"excerpt":{"rendered":"<p>Descripci\u00f3n: El extracto de r\u00e1bano negro\u00a0ayuda a aliviar indigestiones producidas por un exceso de alimentos y favorece la digesti\u00f3n de las comidas muy grasas. Al ayudar al h\u00edgado a procesar [&hellip;]<\/p>\n","protected":false},"featured_media":2109,"comment_status":"open","ping_status":"closed","template":"","meta":[],"product_brand":[374],"product_cat":[298,337,318],"product_tag":[199],"class_list":{"0":"post-5585","1":"product","2":"type-product","3":"status-publish","4":"has-post-thumbnail","6":"product_brand-aly","7":"product_cat-extractos-para-la-salud","8":"product_cat-productos","9":"product_cat-salud","10":"product_tag-rabano-negro","12":"first","13":"outofstock","14":"shipping-taxable","15":"purchasable","16":"product-type-simple"},"_links":{"self":[{"href":"https:\/\/modest-napier.216-250-124-103.plesk.page\/index.php\/wp-json\/wp\/v2\/product\/5585","targetHints":{"allow":["GET"]}}],"collection":[{"href":"https:\/\/modest-napier.216-250-124-103.plesk.page\/index.php\/wp-json\/wp\/v2\/product"}],"about":[{"href":"https:\/\/modest-napier.216-250-124-103.plesk.page\/index.php\/wp-json\/wp\/v2\/types\/product"}],"replies":[{"embeddable":true,"href":"https:\/\/modest-napier.216-250-124-103.plesk.page\/index.php\/wp-json\/wp\/v2\/comments?post=5585"}],"wp:featuredmedia":[{"embeddable":true,"href":"https:\/\/modest-napier.216-250-124-103.plesk.page\/index.php\/wp-json\/wp\/v2\/media\/2109"}],"wp:attachment":[{"href":"https:\/\/modest-napier.216-250-124-103.plesk.page\/index.php\/wp-json\/wp\/v2\/media?parent=5585"}],"wp:term":[{"taxonomy":"product_brand","embeddable":true,"href":"https:\/\/modest-napier.216-250-124-103.plesk.page\/index.php\/wp-json\/wp\/v2\/product_brand?post=5585"},{"taxonomy":"product_cat","embeddable":true,"href":"https:\/\/modest-napier.216-250-124-103.plesk.page\/index.php\/wp-json\/wp\/v2\/product_cat?post=5585"},{"taxonomy":"product_tag","embeddable":true,"href":"https:\/\/modest-napier.216-250-124-103.plesk.page\/index.php\/wp-json\/wp\/v2\/product_tag?post=5585"}],"curies":[{"name":"wp","href":"https:\/\/api.w.org\/{rel}","templated":true}]}}