{"id":5593,"date":"2025-09-24T19:38:52","date_gmt":"2025-09-24T19:38:52","guid":{"rendered":"https:\/\/modest-napier.216-250-124-103.plesk.page\/index.php\/producto\/fibra-chia-linaza-500-gr-herbitaleliminado\/"},"modified":"2025-09-24T19:38:53","modified_gmt":"2025-09-24T19:38:53","slug":"fibra-chia-linaza-500-gr-herbitaleliminado","status":"publish","type":"product","link":"https:\/\/modest-napier.216-250-124-103.plesk.page\/index.php\/producto\/fibra-chia-linaza-500-gr-herbitaleliminado\/","title":{"rendered":"FIBRA CHIA LINAZA 500 GR HERBITAL(ELIMINADO)"},"content":{"rendered":"<p data-mce-fragment=\"1\"><strong data-mce-fragment=\"1\">Descripci\u00f3n:<\/strong><\/p>\n<p data-mce-fragment=\"1\">Las\u00a0propiedades\u00a0y\u00a0beneficios\u00a0que generan en la nutrici\u00f3n la\u00a0Ch\u00eda\u00a0y la\u00a0Linaza\u00a0no son pocos debido a su alto contenido en\u00a0Omega 3, ayudando a\u00a0reducir\u00a0el\u00a0colesterol\u00a0y los\u00a0triglic\u00e9ridos.<\/p>\n<p data-mce-fragment=\"1\"><span>Es ideal para las personas que deseen bajar de peso porque al igual que la Ch\u00eda absorbe mucha agua lo que provoca una sensaci\u00f3n de saciedad, por lo tanto en una gran cantidad hay pocas calor\u00edas.<\/span><\/p>\n<p data-mce-fragment=\"1\"><strong data-mce-fragment=\"1\">Modo de uso:<\/strong><\/p>\n<p data-mce-fragment=\"1\"><span>Tomar 2 cucharas antes de cada comida, mezcladas en un vaso con agua o tomar 3 veces al d\u00eda.<\/span><\/p>\n<p data-mce-fragment=\"1\"><strong data-mce-fragment=\"1\">Contenido:<\/strong><\/p>\n<p data-mce-fragment=\"1\">500 GRS.<\/p>\n","protected":false},"excerpt":{"rendered":"<p>Descripci\u00f3n: Las\u00a0propiedades\u00a0y\u00a0beneficios\u00a0que generan en la nutrici\u00f3n la\u00a0Ch\u00eda\u00a0y la\u00a0Linaza\u00a0no son pocos debido a su alto contenido en\u00a0Omega 3, ayudando a\u00a0reducir\u00a0el\u00a0colesterol\u00a0y los\u00a0triglic\u00e9ridos. Es ideal para las personas que deseen bajar de peso [&hellip;]<\/p>\n","protected":false},"featured_media":2117,"comment_status":"open","ping_status":"closed","template":"","meta":[],"product_brand":[],"product_cat":[287,308,337],"product_tag":[],"class_list":{"0":"post-5593","1":"product","2":"type-product","3":"status-publish","4":"has-post-thumbnail","6":"product_cat-baja-de-peso","7":"product_cat-nutricion","8":"product_cat-productos","10":"first","11":"outofstock","12":"shipping-taxable","13":"purchasable","14":"product-type-simple"},"_links":{"self":[{"href":"https:\/\/modest-napier.216-250-124-103.plesk.page\/index.php\/wp-json\/wp\/v2\/product\/5593","targetHints":{"allow":["GET"]}}],"collection":[{"href":"https:\/\/modest-napier.216-250-124-103.plesk.page\/index.php\/wp-json\/wp\/v2\/product"}],"about":[{"href":"https:\/\/modest-napier.216-250-124-103.plesk.page\/index.php\/wp-json\/wp\/v2\/types\/product"}],"replies":[{"embeddable":true,"href":"https:\/\/modest-napier.216-250-124-103.plesk.page\/index.php\/wp-json\/wp\/v2\/comments?post=5593"}],"wp:featuredmedia":[{"embeddable":true,"href":"https:\/\/modest-napier.216-250-124-103.plesk.page\/index.php\/wp-json\/wp\/v2\/media\/2117"}],"wp:attachment":[{"href":"https:\/\/modest-napier.216-250-124-103.plesk.page\/index.php\/wp-json\/wp\/v2\/media?parent=5593"}],"wp:term":[{"taxonomy":"product_brand","embeddable":true,"href":"https:\/\/modest-napier.216-250-124-103.plesk.page\/index.php\/wp-json\/wp\/v2\/product_brand?post=5593"},{"taxonomy":"product_cat","embeddable":true,"href":"https:\/\/modest-napier.216-250-124-103.plesk.page\/index.php\/wp-json\/wp\/v2\/product_cat?post=5593"},{"taxonomy":"product_tag","embeddable":true,"href":"https:\/\/modest-napier.216-250-124-103.plesk.page\/index.php\/wp-json\/wp\/v2\/product_tag?post=5593"}],"curies":[{"name":"wp","href":"https:\/\/api.w.org\/{rel}","templated":true}]}}