{"id":5595,"date":"2025-09-24T19:38:54","date_gmt":"2025-09-24T19:38:54","guid":{"rendered":"https:\/\/modest-napier.216-250-124-103.plesk.page\/index.php\/producto\/fibra-chupa-panza-curcuma-jengibre-c-500-gr-bio-organics\/"},"modified":"2025-09-24T20:45:24","modified_gmt":"2025-09-24T20:45:24","slug":"fibra-chupa-panza-curcuma-jengibre-c-500-gr-bio-organics","status":"publish","type":"product","link":"https:\/\/modest-napier.216-250-124-103.plesk.page\/index.php\/producto\/fibra-chupa-panza-curcuma-jengibre-c-500-gr-bio-organics\/","title":{"rendered":"Fibra Chupa Panza C\u00farcuma + Jengibre 500 g"},"content":{"rendered":"<p data-mce-fragment=\"1\"><strong data-mce-fragment=\"1\">Descripci\u00f3n:<\/strong><\/p>\n<div dir=\"auto\" data-mce-fragment=\"1\">\n<p>La <strong>fibra Chupa Panza<\/strong> con c\u00farcuma y jengibre ayuda a reducir tallas, quemar grasa, y desinflamar. Auxiliar con estre\u00f1imiento, colitis, c\u00f3licos y gastritis. Ayuda al sistema digestivo, urinario y circulatorio.<\/p>\n<\/div>\n<div dir=\"auto\" data-mce-fragment=\"1\"><\/div>\n<div dir=\"auto\" data-mce-fragment=\"1\"><\/div>\n<p data-mce-fragment=\"1\"><strong data-mce-fragment=\"1\">Modo de uso:<\/strong><\/p>\n<p data-mce-fragment=\"1\">Tomar 1 cucharada sopera, diluida en un vaso de agua. Preferentemente por las noches.<\/p>\n<p data-mce-fragment=\"1\"><strong data-mce-fragment=\"1\">Contenido:<\/strong><\/p>\n<p data-mce-fragment=\"1\">500 g.<\/p>\n","protected":false},"excerpt":{"rendered":"<p>Descripci\u00f3n: La fibra Chupa Panza con c\u00farcuma y jengibre ayuda a reducir tallas, quemar grasa, y desinflamar. Auxiliar con estre\u00f1imiento, colitis, c\u00f3licos y gastritis. Ayuda al sistema digestivo, urinario y [&hellip;]<\/p>\n","protected":false},"featured_media":5597,"comment_status":"open","ping_status":"closed","template":"","meta":[],"product_brand":[558],"product_cat":[287,337,318,331],"product_tag":[151,136],"class_list":{"0":"post-5595","1":"product","2":"type-product","3":"status-publish","4":"has-post-thumbnail","6":"product_brand-bio-organics","7":"product_cat-baja-de-peso","8":"product_cat-productos","9":"product_cat-salud","10":"product_cat-suplementos-bajar-de-peso","11":"product_tag-curcuma","12":"product_tag-jengibre","14":"first","15":"instock","16":"shipping-taxable","17":"purchasable","18":"product-type-simple"},"_links":{"self":[{"href":"https:\/\/modest-napier.216-250-124-103.plesk.page\/index.php\/wp-json\/wp\/v2\/product\/5595","targetHints":{"allow":["GET"]}}],"collection":[{"href":"https:\/\/modest-napier.216-250-124-103.plesk.page\/index.php\/wp-json\/wp\/v2\/product"}],"about":[{"href":"https:\/\/modest-napier.216-250-124-103.plesk.page\/index.php\/wp-json\/wp\/v2\/types\/product"}],"replies":[{"embeddable":true,"href":"https:\/\/modest-napier.216-250-124-103.plesk.page\/index.php\/wp-json\/wp\/v2\/comments?post=5595"}],"wp:featuredmedia":[{"embeddable":true,"href":"https:\/\/modest-napier.216-250-124-103.plesk.page\/index.php\/wp-json\/wp\/v2\/media\/5597"}],"wp:attachment":[{"href":"https:\/\/modest-napier.216-250-124-103.plesk.page\/index.php\/wp-json\/wp\/v2\/media?parent=5595"}],"wp:term":[{"taxonomy":"product_brand","embeddable":true,"href":"https:\/\/modest-napier.216-250-124-103.plesk.page\/index.php\/wp-json\/wp\/v2\/product_brand?post=5595"},{"taxonomy":"product_cat","embeddable":true,"href":"https:\/\/modest-napier.216-250-124-103.plesk.page\/index.php\/wp-json\/wp\/v2\/product_cat?post=5595"},{"taxonomy":"product_tag","embeddable":true,"href":"https:\/\/modest-napier.216-250-124-103.plesk.page\/index.php\/wp-json\/wp\/v2\/product_tag?post=5595"}],"curies":[{"name":"wp","href":"https:\/\/api.w.org\/{rel}","templated":true}]}}