{"id":5596,"date":"2025-09-24T19:38:55","date_gmt":"2025-09-24T19:38:55","guid":{"rendered":"https:\/\/modest-napier.216-250-124-103.plesk.page\/index.php\/producto\/fibra-chupa-panza-de-jengibre-curcuma-frutos-rojos-500-gm\/"},"modified":"2025-09-24T20:47:33","modified_gmt":"2025-09-24T20:47:33","slug":"fibra-chupa-panza-de-jengibre-curcuma-frutos-rojos-500-gm","status":"publish","type":"product","link":"https:\/\/modest-napier.216-250-124-103.plesk.page\/index.php\/producto\/fibra-chupa-panza-de-jengibre-curcuma-frutos-rojos-500-gm\/","title":{"rendered":"Fibra Chupa Panza Jengibre + C\u00farcuma + Frutos Rojos 500 g"},"content":{"rendered":"<p data-mce-fragment=\"1\"><strong data-mce-fragment=\"1\">Descripci\u00f3n:<\/strong><\/p>\n<div dir=\"auto\" data-mce-fragment=\"1\">\n<p>La <strong>fibra Chupa Panza con Jengibre, C\u00farcuma y Frutos Rojos<\/strong> es auxiliar:<\/p>\n<ul>\n<li>Reducci\u00f3n de tallas.<\/li>\n<li>Estre\u00f1imiento.<\/li>\n<li>Quema grasa.<\/li>\n<li>Desinflama.<\/li>\n<li>Colitis y c\u00f3licos.<\/li>\n<li>Gastritis.<\/li>\n<li>Ayuda al sistema digestivo, urinario y circulatorio.<\/li>\n<\/ul>\n<\/div>\n<div dir=\"auto\" data-mce-fragment=\"1\"><\/div>\n<p data-mce-fragment=\"1\"><strong data-mce-fragment=\"1\">Modo de uso:<\/strong><\/p>\n<p data-mce-fragment=\"1\">Tomar 1 cucharada sopera, diluida en un vaso de agua. Preferentemente por las noches.<\/p>\n<p data-mce-fragment=\"1\"><strong data-mce-fragment=\"1\">Contenido:<\/strong><\/p>\n<p data-mce-fragment=\"1\">500 g.<\/p>\n","protected":false},"excerpt":{"rendered":"<p>Descripci\u00f3n: La fibra Chupa Panza con Jengibre, C\u00farcuma y Frutos Rojos es auxiliar: Reducci\u00f3n de tallas. Estre\u00f1imiento. Quema grasa. Desinflama. Colitis y c\u00f3licos. Gastritis. Ayuda al sistema digestivo, urinario y [&hellip;]<\/p>\n","protected":false},"featured_media":5608,"comment_status":"open","ping_status":"closed","template":"","meta":[],"product_brand":[423],"product_cat":[287,337,331],"product_tag":[151,136],"class_list":{"0":"post-5596","1":"product","2":"type-product","3":"status-publish","4":"has-post-thumbnail","6":"product_brand-realex","7":"product_cat-baja-de-peso","8":"product_cat-productos","9":"product_cat-suplementos-bajar-de-peso","10":"product_tag-curcuma","11":"product_tag-jengibre","13":"first","14":"instock","15":"shipping-taxable","16":"purchasable","17":"product-type-simple"},"_links":{"self":[{"href":"https:\/\/modest-napier.216-250-124-103.plesk.page\/index.php\/wp-json\/wp\/v2\/product\/5596","targetHints":{"allow":["GET"]}}],"collection":[{"href":"https:\/\/modest-napier.216-250-124-103.plesk.page\/index.php\/wp-json\/wp\/v2\/product"}],"about":[{"href":"https:\/\/modest-napier.216-250-124-103.plesk.page\/index.php\/wp-json\/wp\/v2\/types\/product"}],"replies":[{"embeddable":true,"href":"https:\/\/modest-napier.216-250-124-103.plesk.page\/index.php\/wp-json\/wp\/v2\/comments?post=5596"}],"wp:featuredmedia":[{"embeddable":true,"href":"https:\/\/modest-napier.216-250-124-103.plesk.page\/index.php\/wp-json\/wp\/v2\/media\/5608"}],"wp:attachment":[{"href":"https:\/\/modest-napier.216-250-124-103.plesk.page\/index.php\/wp-json\/wp\/v2\/media?parent=5596"}],"wp:term":[{"taxonomy":"product_brand","embeddable":true,"href":"https:\/\/modest-napier.216-250-124-103.plesk.page\/index.php\/wp-json\/wp\/v2\/product_brand?post=5596"},{"taxonomy":"product_cat","embeddable":true,"href":"https:\/\/modest-napier.216-250-124-103.plesk.page\/index.php\/wp-json\/wp\/v2\/product_cat?post=5596"},{"taxonomy":"product_tag","embeddable":true,"href":"https:\/\/modest-napier.216-250-124-103.plesk.page\/index.php\/wp-json\/wp\/v2\/product_tag?post=5596"}],"curies":[{"name":"wp","href":"https:\/\/api.w.org\/{rel}","templated":true}]}}