{"id":5598,"date":"2025-09-24T19:38:58","date_gmt":"2025-09-24T19:38:58","guid":{"rendered":"https:\/\/modest-napier.216-250-124-103.plesk.page\/index.php\/producto\/fibra-de-alcachofa-500-gr-vive-sanamente\/"},"modified":"2025-09-24T20:47:33","modified_gmt":"2025-09-24T20:47:33","slug":"fibra-de-alcachofa-500-gr-vive-sanamente","status":"publish","type":"product","link":"https:\/\/modest-napier.216-250-124-103.plesk.page\/index.php\/producto\/fibra-de-alcachofa-500-gr-vive-sanamente\/","title":{"rendered":"Fibra de Alcachofa 500 g Vive Sanamente"},"content":{"rendered":"<p data-mce-fragment=\"1\"><strong data-mce-fragment=\"1\">Descripci\u00f3n:<\/strong><\/p>\n<div data-mce-fragment=\"1\" dir=\"auto\"><\/div>\n<p data-mce-fragment=\"1\">\u00a1Conoce la <strong>fibra de alcachofa<\/strong>! Sus propiedades que se le atribuyen a la alcachofa, vinculadas en su mayor\u00eda al funcionamiento del\u00a0h\u00edgado y la ves\u00edcula, a favorecer la digesti\u00f3n y a la eliminaci\u00f3n de toxinas por la orina.\u00a0<\/p>\n<p data-mce-fragment=\"1\"><strong>Ingredientes:<\/strong><\/p>\n<p data-mce-fragment=\"1\">Alcachofa, toronja, nopal, linaza, fenogreco, manzana, hinojo, malva, c\u00e1scara sagrada, lecitina de soya.<\/p>\n<p data-mce-fragment=\"1\"><strong data-mce-fragment=\"1\">Modo de uso:<\/strong><\/p>\n<p data-mce-fragment=\"1\">Tomar 2 cucharadas soperas dilu\u00edda en medio vaso de agua, 2 veces al d\u00eda.<\/p>\n<p data-mce-fragment=\"1\"><strong data-mce-fragment=\"1\">Contenido:<\/strong><\/p>\n<p data-mce-fragment=\"1\">500 g.<\/p>\n","protected":false},"excerpt":{"rendered":"<p>Descripci\u00f3n: \u00a1Conoce la fibra de alcachofa! Sus propiedades que se le atribuyen a la alcachofa, vinculadas en su mayor\u00eda al funcionamiento del\u00a0h\u00edgado y la ves\u00edcula, a favorecer la digesti\u00f3n y [&hellip;]<\/p>\n","protected":false},"featured_media":2123,"comment_status":"open","ping_status":"closed","template":"","meta":[],"product_brand":[625],"product_cat":[287,336,308,337],"product_tag":[110,229,40,42,141,167,46,98,117],"class_list":{"0":"post-5598","1":"product","2":"type-product","3":"status-publish","4":"has-post-thumbnail","6":"product_brand-vive-sanamente","7":"product_cat-baja-de-peso","8":"product_cat-celebra-el-verano-","9":"product_cat-nutricion","10":"product_cat-productos","11":"product_tag-alcachofa","12":"product_tag-cascara-sagrada","13":"product_tag-celebra-el-verano","14":"product_tag-fenogreco","15":"product_tag-hinojo","16":"product_tag-lecitina-de-soya","17":"product_tag-linaza","18":"product_tag-nopal","19":"product_tag-toronja","21":"first","22":"instock","23":"shipping-taxable","24":"purchasable","25":"product-type-simple"},"_links":{"self":[{"href":"https:\/\/modest-napier.216-250-124-103.plesk.page\/index.php\/wp-json\/wp\/v2\/product\/5598","targetHints":{"allow":["GET"]}}],"collection":[{"href":"https:\/\/modest-napier.216-250-124-103.plesk.page\/index.php\/wp-json\/wp\/v2\/product"}],"about":[{"href":"https:\/\/modest-napier.216-250-124-103.plesk.page\/index.php\/wp-json\/wp\/v2\/types\/product"}],"replies":[{"embeddable":true,"href":"https:\/\/modest-napier.216-250-124-103.plesk.page\/index.php\/wp-json\/wp\/v2\/comments?post=5598"}],"wp:featuredmedia":[{"embeddable":true,"href":"https:\/\/modest-napier.216-250-124-103.plesk.page\/index.php\/wp-json\/wp\/v2\/media\/2123"}],"wp:attachment":[{"href":"https:\/\/modest-napier.216-250-124-103.plesk.page\/index.php\/wp-json\/wp\/v2\/media?parent=5598"}],"wp:term":[{"taxonomy":"product_brand","embeddable":true,"href":"https:\/\/modest-napier.216-250-124-103.plesk.page\/index.php\/wp-json\/wp\/v2\/product_brand?post=5598"},{"taxonomy":"product_cat","embeddable":true,"href":"https:\/\/modest-napier.216-250-124-103.plesk.page\/index.php\/wp-json\/wp\/v2\/product_cat?post=5598"},{"taxonomy":"product_tag","embeddable":true,"href":"https:\/\/modest-napier.216-250-124-103.plesk.page\/index.php\/wp-json\/wp\/v2\/product_tag?post=5598"}],"curies":[{"name":"wp","href":"https:\/\/api.w.org\/{rel}","templated":true}]}}