{"id":5600,"date":"2025-09-24T19:39:00","date_gmt":"2025-09-24T19:39:00","guid":{"rendered":"https:\/\/modest-napier.216-250-124-103.plesk.page\/index.php\/producto\/fibra-hiperlinafrut-c-500-gr-marury\/"},"modified":"2025-09-24T20:45:24","modified_gmt":"2025-09-24T20:45:24","slug":"fibra-hiperlinafrut-c-500-gr-marury","status":"publish","type":"product","link":"https:\/\/modest-napier.216-250-124-103.plesk.page\/index.php\/producto\/fibra-hiperlinafrut-c-500-gr-marury\/","title":{"rendered":"Fibra Hiperlinafrut 500 g Marury"},"content":{"rendered":"<p data-mce-fragment=\"1\"><strong data-mce-fragment=\"1\">Descripci\u00f3n:<\/strong><\/p>\n<div dir=\"auto\" data-mce-fragment=\"1\">\n<p>La <strong>fibra Hiperlinafrut con Omega 3,6,9<\/strong> tiene los siguientes beneficios:<\/p>\n<ul>\n<li>Limpia el organismo.<\/li>\n<li>Quita el estre\u00f1imiento.<\/li>\n<li>Desinflama el abdomen.<\/li>\n<li>Ayuda a tratar la gastritis, colitis y mala digesti\u00f3n.<\/li>\n<li>Es alto en omega 3.<\/li>\n<li>Mejora los niveles de colesterol.<\/li>\n<li>Auxiliar en problemas de obesidad y sobrepeso.<\/li>\n<\/ul>\n<\/div>\n<p data-mce-fragment=\"1\"><strong data-mce-fragment=\"1\">Modo de uso:<\/strong><\/p>\n<p data-mce-fragment=\"1\"><span>Mezclar dos cucharadas soperas en un vaso de agua o jugo de frutas, tomar d<\/span><span>iariamente antes del desayuno o la cena<\/span><\/p>\n<p data-mce-fragment=\"1\"><strong data-mce-fragment=\"1\">Contenido:<\/strong><\/p>\n<p data-mce-fragment=\"1\">500 g.<\/p>\n","protected":false},"excerpt":{"rendered":"<p>Descripci\u00f3n: La fibra Hiperlinafrut con Omega 3,6,9 tiene los siguientes beneficios: Limpia el organismo. Quita el estre\u00f1imiento. Desinflama el abdomen. Ayuda a tratar la gastritis, colitis y mala digesti\u00f3n. Es [&hellip;]<\/p>\n","protected":false},"featured_media":2125,"comment_status":"open","ping_status":"closed","template":"","meta":[],"product_brand":[557],"product_cat":[337,318,331],"product_tag":[],"class_list":{"0":"post-5600","1":"product","2":"type-product","3":"status-publish","4":"has-post-thumbnail","6":"product_brand-marury","7":"product_cat-productos","8":"product_cat-salud","9":"product_cat-suplementos-bajar-de-peso","11":"first","12":"instock","13":"shipping-taxable","14":"purchasable","15":"product-type-simple"},"_links":{"self":[{"href":"https:\/\/modest-napier.216-250-124-103.plesk.page\/index.php\/wp-json\/wp\/v2\/product\/5600","targetHints":{"allow":["GET"]}}],"collection":[{"href":"https:\/\/modest-napier.216-250-124-103.plesk.page\/index.php\/wp-json\/wp\/v2\/product"}],"about":[{"href":"https:\/\/modest-napier.216-250-124-103.plesk.page\/index.php\/wp-json\/wp\/v2\/types\/product"}],"replies":[{"embeddable":true,"href":"https:\/\/modest-napier.216-250-124-103.plesk.page\/index.php\/wp-json\/wp\/v2\/comments?post=5600"}],"wp:featuredmedia":[{"embeddable":true,"href":"https:\/\/modest-napier.216-250-124-103.plesk.page\/index.php\/wp-json\/wp\/v2\/media\/2125"}],"wp:attachment":[{"href":"https:\/\/modest-napier.216-250-124-103.plesk.page\/index.php\/wp-json\/wp\/v2\/media?parent=5600"}],"wp:term":[{"taxonomy":"product_brand","embeddable":true,"href":"https:\/\/modest-napier.216-250-124-103.plesk.page\/index.php\/wp-json\/wp\/v2\/product_brand?post=5600"},{"taxonomy":"product_cat","embeddable":true,"href":"https:\/\/modest-napier.216-250-124-103.plesk.page\/index.php\/wp-json\/wp\/v2\/product_cat?post=5600"},{"taxonomy":"product_tag","embeddable":true,"href":"https:\/\/modest-napier.216-250-124-103.plesk.page\/index.php\/wp-json\/wp\/v2\/product_tag?post=5600"}],"curies":[{"name":"wp","href":"https:\/\/api.w.org\/{rel}","templated":true}]}}