{"id":5602,"date":"2025-09-24T19:39:03","date_gmt":"2025-09-24T19:39:03","guid":{"rendered":"https:\/\/modest-napier.216-250-124-103.plesk.page\/index.php\/producto\/fibra-jugo-verde-500-gr-vive-sanamente\/"},"modified":"2025-09-24T20:47:32","modified_gmt":"2025-09-24T20:47:32","slug":"fibra-jugo-verde-500-gr-vive-sanamente","status":"publish","type":"product","link":"https:\/\/modest-napier.216-250-124-103.plesk.page\/index.php\/producto\/fibra-jugo-verde-500-gr-vive-sanamente\/","title":{"rendered":"Fibra en polvo Jugo Verde 500 g Vive Sanamente"},"content":{"rendered":"<p data-mce-fragment=\"1\"><strong data-mce-fragment=\"1\">Descripci\u00f3n:<\/strong><\/p>\n<p data-mce-fragment=\"1\">\u00a1Conoce la <strong>fibra Jugo Verde<\/strong> en polvo! Esta bebida tiene un efecto diur\u00e9tico, al consumirla eliminas las sustancias o desechos que tu cuerpo no necesita. Tambi\u00e9n se ha demostrado que el\u00a0jugo verde\u00a0ayuda a combatir la retenci\u00f3n de l\u00edquidos, la podr\u00eda provocar inflamaci\u00f3n.<\/p>\n<p data-mce-fragment=\"1\"><strong>Ingredientes:<\/strong><\/p>\n<p data-mce-fragment=\"1\">Nopal, pi\u00f1a, apio, perejil, toronja.<\/p>\n<p data-mce-fragment=\"1\"><strong data-mce-fragment=\"1\">Modo de uso:<\/strong><\/p>\n<p data-mce-fragment=\"1\">Tomar 2 cucharadas soperas diluida en medio vaso de agua, 2 veces al d\u00eda.<\/p>\n<p data-mce-fragment=\"1\"><strong data-mce-fragment=\"1\">Contenido:<\/strong><\/p>\n<p data-mce-fragment=\"1\">500 g.<\/p>\n","protected":false},"excerpt":{"rendered":"<p>Descripci\u00f3n: \u00a1Conoce la fibra Jugo Verde en polvo! Esta bebida tiene un efecto diur\u00e9tico, al consumirla eliminas las sustancias o desechos que tu cuerpo no necesita. Tambi\u00e9n se ha demostrado [&hellip;]<\/p>\n","protected":false},"featured_media":2127,"comment_status":"open","ping_status":"closed","template":"","meta":[],"product_brand":[625],"product_cat":[287,336,308,337,331],"product_tag":[120,40,98,109,123,117],"class_list":{"0":"post-5602","1":"product","2":"type-product","3":"status-publish","4":"has-post-thumbnail","6":"product_brand-vive-sanamente","7":"product_cat-baja-de-peso","8":"product_cat-celebra-el-verano-","9":"product_cat-nutricion","10":"product_cat-productos","11":"product_cat-suplementos-bajar-de-peso","12":"product_tag-apio","13":"product_tag-celebra-el-verano","14":"product_tag-nopal","15":"product_tag-perejil","16":"product_tag-pina","17":"product_tag-toronja","19":"first","20":"instock","21":"shipping-taxable","22":"purchasable","23":"product-type-simple"},"_links":{"self":[{"href":"https:\/\/modest-napier.216-250-124-103.plesk.page\/index.php\/wp-json\/wp\/v2\/product\/5602","targetHints":{"allow":["GET"]}}],"collection":[{"href":"https:\/\/modest-napier.216-250-124-103.plesk.page\/index.php\/wp-json\/wp\/v2\/product"}],"about":[{"href":"https:\/\/modest-napier.216-250-124-103.plesk.page\/index.php\/wp-json\/wp\/v2\/types\/product"}],"replies":[{"embeddable":true,"href":"https:\/\/modest-napier.216-250-124-103.plesk.page\/index.php\/wp-json\/wp\/v2\/comments?post=5602"}],"wp:featuredmedia":[{"embeddable":true,"href":"https:\/\/modest-napier.216-250-124-103.plesk.page\/index.php\/wp-json\/wp\/v2\/media\/2127"}],"wp:attachment":[{"href":"https:\/\/modest-napier.216-250-124-103.plesk.page\/index.php\/wp-json\/wp\/v2\/media?parent=5602"}],"wp:term":[{"taxonomy":"product_brand","embeddable":true,"href":"https:\/\/modest-napier.216-250-124-103.plesk.page\/index.php\/wp-json\/wp\/v2\/product_brand?post=5602"},{"taxonomy":"product_cat","embeddable":true,"href":"https:\/\/modest-napier.216-250-124-103.plesk.page\/index.php\/wp-json\/wp\/v2\/product_cat?post=5602"},{"taxonomy":"product_tag","embeddable":true,"href":"https:\/\/modest-napier.216-250-124-103.plesk.page\/index.php\/wp-json\/wp\/v2\/product_tag?post=5602"}],"curies":[{"name":"wp","href":"https:\/\/api.w.org\/{rel}","templated":true}]}}