{"id":5604,"date":"2025-09-24T19:39:10","date_gmt":"2025-09-24T19:39:10","guid":{"rendered":"https:\/\/modest-napier.216-250-124-103.plesk.page\/index.php\/producto\/fibra-nolis-bell-premium-500-gr-nolisan\/"},"modified":"2025-09-24T20:47:31","modified_gmt":"2025-09-24T20:47:31","slug":"fibra-nolis-bell-premium-500-gr-nolisan","status":"publish","type":"product","link":"https:\/\/modest-napier.216-250-124-103.plesk.page\/index.php\/producto\/fibra-nolis-bell-premium-500-gr-nolisan\/","title":{"rendered":"Fibra Nolis Bell Premium 500 g Nolisan"},"content":{"rendered":"<p data-mce-fragment=\"1\"><strong data-mce-fragment=\"1\">Descripci\u00f3n:<\/strong><\/p>\n<p data-mce-fragment=\"1\">La <strong>fibra Nolis Bell Premium<\/strong> acelera el metabolismo y quema grasa, facilita el proceso de la digesti\u00f3n, controla la sensaci\u00f3n del apetito. Previene enfermedades digestivas como colitis, gastritis, estre\u00f1imiento, acidez estomacal, reduce el colesterol y triglic\u00e9ridos, aumenta la energ\u00eda y vitalidad, eleva el sistema inmunol\u00f3gico, previene diabetes, dolores reum\u00e1ticos etc.<\/p>\n<p data-mce-fragment=\"1\"><strong>Ingredientes:<\/strong><\/p>\n<p data-mce-fragment=\"1\">Garcinia Cambogia, Mango africano, Fresa Alemana, Jengibre, Extracto de pi\u00f1a, Alcachofa, Ch\u00eda, Hoja sen, Nopal, Lecitina.<\/p>\n<p data-mce-fragment=\"1\"><strong data-mce-fragment=\"1\">Modo de uso:<\/strong><\/p>\n<p data-mce-fragment=\"1\">Tomar 2 cucharadas soperas diluida en un\u00a0 vaso de agua.<\/p>\n<p data-mce-fragment=\"1\"><strong data-mce-fragment=\"1\">Contenido:<\/strong><\/p>\n<p data-mce-fragment=\"1\">500 g.<\/p>\n","protected":false},"excerpt":{"rendered":"<p>Descripci\u00f3n: La fibra Nolis Bell Premium acelera el metabolismo y quema grasa, facilita el proceso de la digesti\u00f3n, controla la sensaci\u00f3n del apetito. Previene enfermedades digestivas como colitis, gastritis, estre\u00f1imiento, [&hellip;]<\/p>\n","protected":false},"featured_media":2129,"comment_status":"open","ping_status":"closed","template":"","meta":[],"product_brand":[368],"product_cat":[287,336,337,323],"product_tag":[110,40,114,191,166,162,136,167,186,98,123],"class_list":{"0":"post-5604","1":"product","2":"type-product","3":"status-publish","4":"has-post-thumbnail","6":"product_brand-nolisan","7":"product_cat-baja-de-peso","8":"product_cat-celebra-el-verano-","9":"product_cat-productos","10":"product_cat-salud-intestinal","11":"product_tag-alcachofa","12":"product_tag-celebra-el-verano","13":"product_tag-chia","14":"product_tag-fresa","15":"product_tag-garcinia-cambogia","16":"product_tag-hoja-de-sen","17":"product_tag-jengibre","18":"product_tag-lecitina-de-soya","19":"product_tag-mango-africano","20":"product_tag-nopal","21":"product_tag-pina","23":"first","24":"instock","25":"shipping-taxable","26":"purchasable","27":"product-type-simple"},"_links":{"self":[{"href":"https:\/\/modest-napier.216-250-124-103.plesk.page\/index.php\/wp-json\/wp\/v2\/product\/5604","targetHints":{"allow":["GET"]}}],"collection":[{"href":"https:\/\/modest-napier.216-250-124-103.plesk.page\/index.php\/wp-json\/wp\/v2\/product"}],"about":[{"href":"https:\/\/modest-napier.216-250-124-103.plesk.page\/index.php\/wp-json\/wp\/v2\/types\/product"}],"replies":[{"embeddable":true,"href":"https:\/\/modest-napier.216-250-124-103.plesk.page\/index.php\/wp-json\/wp\/v2\/comments?post=5604"}],"wp:featuredmedia":[{"embeddable":true,"href":"https:\/\/modest-napier.216-250-124-103.plesk.page\/index.php\/wp-json\/wp\/v2\/media\/2129"}],"wp:attachment":[{"href":"https:\/\/modest-napier.216-250-124-103.plesk.page\/index.php\/wp-json\/wp\/v2\/media?parent=5604"}],"wp:term":[{"taxonomy":"product_brand","embeddable":true,"href":"https:\/\/modest-napier.216-250-124-103.plesk.page\/index.php\/wp-json\/wp\/v2\/product_brand?post=5604"},{"taxonomy":"product_cat","embeddable":true,"href":"https:\/\/modest-napier.216-250-124-103.plesk.page\/index.php\/wp-json\/wp\/v2\/product_cat?post=5604"},{"taxonomy":"product_tag","embeddable":true,"href":"https:\/\/modest-napier.216-250-124-103.plesk.page\/index.php\/wp-json\/wp\/v2\/product_tag?post=5604"}],"curies":[{"name":"wp","href":"https:\/\/api.w.org\/{rel}","templated":true}]}}