{"id":5605,"date":"2025-09-24T19:39:12","date_gmt":"2025-09-24T19:39:12","guid":{"rendered":"https:\/\/modest-napier.216-250-124-103.plesk.page\/index.php\/producto\/fibra-nopallinaza-sabor-jamaica-500grs-sunatura\/"},"modified":"2025-09-24T20:46:27","modified_gmt":"2025-09-24T20:46:27","slug":"fibra-nopal-linaza-sabor-jamaica-500grs-sunatura","status":"publish","type":"product","link":"https:\/\/modest-napier.216-250-124-103.plesk.page\/index.php\/producto\/fibra-nopal-linaza-sabor-jamaica-500grs-sunatura\/","title":{"rendered":"Fibra Nopal &#038; Linaza Sabor Jamaica 500 g Sunatura"},"content":{"rendered":"<p>La\u00a0<em>fibra de Nopal y Linaza sabor jamaica<\/em> reduce la <span style=\"color: #000000;\" color=\"#000000\">obesidad<\/span> y el estre\u00f1imiento, limpiando y descongestionando el intestino, previniendo el c\u00e1ncer de colon y recto. Regula la presi\u00f3n arterial, elimina colesterol y triglic\u00e9ridos. Disminuye niveles de glucosa, evitando as\u00ed la diabetes tipo 2.<\/p>\n","protected":false},"excerpt":{"rendered":"<p>La\u00a0fibra de Nopal y Linaza sabor jamaica reduce la obesidad y el estre\u00f1imiento, limpiando y descongestionando el intestino, previniendo el c\u00e1ncer de colon y recto. Regula la presi\u00f3n arterial, elimina [&hellip;]<\/p>\n","protected":false},"featured_media":2130,"comment_status":"open","ping_status":"closed","template":"","meta":[],"product_brand":[388],"product_cat":[287,337,318,323],"product_tag":[46,98],"class_list":{"0":"post-5605","1":"product","2":"type-product","3":"status-publish","4":"has-post-thumbnail","6":"product_brand-naterra","7":"product_cat-baja-de-peso","8":"product_cat-productos","9":"product_cat-salud","10":"product_cat-salud-intestinal","11":"product_tag-linaza","12":"product_tag-nopal","14":"first","15":"outofstock","16":"shipping-taxable","17":"purchasable","18":"product-type-simple"},"_links":{"self":[{"href":"https:\/\/modest-napier.216-250-124-103.plesk.page\/index.php\/wp-json\/wp\/v2\/product\/5605","targetHints":{"allow":["GET"]}}],"collection":[{"href":"https:\/\/modest-napier.216-250-124-103.plesk.page\/index.php\/wp-json\/wp\/v2\/product"}],"about":[{"href":"https:\/\/modest-napier.216-250-124-103.plesk.page\/index.php\/wp-json\/wp\/v2\/types\/product"}],"replies":[{"embeddable":true,"href":"https:\/\/modest-napier.216-250-124-103.plesk.page\/index.php\/wp-json\/wp\/v2\/comments?post=5605"}],"wp:featuredmedia":[{"embeddable":true,"href":"https:\/\/modest-napier.216-250-124-103.plesk.page\/index.php\/wp-json\/wp\/v2\/media\/2130"}],"wp:attachment":[{"href":"https:\/\/modest-napier.216-250-124-103.plesk.page\/index.php\/wp-json\/wp\/v2\/media?parent=5605"}],"wp:term":[{"taxonomy":"product_brand","embeddable":true,"href":"https:\/\/modest-napier.216-250-124-103.plesk.page\/index.php\/wp-json\/wp\/v2\/product_brand?post=5605"},{"taxonomy":"product_cat","embeddable":true,"href":"https:\/\/modest-napier.216-250-124-103.plesk.page\/index.php\/wp-json\/wp\/v2\/product_cat?post=5605"},{"taxonomy":"product_tag","embeddable":true,"href":"https:\/\/modest-napier.216-250-124-103.plesk.page\/index.php\/wp-json\/wp\/v2\/product_tag?post=5605"}],"curies":[{"name":"wp","href":"https:\/\/api.w.org\/{rel}","templated":true}]}}