{"id":5606,"date":"2025-09-24T19:39:13","date_gmt":"2025-09-24T19:39:13","guid":{"rendered":"https:\/\/modest-napier.216-250-124-103.plesk.page\/index.php\/producto\/fibra-nopalinaza-plus-470-gr-el-eden\/"},"modified":"2025-09-24T20:47:31","modified_gmt":"2025-09-24T20:47:31","slug":"fibra-nopalinaza-plus-470-gr-el-eden","status":"publish","type":"product","link":"https:\/\/modest-napier.216-250-124-103.plesk.page\/index.php\/producto\/fibra-nopalinaza-plus-470-gr-el-eden\/","title":{"rendered":"Fibra Nopalinaza Plus 470 g El Ed\u00e9n"},"content":{"rendered":"<p data-mce-fragment=\"1\"><strong data-mce-fragment=\"1\">Descripci\u00f3n:<\/strong><\/p>\n<p data-mce-fragment=\"1\">La <strong>fibra Nopalinaza Plus<\/strong> ayuda a eliminar eficazmente el exceso de az\u00facar en la sangre y en la orina, combate problemas de gastritis, colitis, agruras y acidez, disminuye el colesterol, act\u00faa directamente sobre problemas de p\u00e1ncreas, trata problemas de indigesti\u00f3n,reum\u00e1ticos y estre\u00f1imiento.<\/p>\n<p data-mce-fragment=\"1\"><strong data-mce-fragment=\"1\">Modo de uso:<\/strong><\/p>\n<p data-mce-fragment=\"1\">Tomar 1 cucharada sopera diluida en un\u00a0 vaso de agua, por la ma\u00f1ana\u00a0<\/p>\n<p data-mce-fragment=\"1\"><strong data-mce-fragment=\"1\">Contenido:<\/strong><\/p>\n<p data-mce-fragment=\"1\">470 g.<\/p>\n","protected":false},"excerpt":{"rendered":"<p>Descripci\u00f3n: La fibra Nopalinaza Plus ayuda a eliminar eficazmente el exceso de az\u00facar en la sangre y en la orina, combate problemas de gastritis, colitis, agruras y acidez, disminuye el [&hellip;]<\/p>\n","protected":false},"featured_media":2131,"comment_status":"open","ping_status":"closed","template":"","meta":[],"product_brand":[624],"product_cat":[308,337,318,323],"product_tag":[46,98],"class_list":{"0":"post-5606","1":"product","2":"type-product","3":"status-publish","4":"has-post-thumbnail","6":"product_brand-el-eden","7":"product_cat-nutricion","8":"product_cat-productos","9":"product_cat-salud","10":"product_cat-salud-intestinal","11":"product_tag-linaza","12":"product_tag-nopal","14":"first","15":"instock","16":"shipping-taxable","17":"purchasable","18":"product-type-simple"},"_links":{"self":[{"href":"https:\/\/modest-napier.216-250-124-103.plesk.page\/index.php\/wp-json\/wp\/v2\/product\/5606","targetHints":{"allow":["GET"]}}],"collection":[{"href":"https:\/\/modest-napier.216-250-124-103.plesk.page\/index.php\/wp-json\/wp\/v2\/product"}],"about":[{"href":"https:\/\/modest-napier.216-250-124-103.plesk.page\/index.php\/wp-json\/wp\/v2\/types\/product"}],"replies":[{"embeddable":true,"href":"https:\/\/modest-napier.216-250-124-103.plesk.page\/index.php\/wp-json\/wp\/v2\/comments?post=5606"}],"wp:featuredmedia":[{"embeddable":true,"href":"https:\/\/modest-napier.216-250-124-103.plesk.page\/index.php\/wp-json\/wp\/v2\/media\/2131"}],"wp:attachment":[{"href":"https:\/\/modest-napier.216-250-124-103.plesk.page\/index.php\/wp-json\/wp\/v2\/media?parent=5606"}],"wp:term":[{"taxonomy":"product_brand","embeddable":true,"href":"https:\/\/modest-napier.216-250-124-103.plesk.page\/index.php\/wp-json\/wp\/v2\/product_brand?post=5606"},{"taxonomy":"product_cat","embeddable":true,"href":"https:\/\/modest-napier.216-250-124-103.plesk.page\/index.php\/wp-json\/wp\/v2\/product_cat?post=5606"},{"taxonomy":"product_tag","embeddable":true,"href":"https:\/\/modest-napier.216-250-124-103.plesk.page\/index.php\/wp-json\/wp\/v2\/product_tag?post=5606"}],"curies":[{"name":"wp","href":"https:\/\/api.w.org\/{rel}","templated":true}]}}