{"id":5610,"date":"2025-09-24T19:39:20","date_gmt":"2025-09-24T19:39:20","guid":{"rendered":"https:\/\/modest-napier.216-250-124-103.plesk.page\/index.php\/producto\/fibra-tonantzin-limpiadora-500-gr-biohealthy\/"},"modified":"2025-09-24T20:47:31","modified_gmt":"2025-09-24T20:47:31","slug":"fibra-tonantzin-limpiadora-500-gr-biohealthy","status":"publish","type":"product","link":"https:\/\/modest-napier.216-250-124-103.plesk.page\/index.php\/producto\/fibra-tonantzin-limpiadora-500-gr-biohealthy\/","title":{"rendered":"Fibra Tonantzin Limpiadora 500 g Biohealthy"},"content":{"rendered":"<p data-mce-fragment=\"1\">La <strong>fibra limpiadora Tonatzin<\/strong> contribuye a mantener sano y limpio el intestino, ya que favorece el tr\u00e1nsito intestinal, y evita el estre\u00f1imiento y la acumulaci\u00f3n de toxinas. Colabora estrechamente con la salud de la flora intestinal, mejorando de esta manera el sistema inmune.<strong data-mce-fragment=\"1\"><\/strong><\/p>\n<p data-mce-fragment=\"1\"><\/p>\n","protected":false},"excerpt":{"rendered":"<p>La fibra limpiadora Tonatzin contribuye a mantener sano y limpio el intestino, ya que favorece el tr\u00e1nsito intestinal, y evita el estre\u00f1imiento y la acumulaci\u00f3n de toxinas. Colabora estrechamente con [&hellip;]<\/p>\n","protected":false},"featured_media":2134,"comment_status":"open","ping_status":"closed","template":"","meta":[],"product_brand":[623],"product_cat":[336,308,337,318,323],"product_tag":[110,233,40,97,166,162,98,117],"class_list":{"0":"post-5610","1":"product","2":"type-product","3":"status-publish","4":"has-post-thumbnail","6":"product_brand-biohealthy","7":"product_cat-celebra-el-verano-","8":"product_cat-nutricion","9":"product_cat-productos","10":"product_cat-salud","11":"product_cat-salud-intestinal","12":"product_tag-alcachofa","13":"product_tag-amaranto","14":"product_tag-celebra-el-verano","15":"product_tag-clorofila","16":"product_tag-garcinia-cambogia","17":"product_tag-hoja-de-sen","18":"product_tag-nopal","19":"product_tag-toronja","21":"first","22":"instock","23":"shipping-taxable","24":"purchasable","25":"product-type-simple"},"_links":{"self":[{"href":"https:\/\/modest-napier.216-250-124-103.plesk.page\/index.php\/wp-json\/wp\/v2\/product\/5610","targetHints":{"allow":["GET"]}}],"collection":[{"href":"https:\/\/modest-napier.216-250-124-103.plesk.page\/index.php\/wp-json\/wp\/v2\/product"}],"about":[{"href":"https:\/\/modest-napier.216-250-124-103.plesk.page\/index.php\/wp-json\/wp\/v2\/types\/product"}],"replies":[{"embeddable":true,"href":"https:\/\/modest-napier.216-250-124-103.plesk.page\/index.php\/wp-json\/wp\/v2\/comments?post=5610"}],"wp:featuredmedia":[{"embeddable":true,"href":"https:\/\/modest-napier.216-250-124-103.plesk.page\/index.php\/wp-json\/wp\/v2\/media\/2134"}],"wp:attachment":[{"href":"https:\/\/modest-napier.216-250-124-103.plesk.page\/index.php\/wp-json\/wp\/v2\/media?parent=5610"}],"wp:term":[{"taxonomy":"product_brand","embeddable":true,"href":"https:\/\/modest-napier.216-250-124-103.plesk.page\/index.php\/wp-json\/wp\/v2\/product_brand?post=5610"},{"taxonomy":"product_cat","embeddable":true,"href":"https:\/\/modest-napier.216-250-124-103.plesk.page\/index.php\/wp-json\/wp\/v2\/product_cat?post=5610"},{"taxonomy":"product_tag","embeddable":true,"href":"https:\/\/modest-napier.216-250-124-103.plesk.page\/index.php\/wp-json\/wp\/v2\/product_tag?post=5610"}],"curies":[{"name":"wp","href":"https:\/\/api.w.org\/{rel}","templated":true}]}}