{"id":5611,"date":"2025-09-24T19:39:21","date_gmt":"2025-09-24T19:39:21","guid":{"rendered":"https:\/\/modest-napier.216-250-124-103.plesk.page\/index.php\/producto\/fijador-de-maquillaje-de-te-verde-chagget-artesanal-mist-200-ml\/"},"modified":"2025-09-24T20:45:41","modified_gmt":"2025-09-24T20:45:41","slug":"te-verde-chagget-artesanal-mist-fijador-de-maquillaje-200-ml","status":"publish","type":"product","link":"https:\/\/modest-napier.216-250-124-103.plesk.page\/index.php\/producto\/te-verde-chagget-artesanal-mist-fijador-de-maquillaje-200-ml\/","title":{"rendered":"Mist Fijador de Maquillaje T\u00e9 Verde Chagget 200 ml"},"content":{"rendered":"<p data-mce-fragment=\"1\"><strong data-mce-fragment=\"1\">Descripci\u00f3n:<\/strong><\/p>\n<ul>\n<li><span>Ultra-Hidratante<\/span><\/li>\n<li><span>Ligero<\/span><\/li>\n<li><span>R\u00e1pida Absorci\u00f3n<\/span><\/li>\n<li>Controla el PH, suaviza la piel, refresca, relaja y fija el maquillaje.\u00a0<\/li>\n<\/ul>\n<p data-mce-fragment=\"1\"><strong data-mce-fragment=\"1\">Modo de uso:<\/strong><\/p>\n<p data-mce-fragment=\"1\"><span>Al finalizar tu rutina de maquillaje o la aplicaci\u00f3n de tu base, a una distancia de 30 a 40 cm roc\u00eda 2 o 3 veces cerrando ojos y boca.<\/span><br \/><span>Tambi\u00e9n puede utilizarse en cuello y cuerpo.<\/span><\/p>\n<p data-mce-fragment=\"1\"><strong data-mce-fragment=\"1\">Contenido:<\/strong><\/p>\n<p data-mce-fragment=\"1\">200 ML.<\/p>\n","protected":false},"excerpt":{"rendered":"<p>Descripci\u00f3n: Ultra-Hidratante Ligero R\u00e1pida Absorci\u00f3n Controla el PH, suaviza la piel, refresca, relaja y fija el maquillaje.\u00a0 Modo de uso: Al finalizar tu rutina de maquillaje o la aplicaci\u00f3n de [&hellip;]<\/p>\n","protected":false},"featured_media":2136,"comment_status":"open","ping_status":"closed","template":"","meta":[],"product_brand":[392],"product_cat":[289,291,337],"product_tag":[],"class_list":{"0":"post-5611","1":"product","2":"type-product","3":"status-publish","4":"has-post-thumbnail","6":"product_brand-chagget","7":"product_cat-belleza","8":"product_cat-cosmeticos","9":"product_cat-productos","11":"first","12":"instock","13":"shipping-taxable","14":"purchasable","15":"product-type-simple"},"_links":{"self":[{"href":"https:\/\/modest-napier.216-250-124-103.plesk.page\/index.php\/wp-json\/wp\/v2\/product\/5611","targetHints":{"allow":["GET"]}}],"collection":[{"href":"https:\/\/modest-napier.216-250-124-103.plesk.page\/index.php\/wp-json\/wp\/v2\/product"}],"about":[{"href":"https:\/\/modest-napier.216-250-124-103.plesk.page\/index.php\/wp-json\/wp\/v2\/types\/product"}],"replies":[{"embeddable":true,"href":"https:\/\/modest-napier.216-250-124-103.plesk.page\/index.php\/wp-json\/wp\/v2\/comments?post=5611"}],"wp:featuredmedia":[{"embeddable":true,"href":"https:\/\/modest-napier.216-250-124-103.plesk.page\/index.php\/wp-json\/wp\/v2\/media\/2136"}],"wp:attachment":[{"href":"https:\/\/modest-napier.216-250-124-103.plesk.page\/index.php\/wp-json\/wp\/v2\/media?parent=5611"}],"wp:term":[{"taxonomy":"product_brand","embeddable":true,"href":"https:\/\/modest-napier.216-250-124-103.plesk.page\/index.php\/wp-json\/wp\/v2\/product_brand?post=5611"},{"taxonomy":"product_cat","embeddable":true,"href":"https:\/\/modest-napier.216-250-124-103.plesk.page\/index.php\/wp-json\/wp\/v2\/product_cat?post=5611"},{"taxonomy":"product_tag","embeddable":true,"href":"https:\/\/modest-napier.216-250-124-103.plesk.page\/index.php\/wp-json\/wp\/v2\/product_tag?post=5611"}],"curies":[{"name":"wp","href":"https:\/\/api.w.org\/{rel}","templated":true}]}}