{"id":5621,"date":"2025-09-24T19:39:37","date_gmt":"2025-09-24T19:39:37","guid":{"rendered":"https:\/\/modest-napier.216-250-124-103.plesk.page\/index.php\/producto\/gel-arnica-diclofenaco-y-naproxeno-250grs\/"},"modified":"2025-09-24T20:45:22","modified_gmt":"2025-09-24T20:45:22","slug":"gel-arnica-diclofenaco-y-naproxeno-250grs","status":"publish","type":"product","link":"https:\/\/modest-napier.216-250-124-103.plesk.page\/index.php\/producto\/gel-arnica-diclofenaco-y-naproxeno-250grs\/","title":{"rendered":"Gel \u00c1rnica, Diclofenaco y Naproxeno 250 g"},"content":{"rendered":"<p data-mce-fragment=\"1\"><strong data-mce-fragment=\"1\">Descripci\u00f3n:<\/strong><\/p>\n<p data-mce-fragment=\"1\"><span>El gel con \u00e1rnica, diclofenaco y naproxeno ayuda para el control de dolores en los m\u00fasculos, huesos y en las articulaciones. \u00daselo\u00a0para Dolores Musculares, Varices, Pies Inflamados, Cuerpo Candado, Artritis, Bronquitis, Reumatismo y Calambres.<\/span><\/p>\n<p data-mce-fragment=\"1\"><strong data-mce-fragment=\"1\">Modo de uso:<\/strong><\/p>\n<p data-mce-fragment=\"1\"><span>Aplique sobre el \u00e1rea\u00a0afectada con una generosa cantidad mediante un masaje relajante.<\/span><\/p>\n<p data-mce-fragment=\"1\"><strong data-mce-fragment=\"1\">Contenido:<\/strong><\/p>\n<p data-mce-fragment=\"1\">260 gr.<\/p>\n","protected":false},"excerpt":{"rendered":"<p>Descripci\u00f3n: El gel con \u00e1rnica, diclofenaco y naproxeno ayuda para el control de dolores en los m\u00fasculos, huesos y en las articulaciones. \u00daselo\u00a0para Dolores Musculares, Varices, Pies Inflamados, Cuerpo Candado, [&hellip;]<\/p>\n","protected":false},"featured_media":2146,"comment_status":"open","ping_status":"closed","template":"","meta":[],"product_brand":[352],"product_cat":[286,337,318],"product_tag":[28],"class_list":{"0":"post-5621","1":"product","2":"type-product","3":"status-publish","4":"has-post-thumbnail","6":"product_brand-natuzem","7":"product_cat-analgesicos-en-gel","8":"product_cat-productos","9":"product_cat-salud","10":"product_tag-arnica","12":"first","13":"outofstock","14":"shipping-taxable","15":"purchasable","16":"product-type-simple"},"_links":{"self":[{"href":"https:\/\/modest-napier.216-250-124-103.plesk.page\/index.php\/wp-json\/wp\/v2\/product\/5621","targetHints":{"allow":["GET"]}}],"collection":[{"href":"https:\/\/modest-napier.216-250-124-103.plesk.page\/index.php\/wp-json\/wp\/v2\/product"}],"about":[{"href":"https:\/\/modest-napier.216-250-124-103.plesk.page\/index.php\/wp-json\/wp\/v2\/types\/product"}],"replies":[{"embeddable":true,"href":"https:\/\/modest-napier.216-250-124-103.plesk.page\/index.php\/wp-json\/wp\/v2\/comments?post=5621"}],"wp:featuredmedia":[{"embeddable":true,"href":"https:\/\/modest-napier.216-250-124-103.plesk.page\/index.php\/wp-json\/wp\/v2\/media\/2146"}],"wp:attachment":[{"href":"https:\/\/modest-napier.216-250-124-103.plesk.page\/index.php\/wp-json\/wp\/v2\/media?parent=5621"}],"wp:term":[{"taxonomy":"product_brand","embeddable":true,"href":"https:\/\/modest-napier.216-250-124-103.plesk.page\/index.php\/wp-json\/wp\/v2\/product_brand?post=5621"},{"taxonomy":"product_cat","embeddable":true,"href":"https:\/\/modest-napier.216-250-124-103.plesk.page\/index.php\/wp-json\/wp\/v2\/product_cat?post=5621"},{"taxonomy":"product_tag","embeddable":true,"href":"https:\/\/modest-napier.216-250-124-103.plesk.page\/index.php\/wp-json\/wp\/v2\/product_tag?post=5621"}],"curies":[{"name":"wp","href":"https:\/\/api.w.org\/{rel}","templated":true}]}}