{"id":5624,"date":"2025-09-24T19:39:41","date_gmt":"2025-09-24T19:39:41","guid":{"rendered":"https:\/\/modest-napier.216-250-124-103.plesk.page\/index.php\/producto\/gel-artri-ajo-king-250grs\/"},"modified":"2025-09-24T20:45:22","modified_gmt":"2025-09-24T20:45:22","slug":"gel-artri-ajo-king-250grs","status":"publish","type":"product","link":"https:\/\/modest-napier.216-250-124-103.plesk.page\/index.php\/producto\/gel-artri-ajo-king-250grs\/","title":{"rendered":"Gel Artri Ajo King con Ortiga y Omega 3 250 g"},"content":{"rendered":"<p data-mce-fragment=\"1\"><strong data-mce-fragment=\"1\">Descripci\u00f3n:<\/strong><\/p>\n<p data-mce-fragment=\"1\"><span><strong>Artri Ajo King<\/strong>\u00a0es un gel 100% natural con acci\u00f3n r\u00e1pida con componentes activos que trabajan para calmar el dolor muscular. Adem\u00e1s, proporciona un alivio duradero en cualquier \u00e1rea con molestias, ya que sus ingredientes activos dilatan los vasos sangu\u00edneos, generando una sensaci\u00f3n de calor. <em>Gel Artri Ajo King<\/em> est\u00e1 formulado para una r\u00e1pida absorci\u00f3n, ingredientes con propiedades antiinflamatorias y calmantes.<\/span><\/p>\n<p data-mce-fragment=\"1\"><strong>Ingredientes:<\/strong><\/p>\n<p data-mce-fragment=\"1\"><span>Glucosamina, condroitina, col\u00e1gen, vitamina V, c\u00farcuma, ortiga, MSM.<\/span><\/p>\n<p data-mce-fragment=\"1\"><strong data-mce-fragment=\"1\">Modo de uso:<\/strong><\/p>\n<p data-mce-fragment=\"1\"><span>Aplicar para limpiar la piel y masajear en un c\u00edrculo hasta que se absorba. Vendaje en caso de golpes o dolor intensos.<\/span><\/p>\n<p data-mce-fragment=\"1\"><strong data-mce-fragment=\"1\">Contenido:<\/strong><\/p>\n<p data-mce-fragment=\"1\">250 g.<\/p>\n","protected":false},"excerpt":{"rendered":"<p>Descripci\u00f3n: Artri Ajo King\u00a0es un gel 100% natural con acci\u00f3n r\u00e1pida con componentes activos que trabajan para calmar el dolor muscular. Adem\u00e1s, proporciona un alivio duradero en cualquier \u00e1rea con [&hellip;]<\/p>\n","protected":false},"featured_media":2149,"comment_status":"open","ping_status":"closed","template":"","meta":[],"product_brand":[478],"product_cat":[286,337,318],"product_tag":[77,91,151,92,204,93,86],"class_list":{"0":"post-5624","1":"product","2":"type-product","3":"status-publish","4":"has-post-thumbnail","6":"product_brand-ajo-king","7":"product_cat-analgesicos-en-gel","8":"product_cat-productos","9":"product_cat-salud","10":"product_tag-colageno","11":"product_tag-condroitina","12":"product_tag-curcuma","13":"product_tag-glucosamina","14":"product_tag-msm","15":"product_tag-ortiga","16":"product_tag-vitamina-c","18":"first","19":"outofstock","20":"shipping-taxable","21":"purchasable","22":"product-type-simple"},"_links":{"self":[{"href":"https:\/\/modest-napier.216-250-124-103.plesk.page\/index.php\/wp-json\/wp\/v2\/product\/5624","targetHints":{"allow":["GET"]}}],"collection":[{"href":"https:\/\/modest-napier.216-250-124-103.plesk.page\/index.php\/wp-json\/wp\/v2\/product"}],"about":[{"href":"https:\/\/modest-napier.216-250-124-103.plesk.page\/index.php\/wp-json\/wp\/v2\/types\/product"}],"replies":[{"embeddable":true,"href":"https:\/\/modest-napier.216-250-124-103.plesk.page\/index.php\/wp-json\/wp\/v2\/comments?post=5624"}],"wp:featuredmedia":[{"embeddable":true,"href":"https:\/\/modest-napier.216-250-124-103.plesk.page\/index.php\/wp-json\/wp\/v2\/media\/2149"}],"wp:attachment":[{"href":"https:\/\/modest-napier.216-250-124-103.plesk.page\/index.php\/wp-json\/wp\/v2\/media?parent=5624"}],"wp:term":[{"taxonomy":"product_brand","embeddable":true,"href":"https:\/\/modest-napier.216-250-124-103.plesk.page\/index.php\/wp-json\/wp\/v2\/product_brand?post=5624"},{"taxonomy":"product_cat","embeddable":true,"href":"https:\/\/modest-napier.216-250-124-103.plesk.page\/index.php\/wp-json\/wp\/v2\/product_cat?post=5624"},{"taxonomy":"product_tag","embeddable":true,"href":"https:\/\/modest-napier.216-250-124-103.plesk.page\/index.php\/wp-json\/wp\/v2\/product_tag?post=5624"}],"curies":[{"name":"wp","href":"https:\/\/api.w.org\/{rel}","templated":true}]}}