{"id":5626,"date":"2025-09-24T19:39:43","date_gmt":"2025-09-24T19:39:43","guid":{"rendered":"https:\/\/modest-napier.216-250-124-103.plesk.page\/index.php\/producto\/gel-chupa-panza-frasco-blanco-c-500-grs-herbomex\/"},"modified":"2025-09-24T20:45:21","modified_gmt":"2025-09-24T20:45:21","slug":"gel-chupa-panza-frasco-blanco-c-500-grs-herbomex","status":"publish","type":"product","link":"https:\/\/modest-napier.216-250-124-103.plesk.page\/index.php\/producto\/gel-chupa-panza-frasco-blanco-c-500-grs-herbomex\/","title":{"rendered":"Chupa Panza Gel de Jengibre 500 g Herbomex"},"content":{"rendered":"<p data-mce-fragment=\"1\"><strong data-mce-fragment=\"1\">Descripci\u00f3n:<\/strong><\/p>\n<p data-mce-fragment=\"1\"><span>El <strong>gel Chupa Panza Premier con jengibre<\/strong> elimina grasa de forma segura, reduce la retenci\u00f3n de l\u00edquidos, act\u00faa como anti-inflamatorio, por lo que diversas partes del cuerpo volver\u00e1n a tener un volumen m\u00e1s natural. Ayuda a que el sistema digestivo funcione mejor. No tiene efecto rebote y sus componentes son completamente naturales.<\/span><\/p>\n<p data-mce-fragment=\"1\"><strong data-mce-fragment=\"1\">Modo de uso:<\/strong><\/p>\n<p data-mce-fragment=\"1\">Untar en el \u00e1rea deseada de manera circular, dando un leve masaje.<\/p>\n<p data-mce-fragment=\"1\"><strong data-mce-fragment=\"1\">Contenido:<\/strong><\/p>\n<p data-mce-fragment=\"1\">500\u00a0g.<\/p>\n","protected":false},"excerpt":{"rendered":"<p>Descripci\u00f3n: El gel Chupa Panza Premier con jengibre elimina grasa de forma segura, reduce la retenci\u00f3n de l\u00edquidos, act\u00faa como anti-inflamatorio, por lo que diversas partes del cuerpo volver\u00e1n a [&hellip;]<\/p>\n","protected":false},"featured_media":2151,"comment_status":"open","ping_status":"closed","template":"","meta":[],"product_brand":[351],"product_cat":[287,300,337],"product_tag":[135,136],"class_list":{"0":"post-5626","1":"product","2":"type-product","3":"status-publish","4":"has-post-thumbnail","6":"product_brand-herbomex","7":"product_cat-baja-de-peso","8":"product_cat-geles-para-bajar-de-peso","9":"product_cat-productos","10":"product_tag-bamitol","11":"product_tag-jengibre","13":"first","14":"instock","15":"shipping-taxable","16":"purchasable","17":"product-type-simple"},"_links":{"self":[{"href":"https:\/\/modest-napier.216-250-124-103.plesk.page\/index.php\/wp-json\/wp\/v2\/product\/5626","targetHints":{"allow":["GET"]}}],"collection":[{"href":"https:\/\/modest-napier.216-250-124-103.plesk.page\/index.php\/wp-json\/wp\/v2\/product"}],"about":[{"href":"https:\/\/modest-napier.216-250-124-103.plesk.page\/index.php\/wp-json\/wp\/v2\/types\/product"}],"replies":[{"embeddable":true,"href":"https:\/\/modest-napier.216-250-124-103.plesk.page\/index.php\/wp-json\/wp\/v2\/comments?post=5626"}],"wp:featuredmedia":[{"embeddable":true,"href":"https:\/\/modest-napier.216-250-124-103.plesk.page\/index.php\/wp-json\/wp\/v2\/media\/2151"}],"wp:attachment":[{"href":"https:\/\/modest-napier.216-250-124-103.plesk.page\/index.php\/wp-json\/wp\/v2\/media?parent=5626"}],"wp:term":[{"taxonomy":"product_brand","embeddable":true,"href":"https:\/\/modest-napier.216-250-124-103.plesk.page\/index.php\/wp-json\/wp\/v2\/product_brand?post=5626"},{"taxonomy":"product_cat","embeddable":true,"href":"https:\/\/modest-napier.216-250-124-103.plesk.page\/index.php\/wp-json\/wp\/v2\/product_cat?post=5626"},{"taxonomy":"product_tag","embeddable":true,"href":"https:\/\/modest-napier.216-250-124-103.plesk.page\/index.php\/wp-json\/wp\/v2\/product_tag?post=5626"}],"curies":[{"name":"wp","href":"https:\/\/api.w.org\/{rel}","templated":true}]}}