{"id":5629,"date":"2025-09-24T19:39:48","date_gmt":"2025-09-24T19:39:48","guid":{"rendered":"https:\/\/modest-napier.216-250-124-103.plesk.page\/index.php\/producto\/gel-chupa-panza-extra-hot-250-gr-tapa-rojaeliminado\/"},"modified":"2025-09-24T19:39:49","modified_gmt":"2025-09-24T19:39:49","slug":"gel-chupa-panza-extra-hot-250-gr-tapa-rojaeliminado","status":"publish","type":"product","link":"https:\/\/modest-napier.216-250-124-103.plesk.page\/index.php\/producto\/gel-chupa-panza-extra-hot-250-gr-tapa-rojaeliminado\/","title":{"rendered":"GEL CHUPA PANZA EXTRA HOT 250 GR TAPA ROJA(ELIMINADO)"},"content":{"rendered":"<p data-mce-fragment=\"1\"><strong data-mce-fragment=\"1\">Descripci\u00f3n:<\/strong><\/p>\n<p data-mce-fragment=\"1\">Elimina grasa de forma segura, reduce la retenci\u00f3n de l\u00edquidos, act\u00faa como anti-inflamatorio, por lo que diversas partes del cuerpo volver\u00e1n a tener un volumen m\u00e1s natural, ayuda a que el sistema digestivo funcione mejor, no tiene efecto rebote y sus componentes son completamente naturales.<\/p>\n<p data-mce-fragment=\"1\"><strong data-mce-fragment=\"1\">Modo de uso:<\/strong><\/p>\n<p data-mce-fragment=\"1\">Untar en el \u00e1rea deseada de manera circular, dando un leve masaje.<\/p>\n<p data-mce-fragment=\"1\"><strong data-mce-fragment=\"1\">Contenido:<\/strong><\/p>\n<p data-mce-fragment=\"1\">250 gr.<\/p>\n","protected":false},"excerpt":{"rendered":"<p>Descripci\u00f3n: Elimina grasa de forma segura, reduce la retenci\u00f3n de l\u00edquidos, act\u00faa como anti-inflamatorio, por lo que diversas partes del cuerpo volver\u00e1n a tener un volumen m\u00e1s natural, ayuda a [&hellip;]<\/p>\n","protected":false},"featured_media":2154,"comment_status":"open","ping_status":"closed","template":"","meta":[],"product_brand":[],"product_cat":[287,300,337],"product_tag":[],"class_list":{"0":"post-5629","1":"product","2":"type-product","3":"status-publish","4":"has-post-thumbnail","6":"product_cat-baja-de-peso","7":"product_cat-geles-para-bajar-de-peso","8":"product_cat-productos","10":"first","11":"outofstock","12":"shipping-taxable","13":"purchasable","14":"product-type-simple"},"_links":{"self":[{"href":"https:\/\/modest-napier.216-250-124-103.plesk.page\/index.php\/wp-json\/wp\/v2\/product\/5629","targetHints":{"allow":["GET"]}}],"collection":[{"href":"https:\/\/modest-napier.216-250-124-103.plesk.page\/index.php\/wp-json\/wp\/v2\/product"}],"about":[{"href":"https:\/\/modest-napier.216-250-124-103.plesk.page\/index.php\/wp-json\/wp\/v2\/types\/product"}],"replies":[{"embeddable":true,"href":"https:\/\/modest-napier.216-250-124-103.plesk.page\/index.php\/wp-json\/wp\/v2\/comments?post=5629"}],"wp:featuredmedia":[{"embeddable":true,"href":"https:\/\/modest-napier.216-250-124-103.plesk.page\/index.php\/wp-json\/wp\/v2\/media\/2154"}],"wp:attachment":[{"href":"https:\/\/modest-napier.216-250-124-103.plesk.page\/index.php\/wp-json\/wp\/v2\/media?parent=5629"}],"wp:term":[{"taxonomy":"product_brand","embeddable":true,"href":"https:\/\/modest-napier.216-250-124-103.plesk.page\/index.php\/wp-json\/wp\/v2\/product_brand?post=5629"},{"taxonomy":"product_cat","embeddable":true,"href":"https:\/\/modest-napier.216-250-124-103.plesk.page\/index.php\/wp-json\/wp\/v2\/product_cat?post=5629"},{"taxonomy":"product_tag","embeddable":true,"href":"https:\/\/modest-napier.216-250-124-103.plesk.page\/index.php\/wp-json\/wp\/v2\/product_tag?post=5629"}],"curies":[{"name":"wp","href":"https:\/\/api.w.org\/{rel}","templated":true}]}}