{"id":5633,"date":"2025-09-24T19:39:52","date_gmt":"2025-09-24T19:39:52","guid":{"rendered":"https:\/\/modest-napier.216-250-124-103.plesk.page\/index.php\/producto\/gel-corporal-acido-hialuronico-c-250gr-novits\/"},"modified":"2025-09-24T20:43:58","modified_gmt":"2025-09-24T20:43:58","slug":"gel-corporal-acido-hialuronico-c-250gr-novits","status":"publish","type":"product","link":"https:\/\/modest-napier.216-250-124-103.plesk.page\/index.php\/producto\/gel-corporal-acido-hialuronico-c-250gr-novits\/","title":{"rendered":"Gel corporal de \u00c1cido Hialur\u00f3nico 250 g Novyt&#8217;s"},"content":{"rendered":"<p><strong>Descripci\u00f3n:\u00a0<\/strong><\/p>\n<p>El <strong>gel corporal con \u00e1cido hialur\u00f3nico<\/strong> funciona para el tratamiento de la inflamaci\u00f3n, dolor y limitaci\u00f3n funcional en trastornos musculoesquel\u00e9ticos como dolor de espalda, lumbalgia, golpes, torceduras, dolor muscular, de articulaciones y tendones, cuellos, manos, calambres, etc.<\/p>\n<p><strong>Modo de uso:\u00a0<\/strong><\/p>\n<p>Darse un peque\u00f1o masaje en la zona afectada en forma circular y ascendente dos o tres veces al d\u00eda durante 20 minutos.<\/p>\n<p><strong> Contenido:\u00a0<\/strong><\/p>\n<p>250 ml.<\/p>\n","protected":false},"excerpt":{"rendered":"<p>Descripci\u00f3n:\u00a0 El gel corporal con \u00e1cido hialur\u00f3nico funciona para el tratamiento de la inflamaci\u00f3n, dolor y limitaci\u00f3n funcional en trastornos musculoesquel\u00e9ticos como dolor de espalda, lumbalgia, golpes, torceduras, dolor muscular, [&hellip;]<\/p>\n","protected":false},"featured_media":2158,"comment_status":"open","ping_status":"closed","template":"","meta":[],"product_brand":[484],"product_cat":[286,289,337,318],"product_tag":[105],"class_list":{"0":"post-5633","1":"product","2":"type-product","3":"status-publish","4":"has-post-thumbnail","6":"product_brand-novyts","7":"product_cat-analgesicos-en-gel","8":"product_cat-belleza","9":"product_cat-productos","10":"product_cat-salud","11":"product_tag-acido-hialuronico","13":"first","14":"instock","15":"shipping-taxable","16":"purchasable","17":"product-type-simple"},"_links":{"self":[{"href":"https:\/\/modest-napier.216-250-124-103.plesk.page\/index.php\/wp-json\/wp\/v2\/product\/5633","targetHints":{"allow":["GET"]}}],"collection":[{"href":"https:\/\/modest-napier.216-250-124-103.plesk.page\/index.php\/wp-json\/wp\/v2\/product"}],"about":[{"href":"https:\/\/modest-napier.216-250-124-103.plesk.page\/index.php\/wp-json\/wp\/v2\/types\/product"}],"replies":[{"embeddable":true,"href":"https:\/\/modest-napier.216-250-124-103.plesk.page\/index.php\/wp-json\/wp\/v2\/comments?post=5633"}],"wp:featuredmedia":[{"embeddable":true,"href":"https:\/\/modest-napier.216-250-124-103.plesk.page\/index.php\/wp-json\/wp\/v2\/media\/2158"}],"wp:attachment":[{"href":"https:\/\/modest-napier.216-250-124-103.plesk.page\/index.php\/wp-json\/wp\/v2\/media?parent=5633"}],"wp:term":[{"taxonomy":"product_brand","embeddable":true,"href":"https:\/\/modest-napier.216-250-124-103.plesk.page\/index.php\/wp-json\/wp\/v2\/product_brand?post=5633"},{"taxonomy":"product_cat","embeddable":true,"href":"https:\/\/modest-napier.216-250-124-103.plesk.page\/index.php\/wp-json\/wp\/v2\/product_cat?post=5633"},{"taxonomy":"product_tag","embeddable":true,"href":"https:\/\/modest-napier.216-250-124-103.plesk.page\/index.php\/wp-json\/wp\/v2\/product_tag?post=5633"}],"curies":[{"name":"wp","href":"https:\/\/api.w.org\/{rel}","templated":true}]}}