{"id":5636,"date":"2025-09-24T19:39:56","date_gmt":"2025-09-24T19:39:56","guid":{"rendered":"https:\/\/modest-napier.216-250-124-103.plesk.page\/index.php\/producto\/gel-de-glucosamina-125-gr-bot-yers\/"},"modified":"2025-09-24T20:45:20","modified_gmt":"2025-09-24T20:45:20","slug":"gel-de-glucosamina-125-gr-bot-yers","status":"publish","type":"product","link":"https:\/\/modest-napier.216-250-124-103.plesk.page\/index.php\/producto\/gel-de-glucosamina-125-gr-bot-yers\/","title":{"rendered":"Gel de Glucosamina Contra el Dolor 125 g BOT-YERS"},"content":{"rendered":"<p data-mce-fragment=\"1\"><strong data-mce-fragment=\"1\">Descripci\u00f3n:<\/strong><\/p>\n<p>El <strong>gel de glucosamina<\/strong>\u00a0100% natural disminuye las molestias en articulaciones da\u00f1adas. Suaviza la piel y aten\u00faa la inflamaci\u00f3n de las articulaciones. Auxiliar en el tratamiento del dolor causado por contractura muscular.<\/p>\n<p data-mce-fragment=\"1\"><strong data-mce-fragment=\"1\">Modo de uso:<\/strong><\/p>\n<p data-mce-fragment=\"1\"><span>Aplicar en el \u00e1rea afectada.<\/span><\/p>\n<p data-mce-fragment=\"1\"><strong data-mce-fragment=\"1\">Contenido:<\/strong><\/p>\n<p data-mce-fragment=\"1\">125 g.<\/p>\n","protected":false},"excerpt":{"rendered":"<p>Descripci\u00f3n: El gel de glucosamina\u00a0100% natural disminuye las molestias en articulaciones da\u00f1adas. Suaviza la piel y aten\u00faa la inflamaci\u00f3n de las articulaciones. Auxiliar en el tratamiento del dolor causado por [&hellip;]<\/p>\n","protected":false},"featured_media":2161,"comment_status":"open","ping_status":"closed","template":"","meta":[],"product_brand":[383],"product_cat":[286,337,318],"product_tag":[92],"class_list":{"0":"post-5636","1":"product","2":"type-product","3":"status-publish","4":"has-post-thumbnail","6":"product_brand-bot-yers","7":"product_cat-analgesicos-en-gel","8":"product_cat-productos","9":"product_cat-salud","10":"product_tag-glucosamina","12":"first","13":"instock","14":"shipping-taxable","15":"purchasable","16":"product-type-simple"},"_links":{"self":[{"href":"https:\/\/modest-napier.216-250-124-103.plesk.page\/index.php\/wp-json\/wp\/v2\/product\/5636","targetHints":{"allow":["GET"]}}],"collection":[{"href":"https:\/\/modest-napier.216-250-124-103.plesk.page\/index.php\/wp-json\/wp\/v2\/product"}],"about":[{"href":"https:\/\/modest-napier.216-250-124-103.plesk.page\/index.php\/wp-json\/wp\/v2\/types\/product"}],"replies":[{"embeddable":true,"href":"https:\/\/modest-napier.216-250-124-103.plesk.page\/index.php\/wp-json\/wp\/v2\/comments?post=5636"}],"wp:featuredmedia":[{"embeddable":true,"href":"https:\/\/modest-napier.216-250-124-103.plesk.page\/index.php\/wp-json\/wp\/v2\/media\/2161"}],"wp:attachment":[{"href":"https:\/\/modest-napier.216-250-124-103.plesk.page\/index.php\/wp-json\/wp\/v2\/media?parent=5636"}],"wp:term":[{"taxonomy":"product_brand","embeddable":true,"href":"https:\/\/modest-napier.216-250-124-103.plesk.page\/index.php\/wp-json\/wp\/v2\/product_brand?post=5636"},{"taxonomy":"product_cat","embeddable":true,"href":"https:\/\/modest-napier.216-250-124-103.plesk.page\/index.php\/wp-json\/wp\/v2\/product_cat?post=5636"},{"taxonomy":"product_tag","embeddable":true,"href":"https:\/\/modest-napier.216-250-124-103.plesk.page\/index.php\/wp-json\/wp\/v2\/product_tag?post=5636"}],"curies":[{"name":"wp","href":"https:\/\/api.w.org\/{rel}","templated":true}]}}