{"id":5638,"date":"2025-09-24T19:39:58","date_gmt":"2025-09-24T19:39:58","guid":{"rendered":"https:\/\/modest-napier.216-250-124-103.plesk.page\/index.php\/producto\/gel-de-linaza-arbol-verde-c-500-gr-arbol-verde\/"},"modified":"2025-09-24T20:43:56","modified_gmt":"2025-09-24T20:43:56","slug":"gel-de-linaza-arbol-verde-c-500-gr-arbol-verde","status":"publish","type":"product","link":"https:\/\/modest-napier.216-250-124-103.plesk.page\/index.php\/producto\/gel-de-linaza-arbol-verde-c-500-gr-arbol-verde\/","title":{"rendered":"Gel de Linaza de 500 g \u00c1rbol Verde"},"content":{"rendered":"<p><strong>Descripci\u00f3n:\u00a0<\/strong><\/p>\n<p>\u00a1Conoce el <strong>gel capilar de linaza<\/strong>! La linaza es fuente de omega 3, nutre, fortalece y evita la ca\u00edda del cabello. Es de larga duraci\u00f3n y fuerte fijaci\u00f3n.<\/p>\n<p><strong> Modo de uso:\u00a0<\/strong><\/p>\n<p>Aplica sobre el cabello limpio seco o h\u00famedo, distribuye y peina como desees.<\/p>\n<p><strong>Contenido:\u00a0<\/strong><\/p>\n<p>500 g.<\/p>\n","protected":false},"excerpt":{"rendered":"<p>Descripci\u00f3n:\u00a0 \u00a1Conoce el gel capilar de linaza! La linaza es fuente de omega 3, nutre, fortalece y evita la ca\u00edda del cabello. Es de larga duraci\u00f3n y fuerte fijaci\u00f3n. Modo [&hellip;]<\/p>\n","protected":false},"featured_media":2163,"comment_status":"open","ping_status":"closed","template":"","meta":[],"product_brand":[481],"product_cat":[289,295,337],"product_tag":[46],"class_list":{"0":"post-5638","1":"product","2":"type-product","3":"status-publish","4":"has-post-thumbnail","6":"product_brand-arbol-verde","7":"product_cat-belleza","8":"product_cat-cuidado-del-cabello","9":"product_cat-productos","10":"product_tag-linaza","12":"first","13":"instock","14":"shipping-taxable","15":"purchasable","16":"product-type-simple"},"_links":{"self":[{"href":"https:\/\/modest-napier.216-250-124-103.plesk.page\/index.php\/wp-json\/wp\/v2\/product\/5638","targetHints":{"allow":["GET"]}}],"collection":[{"href":"https:\/\/modest-napier.216-250-124-103.plesk.page\/index.php\/wp-json\/wp\/v2\/product"}],"about":[{"href":"https:\/\/modest-napier.216-250-124-103.plesk.page\/index.php\/wp-json\/wp\/v2\/types\/product"}],"replies":[{"embeddable":true,"href":"https:\/\/modest-napier.216-250-124-103.plesk.page\/index.php\/wp-json\/wp\/v2\/comments?post=5638"}],"wp:featuredmedia":[{"embeddable":true,"href":"https:\/\/modest-napier.216-250-124-103.plesk.page\/index.php\/wp-json\/wp\/v2\/media\/2163"}],"wp:attachment":[{"href":"https:\/\/modest-napier.216-250-124-103.plesk.page\/index.php\/wp-json\/wp\/v2\/media?parent=5638"}],"wp:term":[{"taxonomy":"product_brand","embeddable":true,"href":"https:\/\/modest-napier.216-250-124-103.plesk.page\/index.php\/wp-json\/wp\/v2\/product_brand?post=5638"},{"taxonomy":"product_cat","embeddable":true,"href":"https:\/\/modest-napier.216-250-124-103.plesk.page\/index.php\/wp-json\/wp\/v2\/product_cat?post=5638"},{"taxonomy":"product_tag","embeddable":true,"href":"https:\/\/modest-napier.216-250-124-103.plesk.page\/index.php\/wp-json\/wp\/v2\/product_tag?post=5638"}],"curies":[{"name":"wp","href":"https:\/\/api.w.org\/{rel}","templated":true}]}}