{"id":5644,"date":"2025-09-24T19:40:08","date_gmt":"2025-09-24T19:40:08","guid":{"rendered":"https:\/\/modest-napier.216-250-124-103.plesk.page\/index.php\/producto\/gel-goji-reafirmante-260-gr-nolisan\/"},"modified":"2025-09-24T20:47:30","modified_gmt":"2025-09-24T20:47:30","slug":"gel-goji-reafirmante-260-gr-nolisan","status":"publish","type":"product","link":"https:\/\/modest-napier.216-250-124-103.plesk.page\/index.php\/producto\/gel-goji-reafirmante-260-gr-nolisan\/","title":{"rendered":"Gel Goji Reafirmante 260 g Nolisan"},"content":{"rendered":"<p data-mce-fragment=\"1\"><strong data-mce-fragment=\"1\">Descripci\u00f3n:<\/strong><\/p>\n<p data-mce-fragment=\"1\">El <strong>gel Goji reafirmante<\/strong> disminuye las arrugas y l\u00edneas finas, ofrece protecci\u00f3n solar, brillo saludable, tratamiento de afecciones cut\u00e1neas, aumenta la producci\u00f3n de col\u00e1geno, mantienen la hidrataci\u00f3n en la piel y propiedades\u00a0anti-hongos.<\/p>\n<p data-mce-fragment=\"1\"><strong data-mce-fragment=\"1\">Modo de uso:<\/strong><\/p>\n<p data-mce-fragment=\"1\">Aplicar en el \u00e1rea deseada de manera circular, dando un leve masaje.<\/p>\n<p data-mce-fragment=\"1\"><strong data-mce-fragment=\"1\">Contenido:<\/strong><\/p>\n<p data-mce-fragment=\"1\">260 g.<\/p>\n","protected":false},"excerpt":{"rendered":"<p>Descripci\u00f3n: El gel Goji reafirmante disminuye las arrugas y l\u00edneas finas, ofrece protecci\u00f3n solar, brillo saludable, tratamiento de afecciones cut\u00e1neas, aumenta la producci\u00f3n de col\u00e1geno, mantienen la hidrataci\u00f3n en la [&hellip;]<\/p>\n","protected":false},"featured_media":2169,"comment_status":"open","ping_status":"closed","template":"","meta":[],"product_brand":[368],"product_cat":[289,293,337],"product_tag":[174],"class_list":{"0":"post-5644","1":"product","2":"type-product","3":"status-publish","4":"has-post-thumbnail","6":"product_brand-nolisan","7":"product_cat-belleza","8":"product_cat-cremas-y-geles-corporales","9":"product_cat-productos","10":"product_tag-goji","12":"first","13":"outofstock","14":"shipping-taxable","15":"purchasable","16":"product-type-simple"},"_links":{"self":[{"href":"https:\/\/modest-napier.216-250-124-103.plesk.page\/index.php\/wp-json\/wp\/v2\/product\/5644","targetHints":{"allow":["GET"]}}],"collection":[{"href":"https:\/\/modest-napier.216-250-124-103.plesk.page\/index.php\/wp-json\/wp\/v2\/product"}],"about":[{"href":"https:\/\/modest-napier.216-250-124-103.plesk.page\/index.php\/wp-json\/wp\/v2\/types\/product"}],"replies":[{"embeddable":true,"href":"https:\/\/modest-napier.216-250-124-103.plesk.page\/index.php\/wp-json\/wp\/v2\/comments?post=5644"}],"wp:featuredmedia":[{"embeddable":true,"href":"https:\/\/modest-napier.216-250-124-103.plesk.page\/index.php\/wp-json\/wp\/v2\/media\/2169"}],"wp:attachment":[{"href":"https:\/\/modest-napier.216-250-124-103.plesk.page\/index.php\/wp-json\/wp\/v2\/media?parent=5644"}],"wp:term":[{"taxonomy":"product_brand","embeddable":true,"href":"https:\/\/modest-napier.216-250-124-103.plesk.page\/index.php\/wp-json\/wp\/v2\/product_brand?post=5644"},{"taxonomy":"product_cat","embeddable":true,"href":"https:\/\/modest-napier.216-250-124-103.plesk.page\/index.php\/wp-json\/wp\/v2\/product_cat?post=5644"},{"taxonomy":"product_tag","embeddable":true,"href":"https:\/\/modest-napier.216-250-124-103.plesk.page\/index.php\/wp-json\/wp\/v2\/product_tag?post=5644"}],"curies":[{"name":"wp","href":"https:\/\/api.w.org\/{rel}","templated":true}]}}