{"id":5647,"date":"2025-09-24T19:40:11","date_gmt":"2025-09-24T19:40:11","guid":{"rendered":"https:\/\/modest-napier.216-250-124-103.plesk.page\/index.php\/producto\/gel-linaza-con-colageno-y-keratina-c-250-ml-shanaturals\/"},"modified":"2025-09-24T20:45:12","modified_gmt":"2025-09-24T20:45:12","slug":"gel-linaza-con-colageno-y-keratina-c-250-ml-shanaturals","status":"publish","type":"product","link":"https:\/\/modest-napier.216-250-124-103.plesk.page\/index.php\/producto\/gel-linaza-con-colageno-y-keratina-c-250-ml-shanaturals\/","title":{"rendered":"Gel Capilar Linaza con Col\u00e1geno 250 ml Shantural&#8217;s"},"content":{"rendered":"<p data-mce-fragment=\"1\"><strong data-mce-fragment=\"1\">Descripci\u00f3n:<\/strong><\/p>\n<p data-mce-fragment=\"1\"><span>El <strong>gel para cabello de linaza con col\u00e1geno y keratina<\/strong> provee una larga duraci\u00f3n y fuerte fijaci\u00f3n, sin alcohol, residuos ni qu\u00edmicos da\u00f1inos.<\/span><br data-mce-fragment=\"1\"><\/p>\n<p data-mce-fragment=\"1\"><strong data-mce-fragment=\"1\">Modo de uso:<\/strong><\/p>\n<p data-mce-fragment=\"1\"><span>Aplicar sobre cabello seco o h\u00famedo, distrib\u00fayalo uniformemente y p\u00e9inelo como desee.<\/span><\/p>\n<p data-mce-fragment=\"1\"><strong data-mce-fragment=\"1\">Contenido:<\/strong><\/p>\n<p data-mce-fragment=\"1\">250 ml.<\/p>\n","protected":false},"excerpt":{"rendered":"<p>Descripci\u00f3n: El gel para cabello de linaza con col\u00e1geno y keratina provee una larga duraci\u00f3n y fuerte fijaci\u00f3n, sin alcohol, residuos ni qu\u00edmicos da\u00f1inos. Modo de uso: Aplicar sobre cabello [&hellip;]<\/p>\n","protected":false},"featured_media":2172,"comment_status":"open","ping_status":"closed","template":"","meta":[],"product_brand":[362],"product_cat":[289,295,337],"product_tag":[77,234,46],"class_list":{"0":"post-5647","1":"product","2":"type-product","3":"status-publish","4":"has-post-thumbnail","6":"product_brand-shanaturals","7":"product_cat-belleza","8":"product_cat-cuidado-del-cabello","9":"product_cat-productos","10":"product_tag-colageno","11":"product_tag-keratina","12":"product_tag-linaza","14":"first","15":"instock","16":"shipping-taxable","17":"purchasable","18":"product-type-simple"},"_links":{"self":[{"href":"https:\/\/modest-napier.216-250-124-103.plesk.page\/index.php\/wp-json\/wp\/v2\/product\/5647","targetHints":{"allow":["GET"]}}],"collection":[{"href":"https:\/\/modest-napier.216-250-124-103.plesk.page\/index.php\/wp-json\/wp\/v2\/product"}],"about":[{"href":"https:\/\/modest-napier.216-250-124-103.plesk.page\/index.php\/wp-json\/wp\/v2\/types\/product"}],"replies":[{"embeddable":true,"href":"https:\/\/modest-napier.216-250-124-103.plesk.page\/index.php\/wp-json\/wp\/v2\/comments?post=5647"}],"wp:featuredmedia":[{"embeddable":true,"href":"https:\/\/modest-napier.216-250-124-103.plesk.page\/index.php\/wp-json\/wp\/v2\/media\/2172"}],"wp:attachment":[{"href":"https:\/\/modest-napier.216-250-124-103.plesk.page\/index.php\/wp-json\/wp\/v2\/media?parent=5647"}],"wp:term":[{"taxonomy":"product_brand","embeddable":true,"href":"https:\/\/modest-napier.216-250-124-103.plesk.page\/index.php\/wp-json\/wp\/v2\/product_brand?post=5647"},{"taxonomy":"product_cat","embeddable":true,"href":"https:\/\/modest-napier.216-250-124-103.plesk.page\/index.php\/wp-json\/wp\/v2\/product_cat?post=5647"},{"taxonomy":"product_tag","embeddable":true,"href":"https:\/\/modest-napier.216-250-124-103.plesk.page\/index.php\/wp-json\/wp\/v2\/product_tag?post=5647"}],"curies":[{"name":"wp","href":"https:\/\/api.w.org\/{rel}","templated":true}]}}