{"id":5654,"date":"2025-09-24T19:40:21","date_gmt":"2025-09-24T19:40:21","guid":{"rendered":"https:\/\/modest-napier.216-250-124-103.plesk.page\/index.php\/producto\/gel-nolis-bell-260-gr-nolisan\/"},"modified":"2025-09-24T20:47:30","modified_gmt":"2025-09-24T20:47:30","slug":"gel-nolis-bell-260-gr-nolisan","status":"publish","type":"product","link":"https:\/\/modest-napier.216-250-124-103.plesk.page\/index.php\/producto\/gel-nolis-bell-260-gr-nolisan\/","title":{"rendered":"Gel Nolis Bell 260 g Nolisan"},"content":{"rendered":"<p data-mce-fragment=\"1\">El gel\u00a0<strong>Nolis Bell<\/strong> elimina grasa de forma segura, reduce la retenci\u00f3n de l\u00edquidos, act\u00faa como anti-inflamatorio, por lo que diversas partes del cuerpo volver\u00e1n a tener un volumen m\u00e1s natural, ayuda a que el sistema digestivo funcione mejor, no tiene efecto rebote y sus componentes son completamente naturales.<strong><\/strong><\/p>\n","protected":false},"excerpt":{"rendered":"<p>El gel\u00a0Nolis Bell elimina grasa de forma segura, reduce la retenci\u00f3n de l\u00edquidos, act\u00faa como anti-inflamatorio, por lo que diversas partes del cuerpo volver\u00e1n a tener un volumen m\u00e1s natural, [&hellip;]<\/p>\n","protected":false},"featured_media":2179,"comment_status":"open","ping_status":"closed","template":"","meta":[],"product_brand":[368],"product_cat":[287,300,337],"product_tag":[112,191,166,186,217,123,117],"class_list":{"0":"post-5654","1":"product","2":"type-product","3":"status-publish","4":"has-post-thumbnail","6":"product_brand-nolisan","7":"product_cat-baja-de-peso","8":"product_cat-geles-para-bajar-de-peso","9":"product_cat-productos","10":"product_tag-algas-marinas","11":"product_tag-fresa","12":"product_tag-garcinia-cambogia","13":"product_tag-mango-africano","14":"product_tag-mentol","15":"product_tag-pina","16":"product_tag-toronja","18":"first","19":"outofstock","20":"shipping-taxable","21":"purchasable","22":"product-type-simple"},"_links":{"self":[{"href":"https:\/\/modest-napier.216-250-124-103.plesk.page\/index.php\/wp-json\/wp\/v2\/product\/5654","targetHints":{"allow":["GET"]}}],"collection":[{"href":"https:\/\/modest-napier.216-250-124-103.plesk.page\/index.php\/wp-json\/wp\/v2\/product"}],"about":[{"href":"https:\/\/modest-napier.216-250-124-103.plesk.page\/index.php\/wp-json\/wp\/v2\/types\/product"}],"replies":[{"embeddable":true,"href":"https:\/\/modest-napier.216-250-124-103.plesk.page\/index.php\/wp-json\/wp\/v2\/comments?post=5654"}],"wp:featuredmedia":[{"embeddable":true,"href":"https:\/\/modest-napier.216-250-124-103.plesk.page\/index.php\/wp-json\/wp\/v2\/media\/2179"}],"wp:attachment":[{"href":"https:\/\/modest-napier.216-250-124-103.plesk.page\/index.php\/wp-json\/wp\/v2\/media?parent=5654"}],"wp:term":[{"taxonomy":"product_brand","embeddable":true,"href":"https:\/\/modest-napier.216-250-124-103.plesk.page\/index.php\/wp-json\/wp\/v2\/product_brand?post=5654"},{"taxonomy":"product_cat","embeddable":true,"href":"https:\/\/modest-napier.216-250-124-103.plesk.page\/index.php\/wp-json\/wp\/v2\/product_cat?post=5654"},{"taxonomy":"product_tag","embeddable":true,"href":"https:\/\/modest-napier.216-250-124-103.plesk.page\/index.php\/wp-json\/wp\/v2\/product_tag?post=5654"}],"curies":[{"name":"wp","href":"https:\/\/api.w.org\/{rel}","templated":true}]}}