{"id":5655,"date":"2025-09-24T19:40:22","date_gmt":"2025-09-24T19:40:22","guid":{"rendered":"https:\/\/modest-napier.216-250-124-103.plesk.page\/index.php\/producto\/gel-nolis-bell-premium-250-gm-nolisan\/"},"modified":"2025-09-24T20:47:30","modified_gmt":"2025-09-24T20:47:30","slug":"gel-nolis-bell-premium-250-gm-nolisan","status":"publish","type":"product","link":"https:\/\/modest-napier.216-250-124-103.plesk.page\/index.php\/producto\/gel-nolis-bell-premium-250-gm-nolisan\/","title":{"rendered":"Gel Nolis Bell Premium 250 g Nolisan"},"content":{"rendered":"<p>El gel Nolis bell Premium elimina grasa de forma segura, reduce la retenci\u00f3n de l\u00edquidos y act\u00faa como anti-inflamatorio, por lo que diversas partes del cuerpo volver\u00e1n a tener un volumen m\u00e1s natural. Ayuda a que el sistema digestivo funcione mejor, no tiene efecto rebote y sus componentes son completamente naturales.<\/p>\n","protected":false},"excerpt":{"rendered":"<p>El gel Nolis bell Premium elimina grasa de forma segura, reduce la retenci\u00f3n de l\u00edquidos y act\u00faa como anti-inflamatorio, por lo que diversas partes del cuerpo volver\u00e1n a tener un [&hellip;]<\/p>\n","protected":false},"featured_media":2180,"comment_status":"open","ping_status":"closed","template":"","meta":[],"product_brand":[368],"product_cat":[287,300,337],"product_tag":[112,191,166,186,217,123,117],"class_list":{"0":"post-5655","1":"product","2":"type-product","3":"status-publish","4":"has-post-thumbnail","6":"product_brand-nolisan","7":"product_cat-baja-de-peso","8":"product_cat-geles-para-bajar-de-peso","9":"product_cat-productos","10":"product_tag-algas-marinas","11":"product_tag-fresa","12":"product_tag-garcinia-cambogia","13":"product_tag-mango-africano","14":"product_tag-mentol","15":"product_tag-pina","16":"product_tag-toronja","18":"first","19":"outofstock","20":"shipping-taxable","21":"purchasable","22":"product-type-simple"},"_links":{"self":[{"href":"https:\/\/modest-napier.216-250-124-103.plesk.page\/index.php\/wp-json\/wp\/v2\/product\/5655","targetHints":{"allow":["GET"]}}],"collection":[{"href":"https:\/\/modest-napier.216-250-124-103.plesk.page\/index.php\/wp-json\/wp\/v2\/product"}],"about":[{"href":"https:\/\/modest-napier.216-250-124-103.plesk.page\/index.php\/wp-json\/wp\/v2\/types\/product"}],"replies":[{"embeddable":true,"href":"https:\/\/modest-napier.216-250-124-103.plesk.page\/index.php\/wp-json\/wp\/v2\/comments?post=5655"}],"wp:featuredmedia":[{"embeddable":true,"href":"https:\/\/modest-napier.216-250-124-103.plesk.page\/index.php\/wp-json\/wp\/v2\/media\/2180"}],"wp:attachment":[{"href":"https:\/\/modest-napier.216-250-124-103.plesk.page\/index.php\/wp-json\/wp\/v2\/media?parent=5655"}],"wp:term":[{"taxonomy":"product_brand","embeddable":true,"href":"https:\/\/modest-napier.216-250-124-103.plesk.page\/index.php\/wp-json\/wp\/v2\/product_brand?post=5655"},{"taxonomy":"product_cat","embeddable":true,"href":"https:\/\/modest-napier.216-250-124-103.plesk.page\/index.php\/wp-json\/wp\/v2\/product_cat?post=5655"},{"taxonomy":"product_tag","embeddable":true,"href":"https:\/\/modest-napier.216-250-124-103.plesk.page\/index.php\/wp-json\/wp\/v2\/product_tag?post=5655"}],"curies":[{"name":"wp","href":"https:\/\/api.w.org\/{rel}","templated":true}]}}