{"id":5660,"date":"2025-09-24T19:40:28","date_gmt":"2025-09-24T19:40:28","guid":{"rendered":"https:\/\/modest-napier.216-250-124-103.plesk.page\/index.php\/producto\/gel-sak-grass-c-250-gr-dains-nuts\/"},"modified":"2025-09-24T20:44:25","modified_gmt":"2025-09-24T20:44:25","slug":"gel-sak-grass-c-250-gr-dains-nuts","status":"publish","type":"product","link":"https:\/\/modest-napier.216-250-124-103.plesk.page\/index.php\/producto\/gel-sak-grass-c-250-gr-dains-nuts\/","title":{"rendered":"Sak Grass Gel de Jengibre 250 g Dains Nuts"},"content":{"rendered":"<p><em>El gel de jengibre Sak Grass con alcachofa y bamitol se recomienda para quemar grasa y reducir la flacidez de la piel.<\/em> Con su f\u00f3rmula reforzada, es \u00fatil como antiinflamatorio, ayuda a reducir la celulitis, a eliminar toxinas y a aclarar las estr\u00edas.<\/p>\n","protected":false},"excerpt":{"rendered":"<p>El gel de jengibre Sak Grass con alcachofa y bamitol se recomienda para quemar grasa y reducir la flacidez de la piel. Con su f\u00f3rmula reforzada, es \u00fatil como antiinflamatorio, [&hellip;]<\/p>\n","protected":false},"featured_media":2185,"comment_status":"open","ping_status":"closed","template":"","meta":[],"product_brand":[464],"product_cat":[287,289,300,337,318],"product_tag":[110,135,136],"class_list":{"0":"post-5660","1":"product","2":"type-product","3":"status-publish","4":"has-post-thumbnail","6":"product_brand-dains-nuts","7":"product_cat-baja-de-peso","8":"product_cat-belleza","9":"product_cat-geles-para-bajar-de-peso","10":"product_cat-productos","11":"product_cat-salud","12":"product_tag-alcachofa","13":"product_tag-bamitol","14":"product_tag-jengibre","16":"first","17":"instock","18":"shipping-taxable","19":"purchasable","20":"product-type-simple"},"_links":{"self":[{"href":"https:\/\/modest-napier.216-250-124-103.plesk.page\/index.php\/wp-json\/wp\/v2\/product\/5660","targetHints":{"allow":["GET"]}}],"collection":[{"href":"https:\/\/modest-napier.216-250-124-103.plesk.page\/index.php\/wp-json\/wp\/v2\/product"}],"about":[{"href":"https:\/\/modest-napier.216-250-124-103.plesk.page\/index.php\/wp-json\/wp\/v2\/types\/product"}],"replies":[{"embeddable":true,"href":"https:\/\/modest-napier.216-250-124-103.plesk.page\/index.php\/wp-json\/wp\/v2\/comments?post=5660"}],"wp:featuredmedia":[{"embeddable":true,"href":"https:\/\/modest-napier.216-250-124-103.plesk.page\/index.php\/wp-json\/wp\/v2\/media\/2185"}],"wp:attachment":[{"href":"https:\/\/modest-napier.216-250-124-103.plesk.page\/index.php\/wp-json\/wp\/v2\/media?parent=5660"}],"wp:term":[{"taxonomy":"product_brand","embeddable":true,"href":"https:\/\/modest-napier.216-250-124-103.plesk.page\/index.php\/wp-json\/wp\/v2\/product_brand?post=5660"},{"taxonomy":"product_cat","embeddable":true,"href":"https:\/\/modest-napier.216-250-124-103.plesk.page\/index.php\/wp-json\/wp\/v2\/product_cat?post=5660"},{"taxonomy":"product_tag","embeddable":true,"href":"https:\/\/modest-napier.216-250-124-103.plesk.page\/index.php\/wp-json\/wp\/v2\/product_tag?post=5660"}],"curies":[{"name":"wp","href":"https:\/\/api.w.org\/{rel}","templated":true}]}}