{"id":5668,"date":"2025-09-24T19:40:37","date_gmt":"2025-09-24T19:40:37","guid":{"rendered":"https:\/\/modest-napier.216-250-124-103.plesk.page\/index.php\/producto\/gomitas-ashwagandha-relax-gummmies-sabor-mandarina-c-30-organiks\/"},"modified":"2025-09-24T20:43:25","modified_gmt":"2025-09-24T20:43:25","slug":"gomitas-ashwagandha-relax","status":"publish","type":"product","link":"https:\/\/modest-napier.216-250-124-103.plesk.page\/index.php\/producto\/gomitas-ashwagandha-relax\/","title":{"rendered":"Gomitas Ashwaganda Relax 30 piezas Organik&#8217;s"},"content":{"rendered":"<p><span data-sheets-root=\"1\">El suplemento de <strong>ashwagandha<\/strong> en gomitas ayuda a reducir el estr\u00e9s y la ansiedad de la vida cotidiana, a controlar el aumento de peso causado por lo mismo. Es auxiliar contra el insomnio, ayuda a tener una mejor calidad de sue\u00f1o. Tambi\u00e9n ayuda a mantener un sistema inmunol\u00f3gico sano y disminuir la presi\u00f3n arterial.<br \/><\/span><\/p>\n","protected":false},"excerpt":{"rendered":"<p>El suplemento de ashwagandha en gomitas ayuda a reducir el estr\u00e9s y la ansiedad de la vida cotidiana, a controlar el aumento de peso causado por lo mismo. Es auxiliar [&hellip;]<\/p>\n","protected":false},"featured_media":2194,"comment_status":"open","ping_status":"closed","template":"","meta":[],"product_brand":[436],"product_cat":[337,318],"product_tag":[],"class_list":{"0":"post-5668","1":"product","2":"type-product","3":"status-publish","4":"has-post-thumbnail","6":"product_brand-organiks","7":"product_cat-productos","8":"product_cat-salud","10":"first","11":"instock","12":"shipping-taxable","13":"purchasable","14":"product-type-simple"},"_links":{"self":[{"href":"https:\/\/modest-napier.216-250-124-103.plesk.page\/index.php\/wp-json\/wp\/v2\/product\/5668","targetHints":{"allow":["GET"]}}],"collection":[{"href":"https:\/\/modest-napier.216-250-124-103.plesk.page\/index.php\/wp-json\/wp\/v2\/product"}],"about":[{"href":"https:\/\/modest-napier.216-250-124-103.plesk.page\/index.php\/wp-json\/wp\/v2\/types\/product"}],"replies":[{"embeddable":true,"href":"https:\/\/modest-napier.216-250-124-103.plesk.page\/index.php\/wp-json\/wp\/v2\/comments?post=5668"}],"wp:featuredmedia":[{"embeddable":true,"href":"https:\/\/modest-napier.216-250-124-103.plesk.page\/index.php\/wp-json\/wp\/v2\/media\/2194"}],"wp:attachment":[{"href":"https:\/\/modest-napier.216-250-124-103.plesk.page\/index.php\/wp-json\/wp\/v2\/media?parent=5668"}],"wp:term":[{"taxonomy":"product_brand","embeddable":true,"href":"https:\/\/modest-napier.216-250-124-103.plesk.page\/index.php\/wp-json\/wp\/v2\/product_brand?post=5668"},{"taxonomy":"product_cat","embeddable":true,"href":"https:\/\/modest-napier.216-250-124-103.plesk.page\/index.php\/wp-json\/wp\/v2\/product_cat?post=5668"},{"taxonomy":"product_tag","embeddable":true,"href":"https:\/\/modest-napier.216-250-124-103.plesk.page\/index.php\/wp-json\/wp\/v2\/product_tag?post=5668"}],"curies":[{"name":"wp","href":"https:\/\/api.w.org\/{rel}","templated":true}]}}