{"id":5670,"date":"2025-09-24T19:40:41","date_gmt":"2025-09-24T19:40:41","guid":{"rendered":"https:\/\/modest-napier.216-250-124-103.plesk.page\/index.php\/producto\/gomitas-colageno-con-biotina-sin-azucar-c-30-de-4-g-c-u-cataleya\/"},"modified":"2025-09-24T20:43:27","modified_gmt":"2025-09-24T20:43:27","slug":"gomitas-colageno-biotina-sin-azucar","status":"publish","type":"product","link":"https:\/\/modest-napier.216-250-124-103.plesk.page\/index.php\/producto\/gomitas-colageno-biotina-sin-azucar\/","title":{"rendered":"Gomitas de col\u00e1geno con biotina sin az\u00facar 30 piezas Cataleya"},"content":{"rendered":"<style type=\"text\/css\"><!--td {border: 1px solid #cccccc;}br {mso-data-placement:same-cell;}--><\/style>\n<p><span data-sheets-root=\"1\">Las gomitas de col\u00e1geno con biotina sin az\u00facar mejoran la firmeza y la elasticidad de la piel, al mismo tiempo que fortalecen las u\u00f1as y el cabello y mejoran su aspecto. Adem\u00e1s, previenen y retardan la aparici\u00f3n de arrugas, l\u00edneas de expresi\u00f3n y celulitis. Tambi\u00e9n ayudan a las articulaciones, tendones y ligamentos.<br \/><\/span><\/p>\n","protected":false},"excerpt":{"rendered":"<p>Las gomitas de col\u00e1geno con biotina sin az\u00facar mejoran la firmeza y la elasticidad de la piel, al mismo tiempo que fortalecen las u\u00f1as y el cabello y mejoran su [&hellip;]<\/p>\n","protected":false},"featured_media":2196,"comment_status":"open","ping_status":"closed","template":"","meta":[],"product_brand":[441],"product_cat":[307,337,318],"product_tag":[73,77],"class_list":{"0":"post-5670","1":"product","2":"type-product","3":"status-publish","4":"has-post-thumbnail","6":"product_brand-cataleya-emporium","7":"product_cat-nuevos","8":"product_cat-productos","9":"product_cat-salud","10":"product_tag-biotina","11":"product_tag-colageno","13":"first","14":"instock","15":"shipping-taxable","16":"purchasable","17":"product-type-simple"},"_links":{"self":[{"href":"https:\/\/modest-napier.216-250-124-103.plesk.page\/index.php\/wp-json\/wp\/v2\/product\/5670","targetHints":{"allow":["GET"]}}],"collection":[{"href":"https:\/\/modest-napier.216-250-124-103.plesk.page\/index.php\/wp-json\/wp\/v2\/product"}],"about":[{"href":"https:\/\/modest-napier.216-250-124-103.plesk.page\/index.php\/wp-json\/wp\/v2\/types\/product"}],"replies":[{"embeddable":true,"href":"https:\/\/modest-napier.216-250-124-103.plesk.page\/index.php\/wp-json\/wp\/v2\/comments?post=5670"}],"wp:featuredmedia":[{"embeddable":true,"href":"https:\/\/modest-napier.216-250-124-103.plesk.page\/index.php\/wp-json\/wp\/v2\/media\/2196"}],"wp:attachment":[{"href":"https:\/\/modest-napier.216-250-124-103.plesk.page\/index.php\/wp-json\/wp\/v2\/media?parent=5670"}],"wp:term":[{"taxonomy":"product_brand","embeddable":true,"href":"https:\/\/modest-napier.216-250-124-103.plesk.page\/index.php\/wp-json\/wp\/v2\/product_brand?post=5670"},{"taxonomy":"product_cat","embeddable":true,"href":"https:\/\/modest-napier.216-250-124-103.plesk.page\/index.php\/wp-json\/wp\/v2\/product_cat?post=5670"},{"taxonomy":"product_tag","embeddable":true,"href":"https:\/\/modest-napier.216-250-124-103.plesk.page\/index.php\/wp-json\/wp\/v2\/product_tag?post=5670"}],"curies":[{"name":"wp","href":"https:\/\/api.w.org\/{rel}","templated":true}]}}