{"id":5673,"date":"2025-09-24T19:40:44","date_gmt":"2025-09-24T19:40:44","guid":{"rendered":"https:\/\/modest-napier.216-250-124-103.plesk.page\/index.php\/producto\/gomitas-gumi-zzzz-melatonina-valeriana-c-30-naturalhealth\/"},"modified":"2025-09-24T20:43:56","modified_gmt":"2025-09-24T20:43:56","slug":"gomitas-gumi-zzzz-melatonina-valeriana-c-30-naturalhealth","status":"publish","type":"product","link":"https:\/\/modest-napier.216-250-124-103.plesk.page\/index.php\/producto\/gomitas-gumi-zzzz-melatonina-valeriana-c-30-naturalhealth\/","title":{"rendered":"30 Gomitas (GUMI) con Melatonina y Valeriana NaturalHealth."},"content":{"rendered":"<p><strong>Descripci\u00f3n:<\/strong><\/p>\n<p>Su principal papel en el organismo es regular los ciclos del sue\u00f1o, ya que la producci\u00f3n de melatonina por el cuerpo humano disminuye con la edad o no es segregada de una manera normal<\/p>\n<p><strong>Modo de uso:<\/strong><\/p>\n<p>Tomar una gomita antes de dormir<\/p>\n<p><strong>Contenido:<\/strong><\/p>\n<p>30 gomitas de 3 g c\/u<\/p>\n","protected":false},"excerpt":{"rendered":"<p>Descripci\u00f3n: Su principal papel en el organismo es regular los ciclos del sue\u00f1o, ya que la producci\u00f3n de melatonina por el cuerpo humano disminuye con la edad o no es [&hellip;]<\/p>\n","protected":false},"featured_media":2200,"comment_status":"open","ping_status":"closed","template":"","meta":[],"product_brand":[460],"product_cat":[303,337,318],"product_tag":[173,79],"class_list":{"0":"post-5673","1":"product","2":"type-product","3":"status-publish","4":"has-post-thumbnail","6":"product_brand-natural-health","7":"product_cat-insomnio-y-ansiedad","8":"product_cat-productos","9":"product_cat-salud","10":"product_tag-melatonina","11":"product_tag-valeriana","13":"first","14":"instock","15":"shipping-taxable","16":"purchasable","17":"product-type-simple"},"_links":{"self":[{"href":"https:\/\/modest-napier.216-250-124-103.plesk.page\/index.php\/wp-json\/wp\/v2\/product\/5673","targetHints":{"allow":["GET"]}}],"collection":[{"href":"https:\/\/modest-napier.216-250-124-103.plesk.page\/index.php\/wp-json\/wp\/v2\/product"}],"about":[{"href":"https:\/\/modest-napier.216-250-124-103.plesk.page\/index.php\/wp-json\/wp\/v2\/types\/product"}],"replies":[{"embeddable":true,"href":"https:\/\/modest-napier.216-250-124-103.plesk.page\/index.php\/wp-json\/wp\/v2\/comments?post=5673"}],"wp:featuredmedia":[{"embeddable":true,"href":"https:\/\/modest-napier.216-250-124-103.plesk.page\/index.php\/wp-json\/wp\/v2\/media\/2200"}],"wp:attachment":[{"href":"https:\/\/modest-napier.216-250-124-103.plesk.page\/index.php\/wp-json\/wp\/v2\/media?parent=5673"}],"wp:term":[{"taxonomy":"product_brand","embeddable":true,"href":"https:\/\/modest-napier.216-250-124-103.plesk.page\/index.php\/wp-json\/wp\/v2\/product_brand?post=5673"},{"taxonomy":"product_cat","embeddable":true,"href":"https:\/\/modest-napier.216-250-124-103.plesk.page\/index.php\/wp-json\/wp\/v2\/product_cat?post=5673"},{"taxonomy":"product_tag","embeddable":true,"href":"https:\/\/modest-napier.216-250-124-103.plesk.page\/index.php\/wp-json\/wp\/v2\/product_tag?post=5673"}],"curies":[{"name":"wp","href":"https:\/\/api.w.org\/{rel}","templated":true}]}}