{"id":5679,"date":"2025-09-24T19:40:52","date_gmt":"2025-09-24T19:40:52","guid":{"rendered":"https:\/\/modest-napier.216-250-124-103.plesk.page\/index.php\/producto\/gotas-calcio-coral-10-ml\/"},"modified":"2025-09-24T20:45:09","modified_gmt":"2025-09-24T20:45:09","slug":"gotas-calcio-coral-10-ml","status":"publish","type":"product","link":"https:\/\/modest-napier.216-250-124-103.plesk.page\/index.php\/producto\/gotas-calcio-coral-10-ml\/","title":{"rendered":"Gotas de Calcio de Coral 10 ml"},"content":{"rendered":"<p data-mce-fragment=\"1\"><strong data-mce-fragment=\"1\">Descripci\u00f3n:<\/strong><\/p>\n<p data-mce-fragment=\"1\"><strong data-mce-fragment=\"1\">Auxiliar en:\u00a0<\/strong><\/p>\n<ul>\n<li><span>Cataratas<\/span><\/li>\n<li><span>Nube<\/span><\/li>\n<li><span>Ardor<\/span><\/li>\n<li><span>Miop\u00eda<\/span><\/li>\n<li><span>Comez\u00f3n<\/span><\/li>\n<li><span>Carnosidad<\/span><\/li>\n<li><span>Conjuntivitis<\/span><\/li>\n<li><span>Empa\u00f1amiento<\/span><\/li>\n<\/ul>\n<p data-mce-fragment=\"1\"><strong data-mce-fragment=\"1\">Modo de uso:<\/strong><\/p>\n<p data-mce-fragment=\"1\"><span>2 gotas en cada ojo, 3 veces al d\u00eda.<\/span><\/p>\n<p data-mce-fragment=\"1\"><strong data-mce-fragment=\"1\">Contenido:<\/strong><\/p>\n<p data-mce-fragment=\"1\">10 ML.<\/p>\n","protected":false},"excerpt":{"rendered":"<p>Descripci\u00f3n: Auxiliar en:\u00a0 Cataratas Nube Ardor Miop\u00eda Comez\u00f3n Carnosidad Conjuntivitis Empa\u00f1amiento Modo de uso: 2 gotas en cada ojo, 3 veces al d\u00eda. Contenido: 10 ML.<\/p>\n","protected":false},"featured_media":2206,"comment_status":"open","ping_status":"closed","template":"","meta":[],"product_brand":[352],"product_cat":[301,337,318],"product_tag":[202],"class_list":{"0":"post-5679","1":"product","2":"type-product","3":"status-publish","4":"has-post-thumbnail","6":"product_brand-natuzem","7":"product_cat-gotas-para-los-ojos","8":"product_cat-productos","9":"product_cat-salud","10":"product_tag-calcio-de-coral","12":"first","13":"instock","14":"shipping-taxable","15":"purchasable","16":"product-type-simple"},"_links":{"self":[{"href":"https:\/\/modest-napier.216-250-124-103.plesk.page\/index.php\/wp-json\/wp\/v2\/product\/5679","targetHints":{"allow":["GET"]}}],"collection":[{"href":"https:\/\/modest-napier.216-250-124-103.plesk.page\/index.php\/wp-json\/wp\/v2\/product"}],"about":[{"href":"https:\/\/modest-napier.216-250-124-103.plesk.page\/index.php\/wp-json\/wp\/v2\/types\/product"}],"replies":[{"embeddable":true,"href":"https:\/\/modest-napier.216-250-124-103.plesk.page\/index.php\/wp-json\/wp\/v2\/comments?post=5679"}],"wp:featuredmedia":[{"embeddable":true,"href":"https:\/\/modest-napier.216-250-124-103.plesk.page\/index.php\/wp-json\/wp\/v2\/media\/2206"}],"wp:attachment":[{"href":"https:\/\/modest-napier.216-250-124-103.plesk.page\/index.php\/wp-json\/wp\/v2\/media?parent=5679"}],"wp:term":[{"taxonomy":"product_brand","embeddable":true,"href":"https:\/\/modest-napier.216-250-124-103.plesk.page\/index.php\/wp-json\/wp\/v2\/product_brand?post=5679"},{"taxonomy":"product_cat","embeddable":true,"href":"https:\/\/modest-napier.216-250-124-103.plesk.page\/index.php\/wp-json\/wp\/v2\/product_cat?post=5679"},{"taxonomy":"product_tag","embeddable":true,"href":"https:\/\/modest-napier.216-250-124-103.plesk.page\/index.php\/wp-json\/wp\/v2\/product_tag?post=5679"}],"curies":[{"name":"wp","href":"https:\/\/api.w.org\/{rel}","templated":true}]}}